{"id":47402,"date":"2024-10-08T03:20:46","date_gmt":"2024-10-08T03:20:46","guid":{"rendered":"https:\/\/www.kaysuns.com\/terms-and-conditions\/"},"modified":"2024-10-08T03:20:46","modified_gmt":"2024-10-08T03:20:46","slug":"termos-e-condicoes","status":"publish","type":"page","link":"https:\/\/www.kaysuns.com\/pt\/termos-e-condicoes\/","title":{"rendered":"Termos e condi\u00e7\u00f5es"},"content":{"rendered":"<!-- This legal document was generated by Complianz Terms &amp; Conditions https:\/\/wordpress.org\/plugins\/complianz-terms-conditions -->\n<div id=\"cmplz-document\" class=\"cmplz-document cmplz-terms-conditions\"><p><i>Os termos e condi\u00e7\u00f5es foram atualizados pela \u00faltima vez em 22 de novembro de 2024<\/i><\/p><h2>1. Introdu\u00e7\u00e3o<\/h2><p>Esses termos e condi\u00e7\u00f5es se aplicam a este site e \u00e0s transa\u00e7\u00f5es relacionadas aos nossos produtos e servi\u00e7os. Voc\u00ea pode estar sujeito a contratos adicionais relacionados ao seu relacionamento conosco, ou a quaisquer produtos ou servi\u00e7os que voc\u00ea receba de n\u00f3s. Se alguma cl\u00e1usula dos contratos adicionais entrar em conflito com alguma cl\u00e1usula desses termos, as cl\u00e1usulas dos contratos adicionais ir\u00e3o prevalecer.<\/p><h2>2. Obriga\u00e7\u00f5es<\/h2><p>Ao se cadastrar, acessar ou usar este site, voc\u00ea concorda em se comprometer com os termos e condi\u00e7\u00f5es estabelecidos abaixo. O simples uso deste site implica o conhecimento e a aceita\u00e7\u00e3o desses termos e condi\u00e7\u00f5es. Em alguns casos espec\u00edficos, tamb\u00e9m podemos solicitar que voc\u00ea concorde explicitamente.<\/p><h2>3. Comunica\u00e7\u00e3o eletr\u00f4nica<\/h2><p>Ao usar este site ou se comunicar conosco por meios eletr\u00f4nicos, voc\u00ea concorda e reconhece que podemos nos comunicar com voc\u00ea eletronicamente em nosso site, ou enviando um e-mail para voc\u00ea, e concorda que todos os acordos, notifica\u00e7\u00f5es, divulga\u00e7\u00f5es e outras comunica\u00e7\u00f5es que fornecemos a voc\u00ea eletronicamente satisfazem qualquer exig\u00eancia legal, incluindo, mas n\u00e3o se limitando \u00e0 exig\u00eancia de que tais comunica\u00e7\u00f5es devem ser feitas por escrito.<\/p><h2>4. Propriedade intelectual<\/h2><p>N\u00f3s ou nossos licenciadores detemos e controlamos todos os direitos autorais e outros direitos de propriedade intelectual do site e dos dados, informa\u00e7\u00f5es e outros recursos exibidos ou acess\u00edveis no site.<\/p><p class=\"cmplz-subtitle\">4.1 Todos os direitos reservados<\/p><p>A menos que o conte\u00fado espec\u00edfico determine o contr\u00e1rio, n\u00e3o \u00e9 concedida a voc\u00ea uma licen\u00e7a, nem qualquer outro direito, sob direitos autorais, marcas registradas, patentes ou outros direitos de propriedade intelectual. Isso significa que voc\u00ea n\u00e3o ir\u00e1 usar, copiar, reproduzir, executar, exibir, distribuir, incorporar em qualquer meio eletr\u00f4nico, alterar, fazer engenharia reversa, descompilar, transferir, baixar, transmitir, monetizar, vender, comercializar ou negociar quaisquer recursos deste site de qualquer forma, sem nossa permiss\u00e3o pr\u00e9via por escrito, exceto e apenas na medida em que for estipulado de outra forma em regulamentos de lei obrigat\u00f3ria (como o direito de cita\u00e7\u00e3o).<\/p><h2>5. Boletim informativo<\/h2><p>N\u00e3o obstante o exposto, voc\u00ea pode encaminhar nosso boletim informativo em formato eletr\u00f4nico a outras pessoas que possam ter interesse em acessar nosso site.<\/p><h2>6. Propriedade de terceiros<\/h2><p>Nosso site pode incluir links ou outras refer\u00eancias a sites de terceiros. N\u00e3o monitoramos nem revisamos o conte\u00fado de sites de terceiros que estejam vinculados a este site. Os produtos ou servi\u00e7os oferecidos por outros sites est\u00e3o sujeitos aos termos e condi\u00e7\u00f5es aplic\u00e1veis desses terceiros. As opini\u00f5es expressas ou o material que aparece nesses sites, n\u00e3o s\u00e3o necessariamente compartilhados ou endossados por n\u00f3s.<\/p><p>N\u00e3o seremos respons\u00e1veis por nenhuma pr\u00e1tica de privacidade ou conte\u00fado desses sites. Voc\u00ea assume todos os riscos associados ao uso desses sites e de quaisquer servi\u00e7os de terceiros relacionados. N\u00e3o aceitamos qualquer responsabilidade por perdas ou danos de qualquer natureza, independentemente da causa, resultantes da divulga\u00e7\u00e3o de informa\u00e7\u00f5es pessoais a terceiros.<\/p><h2>7. Uso respons\u00e1vel<\/h2><p>Ao visitar nosso site, voc\u00ea concorda em us\u00e1-lo apenas para os fins previstos e conforme permitido por esses termos, por quaisquer contratos adicionais firmados conosco e pelas leis, regulamentos, pr\u00e1ticas on-line geralmente aceitas e diretrizes do setor aplic\u00e1veis. Voc\u00ea n\u00e3o deve usar nosso site ou nossos servi\u00e7os para usar, publicar ou distribuir qualquer material que consista em (ou esteja vinculado a) software malicioso de computador; usar dados coletados do nosso site, para qualquer atividade de marketing direto, ou conduzir qualquer atividade sistem\u00e1tica ou automatizada de coleta de dados no nosso site ou em rela\u00e7\u00e3o a ele.<\/p><p>\u00c9 estritamente proibido o envolvimento em qualquer atividade que cause ou possa causar danos ao site, ou que interfira no desempenho, na disponibilidade ou na acessibilidade do site.<\/p><h2>8. Pol\u00edtica de reembolso e devolu\u00e7\u00e3o<\/h2><p class=\"cmplz-subtitle\">8.1 Direito de cancelamento<\/p><p>Voc\u00ea tem o direito de cancelar este contrato no prazo de 14 dias, sem apresentar qualquer motivo.<\/p><p>O per\u00edodo de cancelamento ir\u00e1 expirar ap\u00f3s 14 dias, a partir do dia em que voc\u00ea adquirir, ou um terceiro que n\u00e3o seja a transportadora e indicado por voc\u00ea adquirir, a posse f\u00edsica dos bens.<\/p><p>Para exercer o direito de cancelamento, voc\u00ea deve nos informar sobre sua decis\u00e3o de cancelar este contrato mediante uma declara\u00e7\u00e3o inequ\u00edvoca (por exemplo, uma carta enviada por correio, fax ou e-mail). Nossos detalhes de contato podem ser encontrados abaixo. Voc\u00ea pode usar o modelo anexo de <a target=\"_blank\" href=\"https:\/\/www.kaysuns.com\/wp-content\/uploads\/complianz\/withdrawal-forms\/withdrawal-form-pt.pdf\">formul\u00e1rio de cancelamento<\/a>, mas n\u00e3o \u00e9 obrigat\u00f3rio.<\/p><p>Voc\u00ea tamb\u00e9m pode preencher e enviar eletronicamente o formul\u00e1rio de cancelamento do modelo, ou qualquer outra declara\u00e7\u00e3o inequ\u00edvoca, em nosso <a href=\"https:\/\/www.kaysuns.com\/pt\/contact\/\"> local<\/a>.<\/p><p>Se voc\u00ea usar essa op\u00e7\u00e3o, comunicaremos a voc\u00ea uma confirma\u00e7\u00e3o de recebimento de tal cancelamento em um meio dur\u00e1vel (por exemplo, por e-mail) sem demora.<\/p><p>Para cumprir o prazo de cancelamento, basta que voc\u00ea envie a comunica\u00e7\u00e3o referente ao exerc\u00edcio do direito de cancelamento, antes do t\u00e9rmino do per\u00edodo de cancelamento.<\/p><p class=\"cmplz-subtitle\">8.2 Efeitos do cancelamento<\/p><p>Se voc\u00ea cancelar este contrato, iremos reembolsar todos os pagamentos recebidos de voc\u00ea, incluindo os custos de entrega (com exce\u00e7\u00e3o dos custos adicionais resultantes de sua escolha de um tipo de entrega diferente do tipo de entrega padr\u00e3o mais barato oferecido por n\u00f3s), sem atraso indevido e, em qualquer caso, no prazo m\u00e1ximo de 14 dias a partir do dia em que formos informados sobre sua decis\u00e3o de cancelar este contrato. Realizaremos o reembolso usando os mesmos meios de pagamento que voc\u00ea usou na transa\u00e7\u00e3o inicial, a menos que voc\u00ea tenha concordado expressamente de outra forma. Em qualquer caso, voc\u00ea n\u00e3o ter\u00e1 nenhuma taxa como resultado desse reembolso.<\/p><p>Voc\u00ea deve devolver os bens ou entreg\u00e1-los a n\u00f3s ou a uma pessoa autorizada por n\u00f3s a receber os bens, sem atraso indevido e, em qualquer caso, no prazo m\u00e1ximo de 14 dias, a partir do dia em que voc\u00ea nos comunicar seu cancelamento deste contrato. O prazo ser\u00e1 cumprido se voc\u00ea devolver os bens antes do t\u00e9rmino do per\u00edodo de 14 dias.<\/p><p>Podemos reter o reembolso at\u00e9 que tenhamos recebido os bens de volta, ou at\u00e9 que voc\u00ea tenha fornecido provas de que enviou os bens, o que ocorrer primeiro.<\/p><p>Voc\u00ea ter\u00e1 que arcar com o custo direto da devolu\u00e7\u00e3o dos bens.<\/p><p>Voc\u00ea \u00e9 respons\u00e1vel apenas por qualquer redu\u00e7\u00e3o no valor dos bens resultante do manuseio que n\u00e3o seja o necess\u00e1rio para estabelecer a natureza, as caracter\u00edsticas e o funcionamento dos bens.<\/p><p>Observe que existem algumas exce\u00e7\u00f5es legais ao direito de cancelamento e, portanto, alguns itens n\u00e3o podem ser devolvidos ou trocados.  Informaremos a voc\u00ea se isso se aplica ao seu caso espec\u00edfico.<\/p><h2>9. Envio de ideias<\/h2><p>N\u00e3o envie ideias, inven\u00e7\u00f5es, obras de autoria ou outras informa\u00e7\u00f5es que possam ser consideradas como sua pr\u00f3pria propriedade intelectual e que gostaria de apresentar a n\u00f3s, a menos que tenhamos assinado um contrato referente \u00e0 propriedade intelectual, ou um contrato de n\u00e3o divulga\u00e7\u00e3o. Se voc\u00ea nos divulgar o conte\u00fado, sem esse acordo por escrito, voc\u00ea nos concede uma licen\u00e7a mundial, irrevog\u00e1vel, n\u00e3o exclusiva e isenta de royalties para usar, reproduzir, armazenar, adaptar, publicar, traduzir e distribuir seu conte\u00fado em qualquer m\u00eddia existente ou futura.<\/p><h2>10. Cessa\u00e7\u00e3o do uso<\/h2><p>Poderemos, a nosso exclusivo crit\u00e9rio, a qualquer momento, modificar ou interromper o acesso, tempor\u00e1rio ou permanente, ao site ou a qualquer servi\u00e7o nele contido. Voc\u00ea concorda que n\u00e3o seremos respons\u00e1veis perante voc\u00ea ou qualquer terceiro por qualquer modifica\u00e7\u00e3o, suspens\u00e3o ou interrup\u00e7\u00e3o do seu acesso ou uso do site, ou de qualquer conte\u00fado que voc\u00ea possa ter compartilhado no site. Voc\u00ea n\u00e3o ter\u00e1 direito a nenhuma compensa\u00e7\u00e3o ou outro pagamento, mesmo que determinados recursos, configura\u00e7\u00f5es e\/ou qualquer conte\u00fado com o qual voc\u00ea tenha contribu\u00eddo ou no qual tenha confiado, sejam permanentemente perdidos. Voc\u00ea n\u00e3o deve contornar ou desviar, ou tentar contornar ou desviar, quaisquer medidas de restri\u00e7\u00e3o de acesso ao nosso site.<\/p><h2>11. Garantias e responsabilidade<\/h2><p>Nada nesta se\u00e7\u00e3o ir\u00e1 limitar ou excluir qualquer garantia impl\u00edcita por lei, que seria ilegal limitar ou excluir. Este site e todo o conte\u00fado do site s\u00e3o fornecidos \u201cno estado em que se encontram\u201d e \u201cconforme dispon\u00edveis\u201d e podem incluir imprecis\u00f5es ou erros tipogr\u00e1ficos. N\u00f3s nos isentamos expressamente de todas as garantias de qualquer tipo, expressas ou impl\u00edcitas, quanto \u00e0 disponibilidade, precis\u00e3o ou integridade do conte\u00fado. N\u00e3o garantimos que:<\/p><p><ul>\n\t\t\t\t<li>este site ou nossos produtos ou servi\u00e7os ir\u00e3o atender \u00e0s suas necessidades;<\/li>\n\t\t\t\t<li>este site estar\u00e1 dispon\u00edvel de forma ininterrupta, oportuna, segura ou livre de erros;<\/li>\n\t\t\t\t<li>a qualidade de qualquer produto ou servi\u00e7o comprado ou adquirido por voc\u00ea por meio deste site ir\u00e1 atender \u00e0s suas expectativas.<\/li>\n\t\t\t<\/ul><\/p><p>Nada neste site constitui ou tem a inten\u00e7\u00e3o de constituir consultoria jur\u00eddica, financeira ou m\u00e9dica de qualquer tipo. Se voc\u00ea precisar de consultoria, deve consultar um profissional adequado.<\/p><p>As cl\u00e1usulas a seguir desta se\u00e7\u00e3o ser\u00e3o aplicadas na extens\u00e3o m\u00e1xima permitida pela lei aplic\u00e1vel e n\u00e3o limitar\u00e3o ou excluir\u00e3o nossa responsabilidade em rela\u00e7\u00e3o a qualquer assunto que seria ilegal ou il\u00edcito, limitaremos ou excluiremos nossa responsabilidade. Em nenhuma hip\u00f3tese seremos respons\u00e1veis por quaisquer danos diretos ou indiretos (incluindo quaisquer danos por perda de lucros ou receita, perda ou corrup\u00e7\u00e3o de dados, software ou banco de dados, ou perda ou dano \u00e0 propriedade ou aos dados) sofridos por voc\u00ea ou por terceiros, decorrentes do seu acesso ou uso do nosso site.<\/p><p>Exceto na medida em que qualquer contrato adicional estabele\u00e7a expressamente o contr\u00e1rio, nossa responsabilidade m\u00e1xima perante voc\u00ea por todos os danos decorrentes ou relacionados ao site ou a quaisquer produtos e servi\u00e7os comercializados ou vendidos pelo site, independentemente da forma de a\u00e7\u00e3o legal que imponha a responsabilidade (seja em contrato, equidade, neglig\u00eancia, conduta intencional, ato il\u00edcito ou de outra forma) ser\u00e1 limitada a 1. Esse limite ser\u00e1 aplicado em conjunto a todas as suas reivindica\u00e7\u00f5es, a\u00e7\u00f5es e causas de a\u00e7\u00e3o de todo tipo e natureza.<\/p><h2>12. Privacidade<\/h2><p>Para acessar nosso site e\/ou servi\u00e7os, talvez seja necess\u00e1rio fornecer determinadas informa\u00e7\u00f5es sobre voc\u00ea como parte do processo de cadastro. Voc\u00ea concorda que todas as informa\u00e7\u00f5es que fornecer ser\u00e3o sempre precisas, corretas e atualizadas.<\/p><p>Levamos seus dados pessoais a s\u00e9rio, e temos o compromisso de proteger sua privacidade. N\u00e3o usaremos seu endere\u00e7o de e-mail para correspond\u00eancia n\u00e3o solicitada. Quaisquer e-mails enviados por n\u00f3s a voc\u00ea ser\u00e3o apenas relacionados ao fornecimento de produtos ou servi\u00e7os acordados.<\/p><h2>13. Acessibilidade<\/h2><p>Temos o compromisso de tornar o conte\u00fado que fornecemos acess\u00edvel a pessoas com defici\u00eancias. Se voc\u00ea for portador de defici\u00eancia e n\u00e3o conseguir acessar qualquer parte do nosso site devido \u00e0 sua defici\u00eancia, pedimos que nos envie uma notifica\u00e7\u00e3o, incluindo uma descri\u00e7\u00e3o detalhada do problema encontrado. Se o problema for prontamente identific\u00e1vel e solucion\u00e1vel de acordo com as ferramentas e t\u00e9cnicas de tecnologia da informa\u00e7\u00e3o padr\u00e3o do setor, n\u00f3s o solucionaremos prontamente.<\/p><h2>14. Restri\u00e7\u00f5es \u00e0 exporta\u00e7\u00e3o\/conformidade legal<\/h2><p>\u00c9 proibido o acesso ao site a partir de territ\u00f3rios ou pa\u00edses onde o conte\u00fado ou a compra dos produtos ou servi\u00e7os vendidos no site seja ilegal. Voc\u00ea n\u00e3o pode usar este site em viola\u00e7\u00e3o das leis e regulamentos de exporta\u00e7\u00e3o dos Estados Unidos.<\/p><h2>15. Cess\u00e3o<\/h2><p>Voc\u00ea n\u00e3o pode ceder, transferir ou subcontratar nenhum dos seus direitos e\/ou obriga\u00e7\u00f5es sob esses termos e condi\u00e7\u00f5es, no todo ou em parte, a qualquer terceiro sem o nosso consentimento pr\u00e9vio por escrito. Qualquer suposta cess\u00e3o que viole esta se\u00e7\u00e3o ser\u00e1 nula e sem efeito.<\/p><h2>16. Viola\u00e7\u00f5es desses termos e condi\u00e7\u00f5es<\/h2><p>Sem preju\u00edzo de nossos outros direitos previstos nestes termos e condi\u00e7\u00f5es, se voc\u00ea violar esses termos e condi\u00e7\u00f5es de alguma forma, podemos tomar as medidas que considerarmos adequadas para lidar com a viola\u00e7\u00e3o, inclusive suspender tempor\u00e1ria ou permanentemente seu acesso ao site, entrar em contato com seu provedor de servi\u00e7os de internet para solicitar que ele bloqueie seu acesso ao site e\/ou iniciar uma a\u00e7\u00e3o legal contra voc\u00ea.<\/p><h2>17. For\u00e7a maior<\/h2><p>Exceto pelas obriga\u00e7\u00f5es de pagamento previstas neste documento, nenhum atraso, falha ou omiss\u00e3o por parte de qualquer das partes no cumprimento ou observ\u00e2ncia de qualquer das suas obriga\u00e7\u00f5es previstas neste documento ser\u00e1 considerado uma viola\u00e7\u00e3o desses termos e condi\u00e7\u00f5es, se e enquanto tal atraso, falha ou omiss\u00e3o decorrer de qualquer causa fora do controle razo\u00e1vel dessa parte.<\/p><h2>18. Indeniza\u00e7\u00e3o<\/h2><p>Voc\u00ea concorda em indenizar, defender e isentar de responsabilidade contra todas e quaisquer reivindica\u00e7\u00f5es, responsabilidades, danos, perdas e despesas relacionadas \u00e0 sua viola\u00e7\u00e3o desses termos e condi\u00e7\u00f5es e das leis aplic\u00e1veis, incluindo direitos de propriedade intelectual e direitos de privacidade. Voc\u00ea ir\u00e1 nos reembolsar prontamente pelos nossos danos, perdas, custos e despesas relacionados ou decorrentes de tais reivindica\u00e7\u00f5es.<\/p><h2>19. Ren\u00fancia<\/h2><p>A n\u00e3o aplica\u00e7\u00e3o de qualquer das cl\u00e1usulas estabelecidas nestes termos e condi\u00e7\u00f5es e em qualquer acordo, ou a n\u00e3o execu\u00e7\u00e3o de qualquer op\u00e7\u00e3o de rescis\u00e3o, n\u00e3o ser\u00e1 interpretada como ren\u00fancia a tais cl\u00e1usulas e n\u00e3o ir\u00e1 afetar a validade desses termos e condi\u00e7\u00f5es ou de qualquer acordo ou parte dos mesmos, nem o direito de, posteriormente, aplicar cada uma das cl\u00e1usulas.<\/p><h2>20. Idioma<\/h2><p>Esses termos e condi\u00e7\u00f5es ser\u00e3o interpretados e aplicados exclusivamente em franc\u00eas. Todas as notifica\u00e7\u00f5es e correspond\u00eancias ser\u00e3o redigidas exclusivamente nesse idioma.<\/p><h2>21. Acordo integral<\/h2><p>Esses termos e condi\u00e7\u00f5es constituem o acordo integral entre voc\u00ea e a Kaysuns Industry Ltd. em rela\u00e7\u00e3o ao uso deste site.<\/p><h2>22. Atualiza\u00e7\u00e3o desses termos e condi\u00e7\u00f5es<\/h2><p>Podemos atualizar esses termos e condi\u00e7\u00f5es periodicamente. \u00c9 sua obriga\u00e7\u00e3o verificar periodicamente esses termos e condi\u00e7\u00f5es em busca de altera\u00e7\u00f5es ou atualiza\u00e7\u00f5es. Os dados indicados no in\u00edcio desses termos e condi\u00e7\u00f5es s\u00e3o os dados da revis\u00e3o mais recente. As altera\u00e7\u00f5es a esses termos e condi\u00e7\u00f5es entrar\u00e3o em vigor assim que forem publicadas neste site. O uso continuado desse site ap\u00f3s a publica\u00e7\u00e3o de altera\u00e7\u00f5es ou atualiza\u00e7\u00f5es ser\u00e1 considerado como notifica\u00e7\u00e3o de sua aceita\u00e7\u00e3o em cumprir e estar vinculado a esses termos e condi\u00e7\u00f5es.<\/p><h2>23. Escolha da lei e jurisdi\u00e7\u00e3o aplic\u00e1veis<\/h2><p>Esses termos e condi\u00e7\u00f5es ser\u00e3o regidos pelas leis dos Estados Unidos. Quaisquer disputas relacionadas com esses termos e condi\u00e7\u00f5es est\u00e3o sujeitas \u00e0 jurisdi\u00e7\u00e3o dos tribunais dos Estados Unidos. Se qualquer parte ou cl\u00e1usula desses termos e condi\u00e7\u00f5es for considerada inv\u00e1lida e\/ou n\u00e3o aplic\u00e1vel por um tribunal ou outra autoridade ao abrigo da legisla\u00e7\u00e3o aplic\u00e1vel, tal parte ou cl\u00e1usula ser\u00e1 modificada, exclu\u00edda e\/ou aplicada na medida do poss\u00edvel, de modo a dar efeito \u00e0 inten\u00e7\u00e3o desses termos e condi\u00e7\u00f5es. As demais cl\u00e1usulas n\u00e3o ser\u00e3o afetadas.<\/p><h2>24. Informa\u00e7\u00f5es de contato<\/h2><p>Este site \u00e9 de propriedade e operado pela Kaysuns Industry Ltd.<\/p><p>Voc\u00ea pode falar conosco sobre esses termos e condi\u00e7\u00f5es atrav\u00e9s da nossa p\u00e1gina <a href=\"https:\/\/www.kaysuns.com\/pt\/contact\/\">contato<\/a>.<\/p><h2>25. Baixar<\/h2><p>Voc\u00ea tamb\u00e9m pode <a href=\"https:\/\/www.kaysuns.com\/wp-content\/plugins\/complianz-terms-conditions\/download.php\">baixar<\/a> nossos termos e condi\u00e7\u00f5es como um PDF.<\/p><\/div>","protected":false},"excerpt":{"rendered":"","protected":false},"author":1,"featured_media":0,"parent":0,"menu_order":0,"comment_status":"closed","ping_status":"closed","template":"","meta":{"neve_meta_sidebar":"","neve_meta_container":"","neve_meta_enable_content_width":"","neve_meta_content_width":0,"neve_meta_title_alignment":"","neve_meta_author_avatar":"","neve_post_elements_order":"","neve_meta_disable_header":"","neve_meta_disable_footer":"","neve_meta_disable_title":"","neve_meta_reading_time":"","_ti_tpc_template_sync":false,"_ti_tpc_template_id":"","footnotes":""},"class_list":["post-47402","page","type-page","status-publish","hentry"],"yoast_head":"<!-- This site is optimized with the Yoast SEO plugin v26.6 - https:\/\/yoast.com\/wordpress\/plugins\/seo\/ -->\n<title>Terms and Conditions - Stainless Steel Pipe and Fittings | KAYSUNS<\/title>\n<meta name=\"robots\" content=\"index, follow, max-snippet:-1, max-image-preview:large, max-video-preview:-1\" \/>\n<link rel=\"canonical\" href=\"https:\/\/www.kaysuns.com\/pt\/termos-e-condicoes\/\" \/>\n<meta property=\"og:locale\" content=\"pt_BR\" \/>\n<meta property=\"og:type\" content=\"article\" \/>\n<meta property=\"og:title\" content=\"Terms and Conditions - Stainless Steel Pipe and Fittings | KAYSUNS\" \/>\n<meta property=\"og:url\" content=\"https:\/\/www.kaysuns.com\/pt\/termos-e-condicoes\/\" \/>\n<meta property=\"og:site_name\" content=\"Stainless Steel Pipe and Fittings | KAYSUNS\" \/>\n<meta name=\"twitter:card\" content=\"summary_large_image\" \/>\n<script type=\"application\/ld+json\" class=\"yoast-schema-graph\">{\"@context\":\"https:\/\/schema.org\",\"@graph\":[{\"@type\":\"WebPage\",\"@id\":\"https:\/\/www.kaysuns.com\/terms-and-conditions\/\",\"url\":\"https:\/\/www.kaysuns.com\/terms-and-conditions\/\",\"name\":\"Terms and Conditions - Stainless Steel Pipe and Fittings | KAYSUNS\",\"isPartOf\":{\"@id\":\"https:\/\/www.kaysuns.com\/#website\"},\"datePublished\":\"2024-10-08T03:20:46+00:00\",\"breadcrumb\":{\"@id\":\"https:\/\/www.kaysuns.com\/terms-and-conditions\/#breadcrumb\"},\"inLanguage\":\"pt-BR\",\"potentialAction\":[{\"@type\":\"ReadAction\",\"target\":[\"https:\/\/www.kaysuns.com\/terms-and-conditions\/\"]}]},{\"@type\":\"BreadcrumbList\",\"@id\":\"https:\/\/www.kaysuns.com\/terms-and-conditions\/#breadcrumb\",\"itemListElement\":[{\"@type\":\"ListItem\",\"position\":1,\"name\":\"Home\",\"item\":\"https:\/\/www.kaysuns.com\/\"},{\"@type\":\"ListItem\",\"position\":2,\"name\":\"Terms and Conditions\"}]},{\"@type\":\"WebSite\",\"@id\":\"https:\/\/www.kaysuns.com\/#website\",\"url\":\"https:\/\/www.kaysuns.com\/\",\"name\":\"Stainless Steel Pipe and Fittings | KAYSUNS\",\"description\":\"Stainless Steel Pipe &amp; Fittings Manufacturer and Supplier in China\",\"publisher\":{\"@id\":\"https:\/\/www.kaysuns.com\/#organization\"},\"alternateName\":\"KAYSUNS\",\"potentialAction\":[{\"@type\":\"SearchAction\",\"target\":{\"@type\":\"EntryPoint\",\"urlTemplate\":\"https:\/\/www.kaysuns.com\/?s={search_term_string}\"},\"query-input\":{\"@type\":\"PropertyValueSpecification\",\"valueRequired\":true,\"valueName\":\"search_term_string\"}}],\"inLanguage\":\"pt-BR\"},{\"@type\":\"Organization\",\"@id\":\"https:\/\/www.kaysuns.com\/#organization\",\"name\":\"Kaysuns Industry Ltd.\",\"url\":\"https:\/\/www.kaysuns.com\/\",\"logo\":{\"@type\":\"ImageObject\",\"inLanguage\":\"pt-BR\",\"@id\":\"https:\/\/www.kaysuns.com\/#\/schema\/logo\/image\/\",\"url\":\"https:\/\/www.kaysuns.com\/wp-content\/uploads\/2019\/12\/cropped-neve-industrial-logo-1.png\",\"contentUrl\":\"https:\/\/www.kaysuns.com\/wp-content\/uploads\/2019\/12\/cropped-neve-industrial-logo-1.png\",\"width\":52,\"height\":59,\"caption\":\"Kaysuns Industry Ltd.\"},\"image\":{\"@id\":\"https:\/\/www.kaysuns.com\/#\/schema\/logo\/image\/\"}}]}<\/script>\n<!-- \/ Yoast SEO plugin. -->","yoast_head_json":{"title":"Termos e Condi\u00e7\u00f5es - Tubos e Conex\u00f5es de A\u00e7o Inoxid\u00e1vel | KAYSUNS","robots":{"index":"index","follow":"follow","max-snippet":"max-snippet:-1","max-image-preview":"max-image-preview:large","max-video-preview":"max-video-preview:-1"},"canonical":"https:\/\/www.kaysuns.com\/pt\/termos-e-condicoes\/","og_locale":"pt_BR","og_type":"article","og_title":"Terms and Conditions - Stainless Steel Pipe and Fittings | KAYSUNS","og_url":"https:\/\/www.kaysuns.com\/pt\/termos-e-condicoes\/","og_site_name":"Stainless Steel Pipe and Fittings | KAYSUNS","twitter_card":"summary_large_image","schema":{"@context":"https:\/\/schema.org","@graph":[{"@type":"WebPage","@id":"https:\/\/www.kaysuns.com\/terms-and-conditions\/","url":"https:\/\/www.kaysuns.com\/terms-and-conditions\/","name":"Termos e Condi\u00e7\u00f5es - Tubos e Conex\u00f5es de A\u00e7o Inoxid\u00e1vel | KAYSUNS","isPartOf":{"@id":"https:\/\/www.kaysuns.com\/#website"},"datePublished":"2024-10-08T03:20:46+00:00","breadcrumb":{"@id":"https:\/\/www.kaysuns.com\/terms-and-conditions\/#breadcrumb"},"inLanguage":"pt-BR","potentialAction":[{"@type":"ReadAction","target":["https:\/\/www.kaysuns.com\/terms-and-conditions\/"]}]},{"@type":"BreadcrumbList","@id":"https:\/\/www.kaysuns.com\/terms-and-conditions\/#breadcrumb","itemListElement":[{"@type":"ListItem","position":1,"name":"Home","item":"https:\/\/www.kaysuns.com\/"},{"@type":"ListItem","position":2,"name":"Terms and Conditions"}]},{"@type":"WebSite","@id":"https:\/\/www.kaysuns.com\/#website","url":"https:\/\/www.kaysuns.com\/","name":"Tubos e Conex\u00f5es de A\u00e7o Inoxid\u00e1vel | KAYSUNS","description":"Fabricante e fornecedor de tubos e conex\u00f5es de a\u00e7o inoxid\u00e1vel na China","publisher":{"@id":"https:\/\/www.kaysuns.com\/#organization"},"alternateName":"KAYSUNS","potentialAction":[{"@type":"SearchAction","target":{"@type":"EntryPoint","urlTemplate":"https:\/\/www.kaysuns.com\/?s={search_term_string}"},"query-input":{"@type":"PropertyValueSpecification","valueRequired":true,"valueName":"search_term_string"}}],"inLanguage":"pt-BR"},{"@type":"Organization","@id":"https:\/\/www.kaysuns.com\/#organization","name":"Ind\u00fastria Kaysuns Ltda.","url":"https:\/\/www.kaysuns.com\/","logo":{"@type":"ImageObject","inLanguage":"pt-BR","@id":"https:\/\/www.kaysuns.com\/#\/schema\/logo\/image\/","url":"https:\/\/www.kaysuns.com\/wp-content\/uploads\/2019\/12\/cropped-neve-industrial-logo-1.png","contentUrl":"https:\/\/www.kaysuns.com\/wp-content\/uploads\/2019\/12\/cropped-neve-industrial-logo-1.png","width":52,"height":59,"caption":"Kaysuns Industry Ltd."},"image":{"@id":"https:\/\/www.kaysuns.com\/#\/schema\/logo\/image\/"}}]}},"_links":{"self":[{"href":"https:\/\/www.kaysuns.com\/pt\/wp-json\/wp\/v2\/pages\/47402","targetHints":{"allow":["GET"]}}],"collection":[{"href":"https:\/\/www.kaysuns.com\/pt\/wp-json\/wp\/v2\/pages"}],"about":[{"href":"https:\/\/www.kaysuns.com\/pt\/wp-json\/wp\/v2\/types\/page"}],"author":[{"embeddable":true,"href":"https:\/\/www.kaysuns.com\/pt\/wp-json\/wp\/v2\/users\/1"}],"replies":[{"embeddable":true,"href":"https:\/\/www.kaysuns.com\/pt\/wp-json\/wp\/v2\/comments?post=47402"}],"version-history":[{"count":0,"href":"https:\/\/www.kaysuns.com\/pt\/wp-json\/wp\/v2\/pages\/47402\/revisions"}],"wp:attachment":[{"href":"https:\/\/www.kaysuns.com\/pt\/wp-json\/wp\/v2\/media?parent=47402"}],"curies":[{"name":"wp","href":"https:\/\/api.w.org\/{rel}","templated":true}]}}