{"id":413,"date":"2012-05-23T08:42:07","date_gmt":"2012-05-23T08:42:07","guid":{"rendered":"http:\/\/192.168.9.29\/Development\/TB\/?page_id=413"},"modified":"2024-05-09T09:03:42","modified_gmt":"2024-05-09T09:03:42","slug":"o-que-fazemos","status":"publish","type":"page","link":"https:\/\/www.kaysuns.com\/pt\/servicos\/o-que-fazemos\/","title":{"rendered":"O que fazemos"},"content":{"rendered":"<div data-elementor-type=\"wp-page\" data-elementor-id=\"413\" class=\"elementor elementor-413\" data-elementor-post-type=\"page\">\n\t\t\t\t\t\t<section class=\"elementor-section elementor-top-section elementor-element elementor-element-1439521b elementor-section-boxed elementor-section-height-default elementor-section-height-default\" data-id=\"1439521b\" data-element_type=\"section\">\n\t\t\t\t\t\t<div class=\"elementor-container elementor-column-gap-default\">\n\t\t\t\t\t<div class=\"elementor-column elementor-col-100 elementor-top-column elementor-element elementor-element-294080aa\" data-id=\"294080aa\" data-element_type=\"column\">\n\t\t\t<div class=\"elementor-widget-wrap elementor-element-populated\">\n\t\t\t\t\t\t<div class=\"elementor-element elementor-element-46c63781 elementor-widget elementor-widget-text-editor\" data-id=\"46c63781\" data-element_type=\"widget\" data-widget_type=\"text-editor.default\">\n\t\t\t\t<div class=\"elementor-widget-container\">\n\t\t\t\t\t\t\t\t\t<h1><\/h1>\r\n<h1 style=\"text-align: center;\">O que fazemos<\/h1>\r\nA KAYSUNS oferece um pacote de solu\u00e7\u00f5es para materiais de tubula\u00e7\u00e3o, como tubos, conex\u00f5es, flanges, v\u00e1lvulas em a\u00e7o inoxid\u00e1vel, a\u00e7o duplex e a\u00e7o-liga, etc. Somos fortes em tubos de a\u00e7o inoxid\u00e1vel sem costura de grande di\u00e2metro, cotovelos e t\u00eas, sendo que o maior di\u00e2metro do tubo pode ser de at\u00e9 72\u2033.\r\n\r\nTamb\u00e9m oferecemos fabrica\u00e7\u00e3o personalizada, tubula\u00e7\u00e3o pr\u00e9-fabricada, como tubo flangeado, cotovelo flangeado etc., e processo de revestimento de ligas especiais, como Inconel 625, Hastelloy C276 etc. Todos os nossos materiais est\u00e3o dispon\u00edveis para inspe\u00e7\u00e3o por terceiros da Lloyd's, BV, SGS, Intertek, ABS, TUV etc.\r\n\r\n&nbsp;\r\n<h2 style=\"text-align: center;\">FORNECIMENTO DO PACOTE COMPLETO A PARTIR DA SEGUINTE LISTA<\/h2>\r\n<table class=\"table table-bordered table-hover\" border=\"1\" cellspacing=\"0\" cellpadding=\"0\" align=\"center\">\r\n<tbody>\r\n<tr>\r\n<td>FITTINGS<\/td>\r\n<td colspan=\"2\" align=\"center\"><strong>Soldagem topo a topo <\/strong>\r\n\r\nCotovelos\r\n\r\nRedutores\r\n\r\nT\u00eas\r\n\r\nCruzetas\r\n\r\nBon\u00e9s\r\n\r\nExtremidades de ponta de junta sobreposta\r\n\r\nDobrar tubos\r\n\r\nBicos<\/td>\r\n<td align=\"center\"><strong>Forjado(SW &amp; Roscado)<\/strong>\r\n\r\nCotovelos\r\n\r\nRedutores\r\n\r\nT\u00eas\r\n\r\nBuchas\r\n\r\nSoquetes\r\n\r\nUni\u00f5es\r\n\r\nAcoplamentos\r\n\r\nBocal de engate\r\n\r\nSa\u00edda de ramifica\u00e7\u00e3o<\/td>\r\n<\/tr>\r\n<tr>\r\n<td>FLANGES<\/td>\r\n<td align=\"center\"><strong>FLANGES GERAIS<\/strong>\r\n\r\nPesco\u00e7o de solda\r\n\r\nDeslizamento\r\n\r\nRosqueado\r\n\r\nSolda de soquete\r\n\r\nCego\r\n\r\nTipo API<\/td>\r\n<td align=\"center\"><strong>FLANGAS DE PLACAS<\/strong>\r\n\r\nEspet\u00e1culo (Figura 8)\r\n\r\nEspada\r\n\r\nP\u00e1\r\n\r\nEspa\u00e7ador\r\n\r\nAnel de gotejamento<\/td>\r\n<td align=\"center\"><strong>FLANGES ESPECIAIS<\/strong>\r\n\r\nFlanges girat\u00f3rios\r\n\r\nFlanges de ancoragem\r\n\r\nNipoflanges\r\n\r\nProjeto personalizado<\/td>\r\n<\/tr>\r\n<tr>\r\n<td>PIPE<\/td>\r\n<td colspan=\"3\" align=\"center\">Sem costura e com solda\r\n\r\nTubo em U para trocador de calor\r\n\r\nEspessura de parede pesada\r\n\r\nEspessura de parede fina de tubos sem costura de grande di\u00e2metro\r\n\r\nA\u00e7o inoxid\u00e1vel duplex\r\n\r\nLiga especial<\/td>\r\n<\/tr>\r\n<tr>\r\n<td>VALVES<\/td>\r\n<td colspan=\"3\" align=\"center\">Esfera \/ Port\u00e3o \/ Globo \/ Reten\u00e7\u00e3o \/ Plugue \/ Borboleta etc.\r\n\r\nProjeto especial\r\n\r\nEm a\u00e7o inoxid\u00e1vel, duplex, liga e tit\u00e2nio, etc.<\/td>\r\n<\/tr>\r\n<tr>\r\n<td>GASKETS<\/td>\r\n<td colspan=\"3\" align=\"center\">Materiais ex\u00f3ticos e especiais\r\n\r\nFabricados de acordo com desenhos\r\n\r\nPequenas quantidades\r\n\r\nVariedade de tipos<\/td>\r\n<\/tr>\r\n<tr>\r\n<td>FASTENERS<\/td>\r\n<td colspan=\"3\" align=\"center\">Em ligas especiais, a\u00e7o duplex\r\n\r\nDimens\u00f5es sob medida<\/td>\r\n<\/tr>\r\n<\/tbody>\r\n<\/table>\t\t\t\t\t\t\t\t<\/div>\n\t\t\t\t<\/div>\n\t\t\t\t\t<\/div>\n\t\t<\/div>\n\t\t\t\t\t<\/div>\n\t\t<\/section>\n\t\t\t\t<\/div>","protected":false},"excerpt":{"rendered":"<p>O que fazemos KAYSUNS fornece uma solu\u00e7\u00e3o em pacote para materiais de tubula\u00e7\u00e3o como tubos, conex\u00f5es, flanges, v\u00e1lvulas em a\u00e7o inoxid\u00e1vel, a\u00e7o duplex e a\u00e7o-liga, etc. Somos resistentes em tubos de a\u00e7o inoxid\u00e1vel sem costura de grande di\u00e2metro, cotovelos, t\u00eas, o maior di\u00e2metro de tubo pode ser de at\u00e9 72\u2033. Tamb\u00e9m oferecemos fabrica\u00e7\u00e3o personalizada, tubula\u00e7\u00f5es pr\u00e9-fabricadas.&nbsp;<a href=\"https:\/\/www.kaysuns.com\/pt\/servicos\/o-que-fazemos\/\" rel=\"bookmark\">Leia mais \"<span class=\"screen-reader-text\">O que fazemos<\/span><\/a><\/p>","protected":false},"author":1,"featured_media":0,"parent":7,"menu_order":1,"comment_status":"closed","ping_status":"closed","template":"elementor_header_footer","meta":{"neve_meta_sidebar":"","neve_meta_container":"","neve_meta_enable_content_width":"","neve_meta_content_width":0,"neve_meta_title_alignment":"","neve_meta_author_avatar":"","neve_post_elements_order":"","neve_meta_disable_header":"","neve_meta_disable_footer":"","neve_meta_disable_title":"","neve_meta_reading_time":"","_ti_tpc_template_sync":false,"_ti_tpc_template_id":"","footnotes":""},"class_list":["post-413","page","type-page","status-publish","hentry"],"yoast_head":"<!-- This site is optimized with the Yoast SEO plugin v26.6 - https:\/\/yoast.com\/wordpress\/plugins\/seo\/ -->\n<title>What We Do - Stainless Steel Pipe and Fittings | KAYSUNS<\/title>\n<meta name=\"description\" content=\"KAYSUNS provides a package solutions for piping materials such pipes, fittings, flanges, valves in stainless steel, duplex steel and alloy steel etc.\" \/>\n<meta name=\"robots\" content=\"index, follow, max-snippet:-1, max-image-preview:large, max-video-preview:-1\" \/>\n<link rel=\"canonical\" href=\"https:\/\/www.kaysuns.com\/pt\/servicos\/o-que-fazemos\/\" \/>\n<meta property=\"og:locale\" content=\"pt_BR\" \/>\n<meta property=\"og:type\" content=\"article\" \/>\n<meta property=\"og:title\" content=\"What We Do - Stainless Steel Pipe and Fittings | KAYSUNS\" \/>\n<meta property=\"og:description\" content=\"KAYSUNS provides a package solutions for piping materials such pipes, fittings, flanges, valves in stainless steel, duplex steel and alloy steel etc.\" \/>\n<meta property=\"og:url\" content=\"https:\/\/www.kaysuns.com\/pt\/servicos\/o-que-fazemos\/\" \/>\n<meta property=\"og:site_name\" content=\"Stainless Steel Pipe and Fittings | KAYSUNS\" \/>\n<meta property=\"article:modified_time\" content=\"2024-05-09T09:03:42+00:00\" \/>\n<meta name=\"twitter:card\" content=\"summary_large_image\" \/>\n<meta name=\"twitter:label1\" content=\"Est. tempo de leitura\" \/>\n\t<meta name=\"twitter:data1\" content=\"1 minuto\" \/>\n<script type=\"application\/ld+json\" class=\"yoast-schema-graph\">{\"@context\":\"https:\/\/schema.org\",\"@graph\":[{\"@type\":\"WebPage\",\"@id\":\"https:\/\/www.kaysuns.com\/services\/what-we-do\/\",\"url\":\"https:\/\/www.kaysuns.com\/services\/what-we-do\/\",\"name\":\"What We Do - Stainless Steel Pipe and Fittings | KAYSUNS\",\"isPartOf\":{\"@id\":\"https:\/\/www.kaysuns.com\/#website\"},\"datePublished\":\"2012-05-23T08:42:07+00:00\",\"dateModified\":\"2024-05-09T09:03:42+00:00\",\"description\":\"KAYSUNS provides a package solutions for piping materials such pipes, fittings, flanges, valves in stainless steel, duplex steel and alloy steel etc.\",\"breadcrumb\":{\"@id\":\"https:\/\/www.kaysuns.com\/services\/what-we-do\/#breadcrumb\"},\"inLanguage\":\"pt-BR\",\"potentialAction\":[{\"@type\":\"ReadAction\",\"target\":[\"https:\/\/www.kaysuns.com\/services\/what-we-do\/\"]}]},{\"@type\":\"BreadcrumbList\",\"@id\":\"https:\/\/www.kaysuns.com\/services\/what-we-do\/#breadcrumb\",\"itemListElement\":[{\"@type\":\"ListItem\",\"position\":1,\"name\":\"Home\",\"item\":\"https:\/\/www.kaysuns.com\/\"},{\"@type\":\"ListItem\",\"position\":2,\"name\":\"Services\",\"item\":\"https:\/\/www.kaysuns.com\/services\/\"},{\"@type\":\"ListItem\",\"position\":3,\"name\":\"What We Do\"}]},{\"@type\":\"WebSite\",\"@id\":\"https:\/\/www.kaysuns.com\/#website\",\"url\":\"https:\/\/www.kaysuns.com\/\",\"name\":\"Stainless Steel Pipe and Fittings | KAYSUNS\",\"description\":\"Stainless Steel Pipe &amp; Fittings Manufacturer and Supplier in China\",\"publisher\":{\"@id\":\"https:\/\/www.kaysuns.com\/#organization\"},\"alternateName\":\"KAYSUNS\",\"potentialAction\":[{\"@type\":\"SearchAction\",\"target\":{\"@type\":\"EntryPoint\",\"urlTemplate\":\"https:\/\/www.kaysuns.com\/?s={search_term_string}\"},\"query-input\":{\"@type\":\"PropertyValueSpecification\",\"valueRequired\":true,\"valueName\":\"search_term_string\"}}],\"inLanguage\":\"pt-BR\"},{\"@type\":\"Organization\",\"@id\":\"https:\/\/www.kaysuns.com\/#organization\",\"name\":\"Kaysuns Industry Ltd.\",\"url\":\"https:\/\/www.kaysuns.com\/\",\"logo\":{\"@type\":\"ImageObject\",\"inLanguage\":\"pt-BR\",\"@id\":\"https:\/\/www.kaysuns.com\/#\/schema\/logo\/image\/\",\"url\":\"https:\/\/www.kaysuns.com\/wp-content\/uploads\/2019\/12\/cropped-neve-industrial-logo-1.png\",\"contentUrl\":\"https:\/\/www.kaysuns.com\/wp-content\/uploads\/2019\/12\/cropped-neve-industrial-logo-1.png\",\"width\":52,\"height\":59,\"caption\":\"Kaysuns Industry Ltd.\"},\"image\":{\"@id\":\"https:\/\/www.kaysuns.com\/#\/schema\/logo\/image\/\"}}]}<\/script>\n<!-- \/ Yoast SEO plugin. -->","yoast_head_json":{"title":"O que fazemos - Tubos e Conex\u00f5es de A\u00e7o Inoxid\u00e1vel | KAYSUNS","description":"O KAYSUNS fornece uma solu\u00e7\u00e3o em pacote para materiais de tubula\u00e7\u00e3o como tubos, conex\u00f5es, flanges, v\u00e1lvulas em a\u00e7o inoxid\u00e1vel, a\u00e7o duplex e a\u00e7o-liga, etc.","robots":{"index":"index","follow":"follow","max-snippet":"max-snippet:-1","max-image-preview":"max-image-preview:large","max-video-preview":"max-video-preview:-1"},"canonical":"https:\/\/www.kaysuns.com\/pt\/servicos\/o-que-fazemos\/","og_locale":"pt_BR","og_type":"article","og_title":"What We Do - Stainless Steel Pipe and Fittings | KAYSUNS","og_description":"KAYSUNS provides a package solutions for piping materials such pipes, fittings, flanges, valves in stainless steel, duplex steel and alloy steel etc.","og_url":"https:\/\/www.kaysuns.com\/pt\/servicos\/o-que-fazemos\/","og_site_name":"Stainless Steel Pipe and Fittings | KAYSUNS","article_modified_time":"2024-05-09T09:03:42+00:00","twitter_card":"summary_large_image","twitter_misc":{"Est. tempo de leitura":"1 minuto"},"schema":{"@context":"https:\/\/schema.org","@graph":[{"@type":"WebPage","@id":"https:\/\/www.kaysuns.com\/services\/what-we-do\/","url":"https:\/\/www.kaysuns.com\/services\/what-we-do\/","name":"O que fazemos - Tubos e Conex\u00f5es de A\u00e7o Inoxid\u00e1vel | KAYSUNS","isPartOf":{"@id":"https:\/\/www.kaysuns.com\/#website"},"datePublished":"2012-05-23T08:42:07+00:00","dateModified":"2024-05-09T09:03:42+00:00","description":"O KAYSUNS fornece uma solu\u00e7\u00e3o em pacote para materiais de tubula\u00e7\u00e3o como tubos, conex\u00f5es, flanges, v\u00e1lvulas em a\u00e7o inoxid\u00e1vel, a\u00e7o duplex e a\u00e7o-liga, etc.","breadcrumb":{"@id":"https:\/\/www.kaysuns.com\/services\/what-we-do\/#breadcrumb"},"inLanguage":"pt-BR","potentialAction":[{"@type":"ReadAction","target":["https:\/\/www.kaysuns.com\/services\/what-we-do\/"]}]},{"@type":"BreadcrumbList","@id":"https:\/\/www.kaysuns.com\/services\/what-we-do\/#breadcrumb","itemListElement":[{"@type":"ListItem","position":1,"name":"Home","item":"https:\/\/www.kaysuns.com\/"},{"@type":"ListItem","position":2,"name":"Services","item":"https:\/\/www.kaysuns.com\/services\/"},{"@type":"ListItem","position":3,"name":"What We Do"}]},{"@type":"WebSite","@id":"https:\/\/www.kaysuns.com\/#website","url":"https:\/\/www.kaysuns.com\/","name":"Tubos e Conex\u00f5es de A\u00e7o Inoxid\u00e1vel | KAYSUNS","description":"Fabricante e fornecedor de tubos e conex\u00f5es de a\u00e7o inoxid\u00e1vel na China","publisher":{"@id":"https:\/\/www.kaysuns.com\/#organization"},"alternateName":"KAYSUNS","potentialAction":[{"@type":"SearchAction","target":{"@type":"EntryPoint","urlTemplate":"https:\/\/www.kaysuns.com\/?s={search_term_string}"},"query-input":{"@type":"PropertyValueSpecification","valueRequired":true,"valueName":"search_term_string"}}],"inLanguage":"pt-BR"},{"@type":"Organization","@id":"https:\/\/www.kaysuns.com\/#organization","name":"Ind\u00fastria Kaysuns Ltda.","url":"https:\/\/www.kaysuns.com\/","logo":{"@type":"ImageObject","inLanguage":"pt-BR","@id":"https:\/\/www.kaysuns.com\/#\/schema\/logo\/image\/","url":"https:\/\/www.kaysuns.com\/wp-content\/uploads\/2019\/12\/cropped-neve-industrial-logo-1.png","contentUrl":"https:\/\/www.kaysuns.com\/wp-content\/uploads\/2019\/12\/cropped-neve-industrial-logo-1.png","width":52,"height":59,"caption":"Kaysuns Industry Ltd."},"image":{"@id":"https:\/\/www.kaysuns.com\/#\/schema\/logo\/image\/"}}]}},"_links":{"self":[{"href":"https:\/\/www.kaysuns.com\/pt\/wp-json\/wp\/v2\/pages\/413","targetHints":{"allow":["GET"]}}],"collection":[{"href":"https:\/\/www.kaysuns.com\/pt\/wp-json\/wp\/v2\/pages"}],"about":[{"href":"https:\/\/www.kaysuns.com\/pt\/wp-json\/wp\/v2\/types\/page"}],"author":[{"embeddable":true,"href":"https:\/\/www.kaysuns.com\/pt\/wp-json\/wp\/v2\/users\/1"}],"replies":[{"embeddable":true,"href":"https:\/\/www.kaysuns.com\/pt\/wp-json\/wp\/v2\/comments?post=413"}],"version-history":[{"count":5,"href":"https:\/\/www.kaysuns.com\/pt\/wp-json\/wp\/v2\/pages\/413\/revisions"}],"predecessor-version":[{"id":53367,"href":"https:\/\/www.kaysuns.com\/pt\/wp-json\/wp\/v2\/pages\/413\/revisions\/53367"}],"up":[{"embeddable":true,"href":"https:\/\/www.kaysuns.com\/pt\/wp-json\/wp\/v2\/pages\/7"}],"wp:attachment":[{"href":"https:\/\/www.kaysuns.com\/pt\/wp-json\/wp\/v2\/media?parent=413"}],"curies":[{"name":"wp","href":"https:\/\/api.w.org\/{rel}","templated":true}]}}