{"id":2917,"date":"2016-05-12T05:22:11","date_gmt":"2016-05-12T05:22:11","guid":{"rendered":"http:\/\/www.kaysuns.com\/?page_id=2917"},"modified":"2024-09-30T07:36:58","modified_gmt":"2024-09-30T07:36:58","slug":"sobre-a-kaysuns","status":"publish","type":"page","link":"https:\/\/www.kaysuns.com\/pt\/sobre-a-kaysuns\/","title":{"rendered":"Sobre n\u00f3s"},"content":{"rendered":"<div data-elementor-type=\"wp-page\" data-elementor-id=\"2917\" class=\"elementor elementor-2917\" data-elementor-post-type=\"page\">\n\t\t\t\t\t\t<section class=\"elementor-section elementor-top-section elementor-element elementor-element-20b84a2 elementor-section-boxed elementor-section-height-default elementor-section-height-default\" data-id=\"20b84a2\" data-element_type=\"section\">\n\t\t\t\t\t\t<div class=\"elementor-container elementor-column-gap-default\">\n\t\t\t\t\t<div class=\"elementor-column elementor-col-100 elementor-top-column elementor-element elementor-element-f039b33\" data-id=\"f039b33\" data-element_type=\"column\">\n\t\t\t<div class=\"elementor-widget-wrap elementor-element-populated\">\n\t\t\t\t\t\t<div class=\"elementor-element elementor-element-2f5a291 elementor-widget elementor-widget-heading\" data-id=\"2f5a291\" data-element_type=\"widget\" data-widget_type=\"heading.default\">\n\t\t\t\t<div class=\"elementor-widget-container\">\n\t\t\t\t\t<h2 class=\"elementor-heading-title elementor-size-default\">Sobre o KAYSUNS<\/h2>\t\t\t\t<\/div>\n\t\t\t\t<\/div>\n\t\t\t\t<div class=\"elementor-element elementor-element-8b89279 elementor-widget elementor-widget-text-editor\" data-id=\"8b89279\" data-element_type=\"widget\" data-widget_type=\"text-editor.default\">\n\t\t\t\t<div class=\"elementor-widget-container\">\n\t\t\t\t\t\t\t\t\t<p><strong>Kaysuns<\/strong> \u00e9 um fabricante e fornecedor profissional especializado em tubos e acess\u00f3rios de a\u00e7o inoxid\u00e1vel e a\u00e7o duplex. Sediados na China, temos sempre um bom dom\u00ednio das tend\u00eancias do mercado local e internacional e, portanto, estamos prontos para fornecer produtos dos mais recentes materiais. Atualmente, nossos produtos s\u00e3o caracterizados n\u00e3o apenas em a\u00e7o inoxid\u00e1vel e a\u00e7o duplex, mas tamb\u00e9m em liga \u00e0 base de n\u00edquel, liga de tit\u00e2nio, liga de cobre e outros materiais novos.<\/p>\t\t\t\t\t\t\t\t<\/div>\n\t\t\t\t<\/div>\n\t\t\t\t<div class=\"elementor-element elementor-element-4203f6d elementor-widget elementor-widget-text-editor\" data-id=\"4203f6d\" data-element_type=\"widget\" data-widget_type=\"text-editor.default\">\n\t\t\t\t<div class=\"elementor-widget-container\">\n\t\t\t\t\t\t\t\t\t<p>A empresa se dedica a fornecer o servi\u00e7o de pacotes de solu\u00e7\u00f5es industriais da China continental. O produto com o qual lidamos inclui tubos de a\u00e7o inoxid\u00e1vel, conex\u00f5es para tubos, flanges, v\u00e1lvulas, fixadores, gaxetas, etc., tamb\u00e9m produtos e projetos personalizados de acordo com as necessidades e requisitos espec\u00edficos do cliente. ASME\/ANSI,ASTM,EN\/DIN,GB,JIS,ISO,BS etc, nossos materiais s\u00e3o sempre fabricados e entregues de acordo com as normas internacionais.<\/p><p>Crescer juntos com nossos clientes \u00e9 nosso orgulho. Ser uma fonte one-stop-shop pode reduzir o custo da opera\u00e7\u00e3o e melhorar a efici\u00eancia do trabalho para nossos clientes, depois manter a concorr\u00eancia e ampliar bem os neg\u00f3cios no mercado.<\/p><p>Um parceiro confi\u00e1vel \u00e9 a chave para o sucesso de um projeto, especialmente se voc\u00ea quiser fazer algo com a China. Qualidade confi\u00e1vel, custo razo\u00e1vel, entrega pontual e bom servi\u00e7o, o KAYSUNS \u00e9 a melhor escolha para sua vis\u00e3o global!<\/p>\t\t\t\t\t\t\t\t<\/div>\n\t\t\t\t<\/div>\n\t\t\t\t\t<\/div>\n\t\t<\/div>\n\t\t\t\t\t<\/div>\n\t\t<\/section>\n\t\t\t\t<section class=\"elementor-section elementor-top-section elementor-element elementor-element-e94c01d elementor-section-boxed elementor-section-height-default elementor-section-height-default\" data-id=\"e94c01d\" data-element_type=\"section\">\n\t\t\t\t\t\t<div class=\"elementor-container elementor-column-gap-default\">\n\t\t\t\t\t<div class=\"elementor-column elementor-col-100 elementor-top-column elementor-element elementor-element-e390f6a\" data-id=\"e390f6a\" data-element_type=\"column\">\n\t\t\t<div class=\"elementor-widget-wrap elementor-element-populated\">\n\t\t\t\t\t\t<div class=\"elementor-element elementor-element-a07abbc elementor-widget elementor-widget-heading\" data-id=\"a07abbc\" data-element_type=\"widget\" data-widget_type=\"heading.default\">\n\t\t\t\t<div class=\"elementor-widget-container\">\n\t\t\t\t\t<h2 class=\"elementor-heading-title elementor-size-default\">Nossos produtos de for\u00e7a<span style=\"font-size: var(--h2fontsize);font-weight: var(--h2fontweight);background-color: var(--nv-site-bg);color: var(--nv-text-color)\">:<\/span><span style=\"font-family: var(--headingsfontfamily),var(--nv-fallback-ff);font-size: var(--h2fontsize);font-weight: var(--h2fontweight);letter-spacing: var(--h2letterspacing);text-transform: var(--h2texttransform);background-color: var(--nv-site-bg);color: var(--nv-text-color)\"><\/span><br><\/h2>\t\t\t\t<\/div>\n\t\t\t\t<\/div>\n\t\t\t\t<div class=\"elementor-element elementor-element-03365c9 elementor-widget elementor-widget-text-editor\" data-id=\"03365c9\" data-element_type=\"widget\" data-widget_type=\"text-editor.default\">\n\t\t\t\t<div class=\"elementor-widget-container\">\n\t\t\t\t\t\t\t\t\t<ul><li>O fornecimento do pacote inclui tubos de a\u00e7o inoxid\u00e1vel sem costura, tubos de precis\u00e3o, conex\u00f5es para tubos de solda de topo, conex\u00f5es forjadas, flanges de a\u00e7o, v\u00e1lvulas industriais, juntas e parafusos etc.<\/li><li>Uma de nossas principais for\u00e7as \u00e9 fabricar e fornecer grandes di\u00e2metros <a href=\"https:\/\/www.kaysuns.com\/pt\/\" target=\"_blank\">tubos de a\u00e7o inoxid\u00e1vel sem costura<\/a>incluem espessura de parede fina e espessura de parede pesada <a href=\"https:\/\/www.kaysuns.com\/pt\/\" target=\"_blank\">tubo de a\u00e7o duplex sem costura<\/a>tais como o tamanho de 24\"* SCH20, 36\"* SCHXXS etc.<\/li><li>Nossa outra for\u00e7a chave \u00e9 a grande espessura do cotovelo de parede pesada e os encaixes do tee sem costura. Nossa m\u00e1quina formadora de 5000tons nos permite fazer conex\u00f5es pesadas de tubos sem costura com boa qualidade e alto desempenho.<\/li><li>N\u00e3o fornecemos apenas tubos e conex\u00f5es em materiais inoxid\u00e1veis e de liga, mas tamb\u00e9m fornecemos os produtos e servi\u00e7os de fabrica\u00e7\u00e3o personalizada, soldagem por sobreposi\u00e7\u00e3o para tubula\u00e7\u00f5es, pr\u00e9-fabricados de tubos flangeados e cotovelos flangeados, etc.<\/li><li>V\u00e1rios graus de material de a\u00e7o inoxid\u00e1vel 310S, 347H, 317L, 904L, 254SMO, Duplex 2205, Super Duplex 2507, liga de cobre-n\u00edquel C71500, C70600, Monel 400, Inconel 600, 625, Hastelloy C276, liga de tit\u00e2nio etc.<\/li><\/ul>\t\t\t\t\t\t\t\t<\/div>\n\t\t\t\t<\/div>\n\t\t\t\t<div class=\"elementor-element elementor-element-92a5458 elementor-widget-divider--view-line elementor-widget elementor-widget-divider\" data-id=\"92a5458\" data-element_type=\"widget\" data-widget_type=\"divider.default\">\n\t\t\t\t<div class=\"elementor-widget-container\">\n\t\t\t\t\t\t\t<div class=\"elementor-divider\">\n\t\t\t<span class=\"elementor-divider-separator\">\n\t\t\t\t\t\t<\/span>\n\t\t<\/div>\n\t\t\t\t\t\t<\/div>\n\t\t\t\t<\/div>\n\t\t\t\t<div class=\"elementor-element elementor-element-f5be605 elementor-widget elementor-widget-text-editor\" data-id=\"f5be605\" data-element_type=\"widget\" data-widget_type=\"text-editor.default\">\n\t\t\t\t<div class=\"elementor-widget-container\">\n\t\t\t\t\t\t\t\t\t<p>Para mais informa\u00e7\u00f5es sobre Kaysuns e nossos produtos, por favor, sinta-se \u00e0 vontade para <a href=\"mailto:sales@kaysuns.com\" target=\"_blank\">entre em contato conosco<\/a>.<\/p>\t\t\t\t\t\t\t\t<\/div>\n\t\t\t\t<\/div>\n\t\t\t\t\t<\/div>\n\t\t<\/div>\n\t\t\t\t\t<\/div>\n\t\t<\/section>\n\t\t\t\t<\/div>","protected":false},"excerpt":{"rendered":"<p>Cerca de KAYSUNS Kaysuns \u00e9 um fabricante e fornecedor profissional especializado em tubos e acess\u00f3rios de a\u00e7o inoxid\u00e1vel e a\u00e7o duplex. Sediada na China, temos sempre um bom dom\u00ednio das tend\u00eancias do mercado local e internacional e, portanto, estamos prontos para fornecer produtos dos mais recentes materiais. Atualmente, nossos produtos s\u00e3o caracterizados n\u00e3o apenas em...&nbsp;<a href=\"https:\/\/www.kaysuns.com\/pt\/sobre-a-kaysuns\/\" rel=\"bookmark\">Leia mais \"<span class=\"screen-reader-text\">Sobre n\u00f3s<\/span><\/a><\/p>","protected":false},"author":1,"featured_media":0,"parent":0,"menu_order":0,"comment_status":"closed","ping_status":"closed","template":"elementor_header_footer","meta":{"neve_meta_sidebar":"","neve_meta_container":"","neve_meta_enable_content_width":"","neve_meta_content_width":0,"neve_meta_title_alignment":"","neve_meta_author_avatar":"","neve_post_elements_order":"","neve_meta_disable_header":"","neve_meta_disable_footer":"","neve_meta_disable_title":"","neve_meta_reading_time":"","_ti_tpc_template_sync":false,"_ti_tpc_template_id":"","footnotes":""},"class_list":["post-2917","page","type-page","status-publish","hentry"],"yoast_head":"<!-- This site is optimized with the Yoast SEO plugin v26.6 - https:\/\/yoast.com\/wordpress\/plugins\/seo\/ -->\n<title>About Kaysuns Ltd. | Stainless Steel Pipe and Fittings | KAYSUNS<\/title>\n<meta name=\"description\" content=\"Kaysuns is a professional manufacturer and supplier for stainless steel and duplex steel pipes, buttweld fittings, flanegs, valves etc. in China.\" \/>\n<meta name=\"robots\" content=\"index, follow, max-snippet:-1, max-image-preview:large, max-video-preview:-1\" \/>\n<link rel=\"canonical\" href=\"https:\/\/www.kaysuns.com\/pt\/sobre-a-kaysuns\/\" \/>\n<meta property=\"og:locale\" content=\"pt_BR\" \/>\n<meta property=\"og:type\" content=\"article\" \/>\n<meta property=\"og:title\" content=\"About Kaysuns Ltd. | Stainless Steel Pipe and Fittings | KAYSUNS\" \/>\n<meta property=\"og:description\" content=\"Kaysuns is a professional manufacturer and supplier for stainless steel and duplex steel pipes, buttweld fittings, flanegs, valves etc. in China.\" \/>\n<meta property=\"og:url\" content=\"https:\/\/www.kaysuns.com\/pt\/sobre-a-kaysuns\/\" \/>\n<meta property=\"og:site_name\" content=\"Stainless Steel Pipe and Fittings | KAYSUNS\" \/>\n<meta property=\"article:modified_time\" content=\"2024-09-30T07:36:58+00:00\" \/>\n<meta name=\"twitter:card\" content=\"summary_large_image\" \/>\n<meta name=\"twitter:label1\" content=\"Est. tempo de leitura\" \/>\n\t<meta name=\"twitter:data1\" content=\"2 minutos\" \/>\n<script type=\"application\/ld+json\" class=\"yoast-schema-graph\">{\"@context\":\"https:\/\/schema.org\",\"@graph\":[{\"@type\":\"WebPage\",\"@id\":\"https:\/\/www.kaysuns.com\/about-kaysuns\/\",\"url\":\"https:\/\/www.kaysuns.com\/about-kaysuns\/\",\"name\":\"About Kaysuns Ltd. | Stainless Steel Pipe and Fittings | KAYSUNS\",\"isPartOf\":{\"@id\":\"https:\/\/www.kaysuns.com\/#website\"},\"datePublished\":\"2016-05-12T05:22:11+00:00\",\"dateModified\":\"2024-09-30T07:36:58+00:00\",\"description\":\"Kaysuns is a professional manufacturer and supplier for stainless steel and duplex steel pipes, buttweld fittings, flanegs, valves etc. in China.\",\"breadcrumb\":{\"@id\":\"https:\/\/www.kaysuns.com\/about-kaysuns\/#breadcrumb\"},\"inLanguage\":\"pt-BR\",\"potentialAction\":[{\"@type\":\"ReadAction\",\"target\":[\"https:\/\/www.kaysuns.com\/about-kaysuns\/\"]}]},{\"@type\":\"BreadcrumbList\",\"@id\":\"https:\/\/www.kaysuns.com\/about-kaysuns\/#breadcrumb\",\"itemListElement\":[{\"@type\":\"ListItem\",\"position\":1,\"name\":\"Home\",\"item\":\"https:\/\/www.kaysuns.com\/\"},{\"@type\":\"ListItem\",\"position\":2,\"name\":\"About Us\"}]},{\"@type\":\"WebSite\",\"@id\":\"https:\/\/www.kaysuns.com\/#website\",\"url\":\"https:\/\/www.kaysuns.com\/\",\"name\":\"Stainless Steel Pipe and Fittings | KAYSUNS\",\"description\":\"Stainless Steel Pipe &amp; Fittings Manufacturer and Supplier in China\",\"publisher\":{\"@id\":\"https:\/\/www.kaysuns.com\/#organization\"},\"alternateName\":\"KAYSUNS\",\"potentialAction\":[{\"@type\":\"SearchAction\",\"target\":{\"@type\":\"EntryPoint\",\"urlTemplate\":\"https:\/\/www.kaysuns.com\/?s={search_term_string}\"},\"query-input\":{\"@type\":\"PropertyValueSpecification\",\"valueRequired\":true,\"valueName\":\"search_term_string\"}}],\"inLanguage\":\"pt-BR\"},{\"@type\":\"Organization\",\"@id\":\"https:\/\/www.kaysuns.com\/#organization\",\"name\":\"Kaysuns Industry Ltd.\",\"url\":\"https:\/\/www.kaysuns.com\/\",\"logo\":{\"@type\":\"ImageObject\",\"inLanguage\":\"pt-BR\",\"@id\":\"https:\/\/www.kaysuns.com\/#\/schema\/logo\/image\/\",\"url\":\"https:\/\/www.kaysuns.com\/wp-content\/uploads\/2019\/12\/cropped-neve-industrial-logo-1.png\",\"contentUrl\":\"https:\/\/www.kaysuns.com\/wp-content\/uploads\/2019\/12\/cropped-neve-industrial-logo-1.png\",\"width\":52,\"height\":59,\"caption\":\"Kaysuns Industry Ltd.\"},\"image\":{\"@id\":\"https:\/\/www.kaysuns.com\/#\/schema\/logo\/image\/\"}}]}<\/script>\n<!-- \/ Yoast SEO plugin. -->","yoast_head_json":{"title":"Sobre a Kaysuns Ltd. | Tubos e Conex\u00f5es de A\u00e7o Inoxid\u00e1vel | KAYSUNS","description":"A Kaysuns \u00e9 um fabricante e fornecedor profissional de tubos de a\u00e7o inoxid\u00e1vel e a\u00e7o duplex, conex\u00f5es de solda de topo, flanegs, v\u00e1lvulas, etc. na China.","robots":{"index":"index","follow":"follow","max-snippet":"max-snippet:-1","max-image-preview":"max-image-preview:large","max-video-preview":"max-video-preview:-1"},"canonical":"https:\/\/www.kaysuns.com\/pt\/sobre-a-kaysuns\/","og_locale":"pt_BR","og_type":"article","og_title":"About Kaysuns Ltd. | Stainless Steel Pipe and Fittings | KAYSUNS","og_description":"Kaysuns is a professional manufacturer and supplier for stainless steel and duplex steel pipes, buttweld fittings, flanegs, valves etc. in China.","og_url":"https:\/\/www.kaysuns.com\/pt\/sobre-a-kaysuns\/","og_site_name":"Stainless Steel Pipe and Fittings | KAYSUNS","article_modified_time":"2024-09-30T07:36:58+00:00","twitter_card":"summary_large_image","twitter_misc":{"Est. tempo de leitura":"2 minutos"},"schema":{"@context":"https:\/\/schema.org","@graph":[{"@type":"WebPage","@id":"https:\/\/www.kaysuns.com\/about-kaysuns\/","url":"https:\/\/www.kaysuns.com\/about-kaysuns\/","name":"Sobre a Kaysuns Ltd. | Tubos e Conex\u00f5es de A\u00e7o Inoxid\u00e1vel | KAYSUNS","isPartOf":{"@id":"https:\/\/www.kaysuns.com\/#website"},"datePublished":"2016-05-12T05:22:11+00:00","dateModified":"2024-09-30T07:36:58+00:00","description":"A Kaysuns \u00e9 um fabricante e fornecedor profissional de tubos de a\u00e7o inoxid\u00e1vel e a\u00e7o duplex, conex\u00f5es de solda de topo, flanegs, v\u00e1lvulas, etc. na China.","breadcrumb":{"@id":"https:\/\/www.kaysuns.com\/about-kaysuns\/#breadcrumb"},"inLanguage":"pt-BR","potentialAction":[{"@type":"ReadAction","target":["https:\/\/www.kaysuns.com\/about-kaysuns\/"]}]},{"@type":"BreadcrumbList","@id":"https:\/\/www.kaysuns.com\/about-kaysuns\/#breadcrumb","itemListElement":[{"@type":"ListItem","position":1,"name":"Home","item":"https:\/\/www.kaysuns.com\/"},{"@type":"ListItem","position":2,"name":"About Us"}]},{"@type":"WebSite","@id":"https:\/\/www.kaysuns.com\/#website","url":"https:\/\/www.kaysuns.com\/","name":"Tubos e Conex\u00f5es de A\u00e7o Inoxid\u00e1vel | KAYSUNS","description":"Fabricante e fornecedor de tubos e conex\u00f5es de a\u00e7o inoxid\u00e1vel na China","publisher":{"@id":"https:\/\/www.kaysuns.com\/#organization"},"alternateName":"KAYSUNS","potentialAction":[{"@type":"SearchAction","target":{"@type":"EntryPoint","urlTemplate":"https:\/\/www.kaysuns.com\/?s={search_term_string}"},"query-input":{"@type":"PropertyValueSpecification","valueRequired":true,"valueName":"search_term_string"}}],"inLanguage":"pt-BR"},{"@type":"Organization","@id":"https:\/\/www.kaysuns.com\/#organization","name":"Ind\u00fastria Kaysuns Ltda.","url":"https:\/\/www.kaysuns.com\/","logo":{"@type":"ImageObject","inLanguage":"pt-BR","@id":"https:\/\/www.kaysuns.com\/#\/schema\/logo\/image\/","url":"https:\/\/www.kaysuns.com\/wp-content\/uploads\/2019\/12\/cropped-neve-industrial-logo-1.png","contentUrl":"https:\/\/www.kaysuns.com\/wp-content\/uploads\/2019\/12\/cropped-neve-industrial-logo-1.png","width":52,"height":59,"caption":"Kaysuns Industry Ltd."},"image":{"@id":"https:\/\/www.kaysuns.com\/#\/schema\/logo\/image\/"}}]}},"_links":{"self":[{"href":"https:\/\/www.kaysuns.com\/pt\/wp-json\/wp\/v2\/pages\/2917","targetHints":{"allow":["GET"]}}],"collection":[{"href":"https:\/\/www.kaysuns.com\/pt\/wp-json\/wp\/v2\/pages"}],"about":[{"href":"https:\/\/www.kaysuns.com\/pt\/wp-json\/wp\/v2\/types\/page"}],"author":[{"embeddable":true,"href":"https:\/\/www.kaysuns.com\/pt\/wp-json\/wp\/v2\/users\/1"}],"replies":[{"embeddable":true,"href":"https:\/\/www.kaysuns.com\/pt\/wp-json\/wp\/v2\/comments?post=2917"}],"version-history":[{"count":8,"href":"https:\/\/www.kaysuns.com\/pt\/wp-json\/wp\/v2\/pages\/2917\/revisions"}],"predecessor-version":[{"id":53364,"href":"https:\/\/www.kaysuns.com\/pt\/wp-json\/wp\/v2\/pages\/2917\/revisions\/53364"}],"wp:attachment":[{"href":"https:\/\/www.kaysuns.com\/pt\/wp-json\/wp\/v2\/media?parent=2917"}],"curies":[{"name":"wp","href":"https:\/\/api.w.org\/{rel}","templated":true}]}}