{"id":2390,"date":"2015-12-14T02:54:03","date_gmt":"2015-12-14T02:54:03","guid":{"rendered":"http:\/\/www.kaysuns.com\/?page_id=2390"},"modified":"2022-04-03T03:33:17","modified_gmt":"2022-04-03T03:33:17","slug":"noticias","status":"publish","type":"page","link":"https:\/\/www.kaysuns.com\/pt\/noticias\/","title":{"rendered":"Not\u00edcias"},"content":{"rendered":"<p style=\"text-align: left;\">[recent_posts num=\"300\u2033 post_format=\"standard\" meta=\"false\" thumb=\"true\" excerpt_count=\"60\u2033 type=\"testi\"]<\/p>","protected":false},"excerpt":{"rendered":"<p>[recent_posts num=\"300\u2033 post_format=\"standard\" meta=\"false\" thumb=\"true\" excerpt_count=\"60\u2033 type=\"testi\"]<\/p>","protected":false},"author":1,"featured_media":0,"parent":0,"menu_order":0,"comment_status":"closed","ping_status":"closed","template":"","meta":{"neve_meta_sidebar":"","neve_meta_container":"","neve_meta_enable_content_width":"","neve_meta_content_width":0,"neve_meta_title_alignment":"","neve_meta_author_avatar":"","neve_post_elements_order":"","neve_meta_disable_header":"","neve_meta_disable_footer":"","neve_meta_disable_title":"","neve_meta_reading_time":"","_ti_tpc_template_sync":false,"_ti_tpc_template_id":"","footnotes":""},"class_list":["post-2390","page","type-page","status-publish","hentry"],"yoast_head":"<!-- This site is optimized with the Yoast SEO plugin v26.6 - https:\/\/yoast.com\/wordpress\/plugins\/seo\/ -->\n<title>News - Stainless Steel Pipe and Fittings | KAYSUNS<\/title>\n<meta name=\"robots\" content=\"index, follow, max-snippet:-1, max-image-preview:large, max-video-preview:-1\" \/>\n<link rel=\"canonical\" href=\"https:\/\/www.kaysuns.com\/pt\/noticias\/\" \/>\n<meta property=\"og:locale\" content=\"pt_BR\" \/>\n<meta property=\"og:type\" content=\"article\" \/>\n<meta property=\"og:title\" content=\"News - Stainless Steel Pipe and Fittings | KAYSUNS\" \/>\n<meta property=\"og:description\" content=\"[recent_posts num=&#8221;300&#8243; post_format=&#8221;standard&#8221; meta=&#8221;false&#8221; thumb=&#8221;true&#8221; excerpt_count=&#8221;60&#8243; type=&#8221;testi&#8221;]\" \/>\n<meta property=\"og:url\" content=\"https:\/\/www.kaysuns.com\/pt\/noticias\/\" \/>\n<meta property=\"og:site_name\" content=\"Stainless Steel Pipe and Fittings | KAYSUNS\" \/>\n<meta property=\"article:modified_time\" content=\"2022-04-03T03:33:17+00:00\" \/>\n<meta name=\"twitter:card\" content=\"summary_large_image\" \/>\n<meta name=\"twitter:label1\" content=\"Est. tempo de leitura\" \/>\n\t<meta name=\"twitter:data1\" content=\"1 minuto\" \/>\n<script type=\"application\/ld+json\" class=\"yoast-schema-graph\">{\"@context\":\"https:\/\/schema.org\",\"@graph\":[{\"@type\":\"WebPage\",\"@id\":\"https:\/\/www.kaysuns.com\/news\/\",\"url\":\"https:\/\/www.kaysuns.com\/news\/\",\"name\":\"News - Stainless Steel Pipe and Fittings | KAYSUNS\",\"isPartOf\":{\"@id\":\"https:\/\/www.kaysuns.com\/#website\"},\"datePublished\":\"2015-12-14T02:54:03+00:00\",\"dateModified\":\"2022-04-03T03:33:17+00:00\",\"breadcrumb\":{\"@id\":\"https:\/\/www.kaysuns.com\/news\/#breadcrumb\"},\"inLanguage\":\"pt-BR\",\"potentialAction\":[{\"@type\":\"ReadAction\",\"target\":[\"https:\/\/www.kaysuns.com\/news\/\"]}]},{\"@type\":\"BreadcrumbList\",\"@id\":\"https:\/\/www.kaysuns.com\/news\/#breadcrumb\",\"itemListElement\":[{\"@type\":\"ListItem\",\"position\":1,\"name\":\"Home\",\"item\":\"https:\/\/www.kaysuns.com\/\"},{\"@type\":\"ListItem\",\"position\":2,\"name\":\"News\"}]},{\"@type\":\"WebSite\",\"@id\":\"https:\/\/www.kaysuns.com\/#website\",\"url\":\"https:\/\/www.kaysuns.com\/\",\"name\":\"Stainless Steel Pipe and Fittings | KAYSUNS\",\"description\":\"Stainless Steel Pipe &amp; Fittings Manufacturer and Supplier in China\",\"publisher\":{\"@id\":\"https:\/\/www.kaysuns.com\/#organization\"},\"alternateName\":\"KAYSUNS\",\"potentialAction\":[{\"@type\":\"SearchAction\",\"target\":{\"@type\":\"EntryPoint\",\"urlTemplate\":\"https:\/\/www.kaysuns.com\/?s={search_term_string}\"},\"query-input\":{\"@type\":\"PropertyValueSpecification\",\"valueRequired\":true,\"valueName\":\"search_term_string\"}}],\"inLanguage\":\"pt-BR\"},{\"@type\":\"Organization\",\"@id\":\"https:\/\/www.kaysuns.com\/#organization\",\"name\":\"Kaysuns Industry Ltd.\",\"url\":\"https:\/\/www.kaysuns.com\/\",\"logo\":{\"@type\":\"ImageObject\",\"inLanguage\":\"pt-BR\",\"@id\":\"https:\/\/www.kaysuns.com\/#\/schema\/logo\/image\/\",\"url\":\"https:\/\/www.kaysuns.com\/wp-content\/uploads\/2019\/12\/cropped-neve-industrial-logo-1.png\",\"contentUrl\":\"https:\/\/www.kaysuns.com\/wp-content\/uploads\/2019\/12\/cropped-neve-industrial-logo-1.png\",\"width\":52,\"height\":59,\"caption\":\"Kaysuns Industry Ltd.\"},\"image\":{\"@id\":\"https:\/\/www.kaysuns.com\/#\/schema\/logo\/image\/\"}}]}<\/script>\n<!-- \/ Yoast SEO plugin. -->","yoast_head_json":{"title":"Not\u00edcias - Tubos e Conex\u00f5es de A\u00e7o Inoxid\u00e1vel | KAYSUNS","robots":{"index":"index","follow":"follow","max-snippet":"max-snippet:-1","max-image-preview":"max-image-preview:large","max-video-preview":"max-video-preview:-1"},"canonical":"https:\/\/www.kaysuns.com\/pt\/noticias\/","og_locale":"pt_BR","og_type":"article","og_title":"News - Stainless Steel Pipe and Fittings | KAYSUNS","og_description":"[recent_posts num=&#8221;300&#8243; post_format=&#8221;standard&#8221; meta=&#8221;false&#8221; thumb=&#8221;true&#8221; excerpt_count=&#8221;60&#8243; type=&#8221;testi&#8221;]","og_url":"https:\/\/www.kaysuns.com\/pt\/noticias\/","og_site_name":"Stainless Steel Pipe and Fittings | KAYSUNS","article_modified_time":"2022-04-03T03:33:17+00:00","twitter_card":"summary_large_image","twitter_misc":{"Est. tempo de leitura":"1 minuto"},"schema":{"@context":"https:\/\/schema.org","@graph":[{"@type":"WebPage","@id":"https:\/\/www.kaysuns.com\/news\/","url":"https:\/\/www.kaysuns.com\/news\/","name":"Not\u00edcias - Tubos e Conex\u00f5es de A\u00e7o Inoxid\u00e1vel | KAYSUNS","isPartOf":{"@id":"https:\/\/www.kaysuns.com\/#website"},"datePublished":"2015-12-14T02:54:03+00:00","dateModified":"2022-04-03T03:33:17+00:00","breadcrumb":{"@id":"https:\/\/www.kaysuns.com\/news\/#breadcrumb"},"inLanguage":"pt-BR","potentialAction":[{"@type":"ReadAction","target":["https:\/\/www.kaysuns.com\/news\/"]}]},{"@type":"BreadcrumbList","@id":"https:\/\/www.kaysuns.com\/news\/#breadcrumb","itemListElement":[{"@type":"ListItem","position":1,"name":"Home","item":"https:\/\/www.kaysuns.com\/"},{"@type":"ListItem","position":2,"name":"News"}]},{"@type":"WebSite","@id":"https:\/\/www.kaysuns.com\/#website","url":"https:\/\/www.kaysuns.com\/","name":"Tubos e Conex\u00f5es de A\u00e7o Inoxid\u00e1vel | KAYSUNS","description":"Fabricante e fornecedor de tubos e conex\u00f5es de a\u00e7o inoxid\u00e1vel na China","publisher":{"@id":"https:\/\/www.kaysuns.com\/#organization"},"alternateName":"KAYSUNS","potentialAction":[{"@type":"SearchAction","target":{"@type":"EntryPoint","urlTemplate":"https:\/\/www.kaysuns.com\/?s={search_term_string}"},"query-input":{"@type":"PropertyValueSpecification","valueRequired":true,"valueName":"search_term_string"}}],"inLanguage":"pt-BR"},{"@type":"Organization","@id":"https:\/\/www.kaysuns.com\/#organization","name":"Ind\u00fastria Kaysuns Ltda.","url":"https:\/\/www.kaysuns.com\/","logo":{"@type":"ImageObject","inLanguage":"pt-BR","@id":"https:\/\/www.kaysuns.com\/#\/schema\/logo\/image\/","url":"https:\/\/www.kaysuns.com\/wp-content\/uploads\/2019\/12\/cropped-neve-industrial-logo-1.png","contentUrl":"https:\/\/www.kaysuns.com\/wp-content\/uploads\/2019\/12\/cropped-neve-industrial-logo-1.png","width":52,"height":59,"caption":"Kaysuns Industry Ltd."},"image":{"@id":"https:\/\/www.kaysuns.com\/#\/schema\/logo\/image\/"}}]}},"_links":{"self":[{"href":"https:\/\/www.kaysuns.com\/pt\/wp-json\/wp\/v2\/pages\/2390","targetHints":{"allow":["GET"]}}],"collection":[{"href":"https:\/\/www.kaysuns.com\/pt\/wp-json\/wp\/v2\/pages"}],"about":[{"href":"https:\/\/www.kaysuns.com\/pt\/wp-json\/wp\/v2\/types\/page"}],"author":[{"embeddable":true,"href":"https:\/\/www.kaysuns.com\/pt\/wp-json\/wp\/v2\/users\/1"}],"replies":[{"embeddable":true,"href":"https:\/\/www.kaysuns.com\/pt\/wp-json\/wp\/v2\/comments?post=2390"}],"version-history":[{"count":1,"href":"https:\/\/www.kaysuns.com\/pt\/wp-json\/wp\/v2\/pages\/2390\/revisions"}],"predecessor-version":[{"id":34304,"href":"https:\/\/www.kaysuns.com\/pt\/wp-json\/wp\/v2\/pages\/2390\/revisions\/34304"}],"wp:attachment":[{"href":"https:\/\/www.kaysuns.com\/pt\/wp-json\/wp\/v2\/media?parent=2390"}],"curies":[{"name":"wp","href":"https:\/\/api.w.org\/{rel}","templated":true}]}}