{"id":169,"date":"2011-08-30T11:28:22","date_gmt":"2011-08-30T11:28:22","guid":{"rendered":"http:\/\/192.168.9.29\/Development\/TB\/?page_id=169"},"modified":"2024-05-11T01:44:39","modified_gmt":"2024-05-11T01:44:39","slug":"politica-de-privacidade","status":"publish","type":"page","link":"https:\/\/www.kaysuns.com\/pt\/politica-de-privacidade\/","title":{"rendered":"Pol\u00edtica de Privacidade"},"content":{"rendered":"<div data-elementor-type=\"wp-page\" data-elementor-id=\"169\" class=\"elementor elementor-169\" data-elementor-post-type=\"page\">\n\t\t\t\t\t\t<section class=\"elementor-section elementor-top-section elementor-element elementor-element-104237c2 elementor-section-boxed elementor-section-height-default elementor-section-height-default\" data-id=\"104237c2\" data-element_type=\"section\">\n\t\t\t\t\t\t<div class=\"elementor-container elementor-column-gap-default\">\n\t\t\t\t\t<div class=\"elementor-column elementor-col-100 elementor-top-column elementor-element elementor-element-61305d3e\" data-id=\"61305d3e\" data-element_type=\"column\">\n\t\t\t<div class=\"elementor-widget-wrap elementor-element-populated\">\n\t\t\t\t\t\t<div class=\"elementor-element elementor-element-523971e1 elementor-widget elementor-widget-text-editor\" data-id=\"523971e1\" data-element_type=\"widget\" data-widget_type=\"text-editor.default\">\n\t\t\t\t<div class=\"elementor-widget-container\">\n\t\t\t\t\t\t\t\t\t<p><strong>Pol\u00edtica de privacidade do site<\/strong><\/p><p>Este site pertence e \u00e9 operado pela Kaysuns Industry Limited e ser\u00e1 referido como \"n\u00f3s\", \"nosso\" e \"n\u00f3s\" nesta Pol\u00edtica de Privacidade da Internet. Ao utilizar este site, voc\u00ea concorda com a Pol\u00edtica de Privacidade na Internet deste site (\"o site\"), que est\u00e1 definida nesta p\u00e1gina do site. A Pol\u00edtica de Privacidade na Internet est\u00e1 relacionada \u00e0 coleta e uso de informa\u00e7\u00f5es pessoais que voc\u00ea pode nos fornecer atrav\u00e9s de sua conduta no website.<\/p><p>Reservamo-nos o direito, a nosso crit\u00e9rio, de modificar ou remover partes desta Pol\u00edtica de Privacidade na Internet a qualquer momento. Esta Pol\u00edtica de Privacidade para a Internet \u00e9 adicional a quaisquer outros termos e condi\u00e7\u00f5es aplic\u00e1veis ao website. N\u00e3o fazemos nenhuma representa\u00e7\u00e3o sobre sites de terceiros que possam estar vinculados ao site.<\/p><p>Reconhecemos a import\u00e2ncia de proteger a privacidade das informa\u00e7\u00f5es coletadas sobre os visitantes de nosso site, em particular as informa\u00e7\u00f5es capazes de identificar um indiv\u00edduo (\"informa\u00e7\u00f5es pessoais\"). Esta Pol\u00edtica de Privacidade na Internet rege a maneira como suas informa\u00e7\u00f5es pessoais, obtidas atrav\u00e9s do website, ser\u00e3o tratadas. Esta Pol\u00edtica de Privacidade na Internet deve ser revista periodicamente para que voc\u00ea seja atualizado sobre quaisquer mudan\u00e7as. Seus coment\u00e1rios e feedback s\u00e3o bem-vindos.<\/p><p><strong>Informa\u00e7\u00f5es pessoais<\/strong><\/p><p>As informa\u00e7\u00f5es pessoais sobre os visitantes de nosso site s\u00e3o coletadas somente quando apresentadas de forma consciente e volunt\u00e1ria. Por exemplo, podemos precisar coletar tais informa\u00e7\u00f5es para lhe fornecer servi\u00e7os adicionais ou para responder ou encaminhar quaisquer solicita\u00e7\u00f5es ou consultas. \u00c9 nossa inten\u00e7\u00e3o que esta pol\u00edtica proteja suas informa\u00e7\u00f5es pessoais de serem tratadas de qualquer forma que seja inconsistente com as leis de privacidade aplic\u00e1veis na China.<\/p><p><strong>Uso da informa\u00e7\u00e3o<\/strong><\/p><p>As informa\u00e7\u00f5es pessoais que os visitantes submetem ao nosso site s\u00e3o utilizadas apenas para a finalidade para a qual s\u00e3o submetidas ou para outros fins secund\u00e1rios relacionados \u00e0 finalidade principal, a menos que divulguemos outros usos nesta Pol\u00edtica de Privacidade para a Internet ou no momento da coleta. C\u00f3pias de correspond\u00eancia enviadas do site, que podem conter informa\u00e7\u00f5es pessoais, s\u00e3o armazenadas como arquivos apenas para fins de manuten\u00e7\u00e3o de registros e back-up.<\/p><p><strong>Divulga\u00e7\u00e3o<\/strong><\/p><p>Al\u00e9m dos casos em que voc\u00ea consentiu ou a divulga\u00e7\u00e3o \u00e9 necess\u00e1ria para atingir o prop\u00f3sito para o qual foi submetida, as informa\u00e7\u00f5es pessoais podem ser divulgadas em situa\u00e7\u00f5es especiais em que temos raz\u00f5es para acreditar que isso \u00e9 necess\u00e1rio para identificar, contatar ou mover uma a\u00e7\u00e3o legal contra qualquer pessoa que prejudique, prejudique ou interfira (intencionalmente ou n\u00e3o) com nossos direitos ou propriedade, usu\u00e1rios ou qualquer outra pessoa que possa ser prejudicada por tais atividades. Tamb\u00e9m podemos divulgar informa\u00e7\u00f5es pessoais quando acreditamos de boa f\u00e9 que a lei exige a divulga\u00e7\u00e3o.<\/p><p><strong>Seguran\u00e7a<\/strong><\/p><p>N\u00f3s nos esfor\u00e7amos para garantir a seguran\u00e7a, integridade e privacidade das informa\u00e7\u00f5es pessoais enviadas a nossos sites, e revisamos e atualizamos nossas medidas de seguran\u00e7a \u00e0 luz das tecnologias atuais. Infelizmente, nenhuma transmiss\u00e3o de dados atrav\u00e9s da Internet pode ser garantida como totalmente segura.<\/p><p>Entretanto, tentaremos tomar todas as medidas razo\u00e1veis para proteger as informa\u00e7\u00f5es pessoais que voc\u00ea possa nos transmitir ou de nossos produtos e servi\u00e7os on-line. Assim que recebermos sua transmiss\u00e3o, tamb\u00e9m faremos nossos melhores esfor\u00e7os para garantir sua seguran\u00e7a em nossos sistemas.<\/p><p>Al\u00e9m disso, nossos funcion\u00e1rios e os contratantes que prestam servi\u00e7os relacionados a nossos sistemas de informa\u00e7\u00e3o s\u00e3o obrigados a respeitar a confidencialidade de quaisquer informa\u00e7\u00f5es pessoais que tenhamos em nosso poder. Entretanto, n\u00e3o seremos responsabilizados por eventos decorrentes do acesso n\u00e3o autorizado \u00e0s suas informa\u00e7\u00f5es pessoais.<\/p><p><strong>Biscoitos<\/strong><\/p><p>Cookies s\u00e3o dados que um website transfere para o disco r\u00edgido de um indiv\u00edduo para fins de manuten\u00e7\u00e3o de registros. Os cookies, que s\u00e3o padr\u00e3o da ind\u00fastria e s\u00e3o usados pela maioria dos websites, incluindo aqueles operados por n\u00f3s, podem facilitar o acesso e o uso cont\u00ednuo de um site por parte do usu\u00e1rio. Eles nos permitem personalizar o site de acordo com suas necessidades. Se voc\u00ea n\u00e3o quiser informa\u00e7\u00f5es coletadas atrav\u00e9s do uso de Cookies, h\u00e1 um procedimento simples na maioria dos navegadores que permite que voc\u00ea negue ou aceite o recurso de Cookies. Mas voc\u00ea deve observar que os Cookies podem ser necess\u00e1rios para fornecer a voc\u00ea algumas caracter\u00edsticas de nossos servi\u00e7os on-line.<\/p><p><strong>Acesso \u00e0 informa\u00e7\u00e3o<\/strong><\/p><p>Procuraremos tomar todas as medidas razo\u00e1veis para manter seguras quaisquer informa\u00e7\u00f5es que tenhamos sobre voc\u00ea, e para manter essas informa\u00e7\u00f5es precisas e atualizadas. Se, a qualquer momento, voc\u00ea descobrir que as informa\u00e7\u00f5es mantidas sobre voc\u00ea est\u00e3o incorretas, voc\u00ea poder\u00e1 entrar em contato conosco para que as informa\u00e7\u00f5es sejam corrigidas.<\/p><p>Al\u00e9m disso, nossos funcion\u00e1rios e os contratantes que prestam servi\u00e7os relacionados a nossos sistemas de informa\u00e7\u00e3o s\u00e3o obrigados a respeitar a confidencialidade de quaisquer informa\u00e7\u00f5es pessoais que tenhamos em nosso poder.<\/p><p><strong>Links para outros sites<\/strong><\/p><p>Fornecemos links para sites fora de nosso site, bem como para sites de terceiros. Estes sites vinculados n\u00e3o est\u00e3o sob nosso controle e n\u00e3o podemos aceitar responsabilidade pela conduta de empresas vinculadas a nosso website. Antes de divulgar suas informa\u00e7\u00f5es pessoais em qualquer outro website, aconselhamos que voc\u00ea examine os termos e condi\u00e7\u00f5es de uso desse website e sua declara\u00e7\u00e3o de privacidade.<\/p><p><strong>Problemas ou perguntas<\/strong><\/p><p>Se tomarmos conhecimento de quaisquer preocupa\u00e7\u00f5es ou problemas cont\u00ednuos com nossos websites, levaremos estas quest\u00f5es a s\u00e9rio e trabalharemos para resolver estas preocupa\u00e7\u00f5es. Se voc\u00ea tiver qualquer outra d\u00favida relacionada \u00e0 nossa Pol\u00edtica de Privacidade, ou se tiver algum problema ou reclama\u00e7\u00e3o, por favor, entre em contato conosco.<\/p><p>E-mail: <a href=\"mailto:info@kaysuns.com\" target=\"_blank\">sales@kaysuns.com<\/a><\/p>\t\t\t\t\t\t\t\t<\/div>\n\t\t\t\t<\/div>\n\t\t\t\t\t<\/div>\n\t\t<\/div>\n\t\t\t\t\t<\/div>\n\t\t<\/section>\n\t\t\t\t<\/div>","protected":false},"excerpt":{"rendered":"<p>Pol\u00edtica de Privacidade do Website Este website pertence e \u00e9 operado pela Kaysuns Industry Limited e ser\u00e1 referido como \"N\u00f3s\", \"nosso\" e \"n\u00f3s\" nesta Pol\u00edtica de Privacidade da Internet. Ao usar este site, voc\u00ea concorda com a Pol\u00edtica de Privacidade na Internet deste site (\"o site\"), que est\u00e1 definida neste site...&nbsp;<a href=\"https:\/\/www.kaysuns.com\/pt\/politica-de-privacidade\/\" rel=\"bookmark\">Leia mais \"<span class=\"screen-reader-text\">Pol\u00edtica de Privacidade<\/span><\/a><\/p>","protected":false},"author":1,"featured_media":0,"parent":0,"menu_order":10,"comment_status":"closed","ping_status":"open","template":"elementor_header_footer","meta":{"neve_meta_sidebar":"default","neve_meta_container":"","neve_meta_enable_content_width":"","neve_meta_content_width":0,"neve_meta_title_alignment":"left","neve_meta_author_avatar":"","neve_post_elements_order":"","neve_meta_disable_header":"","neve_meta_disable_footer":"","neve_meta_disable_title":"","neve_meta_reading_time":"","_ti_tpc_template_sync":false,"_ti_tpc_template_id":"","footnotes":""},"class_list":["post-169","page","type-page","status-publish","hentry"],"yoast_head":"<!-- This site is optimized with the Yoast SEO plugin v26.6 - https:\/\/yoast.com\/wordpress\/plugins\/seo\/ -->\n<title>Privacy Policy Statement | Stainless Steel Piping Materials | KAYSUNS<\/title>\n<meta name=\"description\" content=\"See the Privacy Policy page of KAYSUNS, contact us today for more information about our Stainless Steel Pipes, Fittings and Flanges.\" \/>\n<meta name=\"robots\" content=\"index, follow, max-snippet:-1, max-image-preview:large, max-video-preview:-1\" \/>\n<link rel=\"canonical\" href=\"https:\/\/www.kaysuns.com\/pt\/politica-de-privacidade\/\" \/>\n<meta property=\"og:locale\" content=\"pt_BR\" \/>\n<meta property=\"og:type\" content=\"article\" \/>\n<meta property=\"og:title\" content=\"Privacy Policy Statement | Stainless Steel Piping Materials | KAYSUNS\" \/>\n<meta property=\"og:description\" content=\"See the Privacy Policy page of KAYSUNS, contact us today for more information about our Stainless Steel Pipes, Fittings and Flanges.\" \/>\n<meta property=\"og:url\" content=\"https:\/\/www.kaysuns.com\/pt\/politica-de-privacidade\/\" \/>\n<meta property=\"og:site_name\" content=\"Stainless Steel Pipe and Fittings | KAYSUNS\" \/>\n<meta property=\"article:modified_time\" content=\"2024-05-11T01:44:39+00:00\" \/>\n<meta name=\"twitter:card\" content=\"summary_large_image\" \/>\n<meta name=\"twitter:label1\" content=\"Est. tempo de leitura\" \/>\n\t<meta name=\"twitter:data1\" content=\"4 minutos\" \/>\n<script type=\"application\/ld+json\" class=\"yoast-schema-graph\">{\"@context\":\"https:\/\/schema.org\",\"@graph\":[{\"@type\":\"WebPage\",\"@id\":\"https:\/\/www.kaysuns.com\/privacy-policy\/\",\"url\":\"https:\/\/www.kaysuns.com\/privacy-policy\/\",\"name\":\"Privacy Policy Statement | Stainless Steel Piping Materials | KAYSUNS\",\"isPartOf\":{\"@id\":\"https:\/\/www.kaysuns.com\/#website\"},\"datePublished\":\"2011-08-30T11:28:22+00:00\",\"dateModified\":\"2024-05-11T01:44:39+00:00\",\"description\":\"See the Privacy Policy page of KAYSUNS, contact us today for more information about our Stainless Steel Pipes, Fittings and Flanges.\",\"breadcrumb\":{\"@id\":\"https:\/\/www.kaysuns.com\/privacy-policy\/#breadcrumb\"},\"inLanguage\":\"pt-BR\",\"potentialAction\":[{\"@type\":\"ReadAction\",\"target\":[\"https:\/\/www.kaysuns.com\/privacy-policy\/\"]}]},{\"@type\":\"BreadcrumbList\",\"@id\":\"https:\/\/www.kaysuns.com\/privacy-policy\/#breadcrumb\",\"itemListElement\":[{\"@type\":\"ListItem\",\"position\":1,\"name\":\"Home\",\"item\":\"https:\/\/www.kaysuns.com\/\"},{\"@type\":\"ListItem\",\"position\":2,\"name\":\"Privacy Policy\"}]},{\"@type\":\"WebSite\",\"@id\":\"https:\/\/www.kaysuns.com\/#website\",\"url\":\"https:\/\/www.kaysuns.com\/\",\"name\":\"Stainless Steel Pipe and Fittings | KAYSUNS\",\"description\":\"Stainless Steel Pipe &amp; Fittings Manufacturer and Supplier in China\",\"publisher\":{\"@id\":\"https:\/\/www.kaysuns.com\/#organization\"},\"alternateName\":\"KAYSUNS\",\"potentialAction\":[{\"@type\":\"SearchAction\",\"target\":{\"@type\":\"EntryPoint\",\"urlTemplate\":\"https:\/\/www.kaysuns.com\/?s={search_term_string}\"},\"query-input\":{\"@type\":\"PropertyValueSpecification\",\"valueRequired\":true,\"valueName\":\"search_term_string\"}}],\"inLanguage\":\"pt-BR\"},{\"@type\":\"Organization\",\"@id\":\"https:\/\/www.kaysuns.com\/#organization\",\"name\":\"Kaysuns Industry Ltd.\",\"url\":\"https:\/\/www.kaysuns.com\/\",\"logo\":{\"@type\":\"ImageObject\",\"inLanguage\":\"pt-BR\",\"@id\":\"https:\/\/www.kaysuns.com\/#\/schema\/logo\/image\/\",\"url\":\"https:\/\/www.kaysuns.com\/wp-content\/uploads\/2019\/12\/cropped-neve-industrial-logo-1.png\",\"contentUrl\":\"https:\/\/www.kaysuns.com\/wp-content\/uploads\/2019\/12\/cropped-neve-industrial-logo-1.png\",\"width\":52,\"height\":59,\"caption\":\"Kaysuns Industry Ltd.\"},\"image\":{\"@id\":\"https:\/\/www.kaysuns.com\/#\/schema\/logo\/image\/\"}}]}<\/script>\n<!-- \/ Yoast SEO plugin. -->","yoast_head_json":{"title":"Declara\u00e7\u00e3o de Pol\u00edtica de Privacidade | Materiais de tubula\u00e7\u00e3o de a\u00e7o inoxid\u00e1vel | KAYSUNS","description":"Veja a p\u00e1gina de Pol\u00edtica de Privacidade do KAYSUNS, entre em contato conosco hoje mesmo para mais informa\u00e7\u00f5es sobre nossos Tubos, Conex\u00f5es e Flanges de A\u00e7o Inoxid\u00e1vel.","robots":{"index":"index","follow":"follow","max-snippet":"max-snippet:-1","max-image-preview":"max-image-preview:large","max-video-preview":"max-video-preview:-1"},"canonical":"https:\/\/www.kaysuns.com\/pt\/politica-de-privacidade\/","og_locale":"pt_BR","og_type":"article","og_title":"Privacy Policy Statement | Stainless Steel Piping Materials | KAYSUNS","og_description":"See the Privacy Policy page of KAYSUNS, contact us today for more information about our Stainless Steel Pipes, Fittings and Flanges.","og_url":"https:\/\/www.kaysuns.com\/pt\/politica-de-privacidade\/","og_site_name":"Stainless Steel Pipe and Fittings | KAYSUNS","article_modified_time":"2024-05-11T01:44:39+00:00","twitter_card":"summary_large_image","twitter_misc":{"Est. tempo de leitura":"4 minutos"},"schema":{"@context":"https:\/\/schema.org","@graph":[{"@type":"WebPage","@id":"https:\/\/www.kaysuns.com\/privacy-policy\/","url":"https:\/\/www.kaysuns.com\/privacy-policy\/","name":"Declara\u00e7\u00e3o de Pol\u00edtica de Privacidade | Materiais de tubula\u00e7\u00e3o de a\u00e7o inoxid\u00e1vel | KAYSUNS","isPartOf":{"@id":"https:\/\/www.kaysuns.com\/#website"},"datePublished":"2011-08-30T11:28:22+00:00","dateModified":"2024-05-11T01:44:39+00:00","description":"Veja a p\u00e1gina de Pol\u00edtica de Privacidade do KAYSUNS, entre em contato conosco hoje mesmo para mais informa\u00e7\u00f5es sobre nossos Tubos, Conex\u00f5es e Flanges de A\u00e7o Inoxid\u00e1vel.","breadcrumb":{"@id":"https:\/\/www.kaysuns.com\/privacy-policy\/#breadcrumb"},"inLanguage":"pt-BR","potentialAction":[{"@type":"ReadAction","target":["https:\/\/www.kaysuns.com\/privacy-policy\/"]}]},{"@type":"BreadcrumbList","@id":"https:\/\/www.kaysuns.com\/privacy-policy\/#breadcrumb","itemListElement":[{"@type":"ListItem","position":1,"name":"Home","item":"https:\/\/www.kaysuns.com\/"},{"@type":"ListItem","position":2,"name":"Privacy Policy"}]},{"@type":"WebSite","@id":"https:\/\/www.kaysuns.com\/#website","url":"https:\/\/www.kaysuns.com\/","name":"Tubos e Conex\u00f5es de A\u00e7o Inoxid\u00e1vel | KAYSUNS","description":"Fabricante e fornecedor de tubos e conex\u00f5es de a\u00e7o inoxid\u00e1vel na China","publisher":{"@id":"https:\/\/www.kaysuns.com\/#organization"},"alternateName":"KAYSUNS","potentialAction":[{"@type":"SearchAction","target":{"@type":"EntryPoint","urlTemplate":"https:\/\/www.kaysuns.com\/?s={search_term_string}"},"query-input":{"@type":"PropertyValueSpecification","valueRequired":true,"valueName":"search_term_string"}}],"inLanguage":"pt-BR"},{"@type":"Organization","@id":"https:\/\/www.kaysuns.com\/#organization","name":"Ind\u00fastria Kaysuns Ltda.","url":"https:\/\/www.kaysuns.com\/","logo":{"@type":"ImageObject","inLanguage":"pt-BR","@id":"https:\/\/www.kaysuns.com\/#\/schema\/logo\/image\/","url":"https:\/\/www.kaysuns.com\/wp-content\/uploads\/2019\/12\/cropped-neve-industrial-logo-1.png","contentUrl":"https:\/\/www.kaysuns.com\/wp-content\/uploads\/2019\/12\/cropped-neve-industrial-logo-1.png","width":52,"height":59,"caption":"Kaysuns Industry Ltd."},"image":{"@id":"https:\/\/www.kaysuns.com\/#\/schema\/logo\/image\/"}}]}},"_links":{"self":[{"href":"https:\/\/www.kaysuns.com\/pt\/wp-json\/wp\/v2\/pages\/169","targetHints":{"allow":["GET"]}}],"collection":[{"href":"https:\/\/www.kaysuns.com\/pt\/wp-json\/wp\/v2\/pages"}],"about":[{"href":"https:\/\/www.kaysuns.com\/pt\/wp-json\/wp\/v2\/types\/page"}],"author":[{"embeddable":true,"href":"https:\/\/www.kaysuns.com\/pt\/wp-json\/wp\/v2\/users\/1"}],"replies":[{"embeddable":true,"href":"https:\/\/www.kaysuns.com\/pt\/wp-json\/wp\/v2\/comments?post=169"}],"version-history":[{"count":13,"href":"https:\/\/www.kaysuns.com\/pt\/wp-json\/wp\/v2\/pages\/169\/revisions"}],"predecessor-version":[{"id":46297,"href":"https:\/\/www.kaysuns.com\/pt\/wp-json\/wp\/v2\/pages\/169\/revisions\/46297"}],"wp:attachment":[{"href":"https:\/\/www.kaysuns.com\/pt\/wp-json\/wp\/v2\/media?parent=169"}],"curies":[{"name":"wp","href":"https:\/\/api.w.org\/{rel}","templated":true}]}}