{"id":12,"date":"2011-07-14T19:46:42","date_gmt":"2011-07-14T19:46:42","guid":{"rendered":"http:\/\/192.168.9.29\/Development\/TB\/?page_id=12"},"modified":"2024-04-01T09:27:37","modified_gmt":"2024-04-01T09:27:37","slug":"faqs","status":"publish","type":"page","link":"https:\/\/www.kaysuns.com\/pt\/servicos\/faqs\/","title":{"rendered":"FAQs"},"content":{"rendered":"<div data-elementor-type=\"wp-page\" data-elementor-id=\"12\" class=\"elementor elementor-12\" data-elementor-post-type=\"page\">\n\t\t\t\t\t\t<section class=\"elementor-section elementor-top-section elementor-element elementor-element-1e9e8af5 elementor-section-boxed elementor-section-height-default elementor-section-height-default\" data-id=\"1e9e8af5\" data-element_type=\"section\">\n\t\t\t\t\t\t<div class=\"elementor-container elementor-column-gap-default\">\n\t\t\t\t\t<div class=\"elementor-column elementor-col-100 elementor-top-column elementor-element elementor-element-50761438\" data-id=\"50761438\" data-element_type=\"column\">\n\t\t\t<div class=\"elementor-widget-wrap elementor-element-populated\">\n\t\t\t\t\t\t<div class=\"elementor-element elementor-element-56132474 elementor-widget elementor-widget-text-editor\" data-id=\"56132474\" data-element_type=\"widget\" data-widget_type=\"text-editor.default\">\n\t\t\t\t<div class=\"elementor-widget-container\">\n\t\t\t\t\t\t\t\t\t<hr \/>\r\n\r\n<h1>FAQs para KAYSUNS<\/h1>\r\n&nbsp;\r\n<ol>\r\n \t<li>\r\n<h2><strong>O que \u00e9 o produto Kaysuns?<\/strong><\/h2>\r\n<\/li>\r\n<\/ol>\r\nA Kaysuns fornece tubos e acess\u00f3rios para tubos em a\u00e7o inoxid\u00e1vel, a\u00e7o super duplex\/duplex, liga \u00e0 base de n\u00edquel com padr\u00e3o ASME\/ASTM, DIN, JIS, ISO, etc. Cobre uma ampla gama de di\u00e2metros externos e espessuras\/taxa de press\u00e3o, podemos fornecer<a href=\"https:\/\/www.kaysuns.com\/pt\/\" target=\"_blank\"> tubos de a\u00e7o inoxid\u00e1vel sem costura<\/a> de 1\/8\" a 48\" \/SCH10S ~ XXS.\r\n\r\n&nbsp;\r\n\r\n&nbsp;\r\n<ol start=\"2\">\r\n \t<li>\r\n<h2><strong>Voc\u00ea \u00e9 um fabricante ou fornecedor?<\/strong><\/h2>\r\n<\/li>\r\n<\/ol>\r\nSomos propriet\u00e1rios parciais de uma f\u00e1brica de acess\u00f3rios para tubos, cujos principais produtos s\u00e3o acess\u00f3rios para tubos com solda de topo, como cotovelo 90, tee, redutor, ponta de tubo etc.\r\n\r\nOs tubos de a\u00e7o inoxid\u00e1vel s\u00e3o de nossa empresa-irm\u00e3, especializada na fabrica\u00e7\u00e3o de tubos de a\u00e7o inoxid\u00e1vel sem costura.\r\n\r\nOs flanges e as v\u00e1lvulas s\u00e3o de outros fabricantes, mas tamb\u00e9m oferecemos um pre\u00e7o competitivo para obter uma solu\u00e7\u00e3o de sistema para seu projeto.\r\n\r\n&nbsp;\r\n\r\n&nbsp;\r\n<ol start=\"3\">\r\n \t<li>\r\n<h2><strong>Voc\u00ea \u00e9 confi\u00e1vel?<\/strong><\/h2>\r\n<\/li>\r\n<\/ol>\r\nA Kaysuns se estabeleceu por 10 anos, servimos para mais de 100 empresas e projetos de diferentes 20 pa\u00edses. A Kaysuns \u00e9 uma empresa registrada legalmente em Hongkong e na China(<em>Wellgreen<\/em>), aceitamos auditorias de empresas de nossos clientes e de terceiros.\r\n\r\nSer um parceiro confi\u00e1vel e de boa reputa\u00e7\u00e3o \u00e9 nossa \u00fanica cren\u00e7a comercial, sempre recebendo elogios de nossos clientes. Confie que podemos ser um bom parceiro para voc\u00ea.\r\n\r\n&nbsp;\r\n\r\n&nbsp;\r\n<ol start=\"4\">\r\n \t<li>\r\n<h2><strong>Como encomendar seu produto?<\/strong><\/h2>\r\n<\/li>\r\n<\/ol>\r\n<h3>-i. Para canos e tubos, voc\u00ea deve indicar<\/h3>\r\nTipo de tubo (sem costura ou soldado) + material padr\u00e3o e grau + di\u00e2metro externo + espessura da parede + comprimento do tubo + quantidade\r\n\r\n<em>Por exemplo: <\/em>\r\n\r\n<em>Tubo pequeno ASTM A312 TP316\/316L 10\" *SCH40S * 6m de comprimento fixo, 100pcs<\/em>\r\n\r\n<em>\u00a0<\/em>\r\n<h3>-ii. Para conex\u00f5es de solda de topo:<\/h3>\r\nSe voc\u00ea quiser comprar cotovelo de raio 90 graus, 12\"*SCH10S com teste de raio X 100%, material SS316L at\u00e9 ASME B16.9, totalmente 200 cada, a amostra \u00e9:\r\n\r\n<em>90DEG L\/R Elbow 12\"*SCH10S, ASTM A403 WP316L-WX, ASME B16.9, 200 pcs<\/em>\r\n\r\n<em>\u00a0<\/em>\r\n<h3>-iii. Para conex\u00f5es de solda de soquetes forjados e conex\u00f5es roscadas:<\/h3>\r\nSe voc\u00ea precisar comprar o tee soldador de cal\u00e7os 4\" classe3000 SCH80S, material ASTM F304L at\u00e9 ASME\/ANSI B16.11 totalmente 200pcs e 100pcs uni\u00e3o roscada de 2\" 3000# NPT, a amostra \u00e9 :\r\n\r\n<em>SW Tee 3000# SCH80S, ASTM F304L ASME B16.11, 200pcs<\/em>\r\n\r\n<em>Uni\u00e3o 1\" 3000# NPT ASTM F304L ASME B16.11, 100pcs<\/em>\r\n\r\n&nbsp;\r\n<h3>-iv. Para flanges voc\u00ea precisa indicar:<\/h3>\r\nSe voc\u00ea quiser comprar um flange de pesco\u00e7o de solda de 200pcs, face elevada, material 18\" classe 300 STD ASTM A182 F347H at\u00e9 ASME B16.5, a amostra \u00e9:\r\n\r\n<em>Flange WNRF 18\"*STD classe300, ASTM A182 F347H ASME B16.5<\/em>\r\n\r\n&nbsp;\r\n<h3>-v. Para v\u00e1lvulas industriais, voc\u00ea precisa indicar:<\/h3>\r\nPor exemplo, voc\u00ea quer comprar uma v\u00e1lvula de esfera montada em munh\u00e3o, porta completa, 12\" classe 600, flange RF conectado, material do corpo \u00e9 316, esfera e trime \u00e9 F316, projeto de inc\u00eandio segundo API607, projeto e teste segundo API6D:\r\n\r\n<em>V\u00e1lvula de esfera montada em munh\u00e3o, 12\" 600# RF flangeada, porta completa, corpo SS316(ou A351 CF8M), esfera A182 F316, teste de fogo API607<\/em>\r\n\r\n&nbsp;\r\n\r\n&nbsp;\r\n<ol start=\"5\">\r\n \t<li>\r\n<h2><strong>Como garantir a qualidade?<\/strong><\/h2>\r\n<\/li>\r\n<\/ol>\r\n<ul>\r\n \t<li>Todos os materiais s\u00e3o de fabricantes aprovados pela ISO, fornecemos produtos de acordo com a norma e exig\u00eancia estritamente.<\/li>\r\n \t<li>Fazemos o teste 100% antes do embarque, e a inspe\u00e7\u00e3o da festa da camisa est\u00e1 dispon\u00edvel para todos os nossos produtos.<\/li>\r\n \t<li>A inspe\u00e7\u00e3o de processo est\u00e1 dispon\u00edvel, mas pode exigir de voc\u00ea um custo extra.<\/li>\r\n \t<li>A auditoria do fabricante \u00e9 aceit\u00e1vel com base nas exig\u00eancias do usu\u00e1rio final\/empresa terceirizada.<\/li>\r\n \t<li>O certificado de moinho de acordo com a EN10204 ser\u00e1 fornecido com embarque, outros certificados de teste, tais como relat\u00f3rio de tratamento t\u00e9rmico, relat\u00f3rio NDT, relat\u00f3rio de desempenho mec\u00e2nico, relat\u00f3rio IGC, relat\u00f3rio de teste de prensa s\u00e3o baseados na exig\u00eancia.<\/li>\r\n \t<li>O certificado EN10204 3.2 ser\u00e1 cobrado quando necess\u00e1rio.<\/li>\r\n<\/ul>\r\n&nbsp;\r\n\r\n&nbsp;\r\n<ol start=\"6\">\r\n \t<li>\r\n<h2><strong>Voc\u00ea faz apenas manchas de a\u00e7o?<\/strong><\/h2>\r\n<\/li>\r\n<\/ol>\r\nFazemos principalmente a\u00e7o inoxid\u00e1vel, a\u00e7o duplex, a\u00e7o super duplex, liga \u00e0 base de n\u00edquel, liga de cobre-n\u00edquel, tit\u00e2nio, etc. Tamb\u00e9m fazemos algumas ligas de a\u00e7o tais como P11, P9, P22, liga de baixa temperatura A333 Gr.6 etc. e outros materiais baseados em requisitos.\r\n\r\n&nbsp;\r\n\r\n&nbsp;\r\n<ol start=\"7\">\r\n \t<li>\r\n<h2><strong>Voc\u00ea pode nos ajudar a coletar materiais de outros fornecedores?<\/strong><\/h2>\r\n<\/li>\r\n<\/ol>\r\nSim, n\u00f3s podemos ajudar os clientes a coletar materiais de diferentes fornecedores. Sabemos que h\u00e1 muitos produtos diferentes em uma lista, que podem ser produzidos em diferentes prov\u00edncias da China. Podemos cobrar algum dinheiro por encomenda e condi\u00e7\u00e3o real.\r\n\r\n&nbsp;\r\n\r\n&nbsp;\r\n<ol start=\"8\">\r\n \t<li>\r\n<h2><strong>Qual \u00e9 o seu pagamento?<\/strong><\/h2>\r\n<\/li>\r\n<\/ol>\r\nGeralmente aceitamos pagamento por T\/T, achamos que \u00e9 uma boa maneira para n\u00f3s dois e podemos economizar alguns encargos banc\u00e1rios. Tamb\u00e9m podemos fazer L\/C irrevog\u00e1veis se o valor for consider\u00e1vel, mas o pagamento \u00e9 necess\u00e1rio, especialmente para notas e dimens\u00f5es especiais.\r\n\r\n&nbsp;\r\n\r\n&nbsp;\r\n<ol start=\"9\">\r\n \t<li>\r\n<h2><strong>Qual \u00e9 o seu prazo de entrega?<\/strong><\/h2>\r\n<\/li>\r\n<\/ol>\r\nNosso prazo normal de entrega \u00e9 de 5 semanas. Para detalhes, devemos considerar a quantidade do pedido e a condi\u00e7\u00e3o de estoque de mat\u00e9ria-prima.\r\n\r\n&nbsp;\r\n\r\n&nbsp;\r\n<ol start=\"10\">\r\n \t<li>\r\n<h2><strong>Qual \u00e9 o prazo de entrega?<\/strong><\/h2>\r\n<\/li>\r\n<\/ol>\r\nPrazo de entrega comum est\u00e1 dispon\u00edvel para n\u00f3s, como FOB, CFR, CIF, EX-works. N\u00f3s preferimos fazer CFR, CIF e EXW.\r\n\r\n&nbsp;\r\n\r\n&nbsp;\r\n<ol start=\"11\">\r\n \t<li>\r\n<h2><strong>Voc\u00ea pode fazer DDP?<\/strong><\/h2>\r\n<\/li>\r\n<\/ol>\r\nSim, n\u00f3s podemos fazer DDP. Para pequenas quantidades, nossa proposta \u00e9 enviar por courier\/express. Para remessas enormes, precisamos de tempo para verificar as taxas alfandeg\u00e1rias de destino e o custo local de remessa.\t\t\t\t\t\t\t\t<\/div>\n\t\t\t\t<\/div>\n\t\t\t\t\t<\/div>\n\t\t<\/div>\n\t\t\t\t\t<\/div>\n\t\t<\/section>\n\t\t\t\t<\/div>","protected":false},"excerpt":{"rendered":"<p>FAQs para KAYSUNS O que \u00e9 o produto Kaysuns? Os Kaysuns fornecem tubos e acess\u00f3rios para tubos em a\u00e7o inoxid\u00e1vel, a\u00e7o super duplex\/duplex, liga \u00e0 base de n\u00edquel com padr\u00e3o ASME\/ASTM, DIN, JIS, ISO, etc. Cobre uma ampla gama de di\u00e2metros externos e espessura\/taxa de press\u00e3o, podemos fornecer tubos de a\u00e7o inoxid\u00e1vel sem costura de 1\/8\" a 48\" \/SCH10S ~ XXS....&nbsp;<a href=\"https:\/\/www.kaysuns.com\/pt\/servicos\/faqs\/\" rel=\"bookmark\">Leia mais \"<span class=\"screen-reader-text\">FAQs<\/span><\/a><\/p>","protected":false},"author":1,"featured_media":0,"parent":7,"menu_order":3,"comment_status":"closed","ping_status":"closed","template":"elementor_header_footer","meta":{"neve_meta_sidebar":"","neve_meta_container":"","neve_meta_enable_content_width":"","neve_meta_content_width":0,"neve_meta_title_alignment":"","neve_meta_author_avatar":"","neve_post_elements_order":"","neve_meta_disable_header":"","neve_meta_disable_footer":"","neve_meta_disable_title":"","neve_meta_reading_time":"","_ti_tpc_template_sync":false,"_ti_tpc_template_id":"","footnotes":""},"class_list":["post-12","page","type-page","status-publish","hentry"],"yoast_head":"<!-- This site is optimized with the Yoast SEO plugin v26.6 - https:\/\/yoast.com\/wordpress\/plugins\/seo\/ -->\n<title>FAQs - Stainless Steel Pipe and Fittings | KAYSUNS<\/title>\n<meta name=\"description\" content=\"1. How to order your product? 2. What\u2019s your payment? 3. What is your delivery time? 4. What\u2019s the delivery term? 5. What&#039;s your product?\" \/>\n<meta name=\"robots\" content=\"index, follow, max-snippet:-1, max-image-preview:large, max-video-preview:-1\" \/>\n<link rel=\"canonical\" href=\"https:\/\/www.kaysuns.com\/pt\/servicos\/faqs\/\" \/>\n<meta property=\"og:locale\" content=\"pt_BR\" \/>\n<meta property=\"og:type\" content=\"article\" \/>\n<meta property=\"og:title\" content=\"FAQs - Stainless Steel Pipe and Fittings | KAYSUNS\" \/>\n<meta property=\"og:description\" content=\"1. How to order your product? 2. What\u2019s your payment? 3. What is your delivery time? 4. What\u2019s the delivery term? 5. What&#039;s your product?\" \/>\n<meta property=\"og:url\" content=\"https:\/\/www.kaysuns.com\/pt\/servicos\/faqs\/\" \/>\n<meta property=\"og:site_name\" content=\"Stainless Steel Pipe and Fittings | KAYSUNS\" \/>\n<meta property=\"article:modified_time\" content=\"2024-04-01T09:27:37+00:00\" \/>\n<meta name=\"twitter:card\" content=\"summary_large_image\" \/>\n<script type=\"application\/ld+json\" class=\"yoast-schema-graph\">{\"@context\":\"https:\/\/schema.org\",\"@graph\":[{\"@type\":\"WebPage\",\"@id\":\"https:\/\/www.kaysuns.com\/services\/faqs\/\",\"url\":\"https:\/\/www.kaysuns.com\/services\/faqs\/\",\"name\":\"FAQs - Stainless Steel Pipe and Fittings | KAYSUNS\",\"isPartOf\":{\"@id\":\"https:\/\/www.kaysuns.com\/#website\"},\"datePublished\":\"2011-07-14T19:46:42+00:00\",\"dateModified\":\"2024-04-01T09:27:37+00:00\",\"description\":\"1. How to order your product? 2. What\u2019s your payment? 3. What is your delivery time? 4. What\u2019s the delivery term? 5. What's your product?\",\"breadcrumb\":{\"@id\":\"https:\/\/www.kaysuns.com\/services\/faqs\/#breadcrumb\"},\"inLanguage\":\"pt-BR\",\"potentialAction\":[{\"@type\":\"ReadAction\",\"target\":[\"https:\/\/www.kaysuns.com\/services\/faqs\/\"]}]},{\"@type\":\"BreadcrumbList\",\"@id\":\"https:\/\/www.kaysuns.com\/services\/faqs\/#breadcrumb\",\"itemListElement\":[{\"@type\":\"ListItem\",\"position\":1,\"name\":\"Home\",\"item\":\"https:\/\/www.kaysuns.com\/\"},{\"@type\":\"ListItem\",\"position\":2,\"name\":\"Services\",\"item\":\"https:\/\/www.kaysuns.com\/services\/\"},{\"@type\":\"ListItem\",\"position\":3,\"name\":\"FAQs\"}]},{\"@type\":\"WebSite\",\"@id\":\"https:\/\/www.kaysuns.com\/#website\",\"url\":\"https:\/\/www.kaysuns.com\/\",\"name\":\"Stainless Steel Pipe and Fittings | KAYSUNS\",\"description\":\"Stainless Steel Pipe &amp; Fittings Manufacturer and Supplier in China\",\"publisher\":{\"@id\":\"https:\/\/www.kaysuns.com\/#organization\"},\"alternateName\":\"KAYSUNS\",\"potentialAction\":[{\"@type\":\"SearchAction\",\"target\":{\"@type\":\"EntryPoint\",\"urlTemplate\":\"https:\/\/www.kaysuns.com\/?s={search_term_string}\"},\"query-input\":{\"@type\":\"PropertyValueSpecification\",\"valueRequired\":true,\"valueName\":\"search_term_string\"}}],\"inLanguage\":\"pt-BR\"},{\"@type\":\"Organization\",\"@id\":\"https:\/\/www.kaysuns.com\/#organization\",\"name\":\"Kaysuns Industry Ltd.\",\"url\":\"https:\/\/www.kaysuns.com\/\",\"logo\":{\"@type\":\"ImageObject\",\"inLanguage\":\"pt-BR\",\"@id\":\"https:\/\/www.kaysuns.com\/#\/schema\/logo\/image\/\",\"url\":\"https:\/\/www.kaysuns.com\/wp-content\/uploads\/2019\/12\/cropped-neve-industrial-logo-1.png\",\"contentUrl\":\"https:\/\/www.kaysuns.com\/wp-content\/uploads\/2019\/12\/cropped-neve-industrial-logo-1.png\",\"width\":52,\"height\":59,\"caption\":\"Kaysuns Industry Ltd.\"},\"image\":{\"@id\":\"https:\/\/www.kaysuns.com\/#\/schema\/logo\/image\/\"}}]}<\/script>\n<!-- \/ Yoast SEO plugin. -->","yoast_head_json":{"title":"FAQs - Tubos e Conex\u00f5es de A\u00e7o Inoxid\u00e1vel | KAYSUNS","description":"1. Como encomendar seu produto? 2. Qual \u00e9 o seu pagamento? 3. Qual \u00e9 o seu prazo de entrega? 4. Qual \u00e9 o prazo de entrega? 5. Qual \u00e9 o seu produto?","robots":{"index":"index","follow":"follow","max-snippet":"max-snippet:-1","max-image-preview":"max-image-preview:large","max-video-preview":"max-video-preview:-1"},"canonical":"https:\/\/www.kaysuns.com\/pt\/servicos\/faqs\/","og_locale":"pt_BR","og_type":"article","og_title":"FAQs - Stainless Steel Pipe and Fittings | KAYSUNS","og_description":"1. How to order your product? 2. What\u2019s your payment? 3. What is your delivery time? 4. What\u2019s the delivery term? 5. What's your product?","og_url":"https:\/\/www.kaysuns.com\/pt\/servicos\/faqs\/","og_site_name":"Stainless Steel Pipe and Fittings | KAYSUNS","article_modified_time":"2024-04-01T09:27:37+00:00","twitter_card":"summary_large_image","schema":{"@context":"https:\/\/schema.org","@graph":[{"@type":"WebPage","@id":"https:\/\/www.kaysuns.com\/services\/faqs\/","url":"https:\/\/www.kaysuns.com\/services\/faqs\/","name":"FAQs - Tubos e Conex\u00f5es de A\u00e7o Inoxid\u00e1vel | KAYSUNS","isPartOf":{"@id":"https:\/\/www.kaysuns.com\/#website"},"datePublished":"2011-07-14T19:46:42+00:00","dateModified":"2024-04-01T09:27:37+00:00","description":"1. Como encomendar seu produto? 2. Qual \u00e9 o seu pagamento? 3. Qual \u00e9 o seu prazo de entrega? 4. Qual \u00e9 o prazo de entrega? 5. Qual \u00e9 o seu produto?","breadcrumb":{"@id":"https:\/\/www.kaysuns.com\/services\/faqs\/#breadcrumb"},"inLanguage":"pt-BR","potentialAction":[{"@type":"ReadAction","target":["https:\/\/www.kaysuns.com\/services\/faqs\/"]}]},{"@type":"BreadcrumbList","@id":"https:\/\/www.kaysuns.com\/services\/faqs\/#breadcrumb","itemListElement":[{"@type":"ListItem","position":1,"name":"Home","item":"https:\/\/www.kaysuns.com\/"},{"@type":"ListItem","position":2,"name":"Services","item":"https:\/\/www.kaysuns.com\/services\/"},{"@type":"ListItem","position":3,"name":"FAQs"}]},{"@type":"WebSite","@id":"https:\/\/www.kaysuns.com\/#website","url":"https:\/\/www.kaysuns.com\/","name":"Tubos e Conex\u00f5es de A\u00e7o Inoxid\u00e1vel | KAYSUNS","description":"Fabricante e fornecedor de tubos e conex\u00f5es de a\u00e7o inoxid\u00e1vel na China","publisher":{"@id":"https:\/\/www.kaysuns.com\/#organization"},"alternateName":"KAYSUNS","potentialAction":[{"@type":"SearchAction","target":{"@type":"EntryPoint","urlTemplate":"https:\/\/www.kaysuns.com\/?s={search_term_string}"},"query-input":{"@type":"PropertyValueSpecification","valueRequired":true,"valueName":"search_term_string"}}],"inLanguage":"pt-BR"},{"@type":"Organization","@id":"https:\/\/www.kaysuns.com\/#organization","name":"Ind\u00fastria Kaysuns Ltda.","url":"https:\/\/www.kaysuns.com\/","logo":{"@type":"ImageObject","inLanguage":"pt-BR","@id":"https:\/\/www.kaysuns.com\/#\/schema\/logo\/image\/","url":"https:\/\/www.kaysuns.com\/wp-content\/uploads\/2019\/12\/cropped-neve-industrial-logo-1.png","contentUrl":"https:\/\/www.kaysuns.com\/wp-content\/uploads\/2019\/12\/cropped-neve-industrial-logo-1.png","width":52,"height":59,"caption":"Kaysuns Industry Ltd."},"image":{"@id":"https:\/\/www.kaysuns.com\/#\/schema\/logo\/image\/"}}]}},"_links":{"self":[{"href":"https:\/\/www.kaysuns.com\/pt\/wp-json\/wp\/v2\/pages\/12","targetHints":{"allow":["GET"]}}],"collection":[{"href":"https:\/\/www.kaysuns.com\/pt\/wp-json\/wp\/v2\/pages"}],"about":[{"href":"https:\/\/www.kaysuns.com\/pt\/wp-json\/wp\/v2\/types\/page"}],"author":[{"embeddable":true,"href":"https:\/\/www.kaysuns.com\/pt\/wp-json\/wp\/v2\/users\/1"}],"replies":[{"embeddable":true,"href":"https:\/\/www.kaysuns.com\/pt\/wp-json\/wp\/v2\/comments?post=12"}],"version-history":[{"count":5,"href":"https:\/\/www.kaysuns.com\/pt\/wp-json\/wp\/v2\/pages\/12\/revisions"}],"predecessor-version":[{"id":53368,"href":"https:\/\/www.kaysuns.com\/pt\/wp-json\/wp\/v2\/pages\/12\/revisions\/53368"}],"up":[{"embeddable":true,"href":"https:\/\/www.kaysuns.com\/pt\/wp-json\/wp\/v2\/pages\/7"}],"wp:attachment":[{"href":"https:\/\/www.kaysuns.com\/pt\/wp-json\/wp\/v2\/media?parent=12"}],"curies":[{"name":"wp","href":"https:\/\/api.w.org\/{rel}","templated":true}]}}