{"id":7,"date":"2011-07-14T19:45:42","date_gmt":"2011-07-14T19:45:42","guid":{"rendered":"http:\/\/192.168.9.29\/Development\/TB\/?page_id=7"},"modified":"2024-04-01T07:03:01","modified_gmt":"2024-04-01T07:03:01","slug":"services","status":"publish","type":"page","link":"https:\/\/www.kaysuns.com\/fr\/services\/","title":{"rendered":"Services"},"content":{"rendered":"<div data-elementor-type=\"wp-page\" data-elementor-id=\"7\" class=\"elementor elementor-7\" data-elementor-post-type=\"page\">\n\t\t\t\t\t\t<section class=\"elementor-section elementor-top-section elementor-element elementor-element-5bec2cb5 elementor-section-boxed elementor-section-height-default elementor-section-height-default\" data-id=\"5bec2cb5\" data-element_type=\"section\">\n\t\t\t\t\t\t<div class=\"elementor-container elementor-column-gap-default\">\n\t\t\t\t\t<div class=\"elementor-column elementor-col-100 elementor-top-column elementor-element elementor-element-6f68e3d3\" data-id=\"6f68e3d3\" data-element_type=\"column\">\n\t\t\t<div class=\"elementor-widget-wrap elementor-element-populated\">\n\t\t\t\t\t\t<div class=\"elementor-element elementor-element-35dfaadb elementor-widget elementor-widget-text-editor\" data-id=\"35dfaadb\" data-element_type=\"widget\" data-widget_type=\"text-editor.default\">\n\t\t\t\t<div class=\"elementor-widget-container\">\n\t\t\t\t\t\t\t\t\t<h1><strong>WHY KAYSUNS<\/strong><\/h1>\n<hr \/>\n<h1>\u00a0<\/h1>\n<h2><span style=\"color: #0000ff;\"><strong>Services<\/strong><\/span><\/h2>\n<p>Nous ne nous contentons pas de proposer la meilleure solution en mati\u00e8re de mat\u00e9riel de tuyauterie, mais nous offrons \u00e9galement des services de conseil en mati\u00e8re de produits, d'\u00e9valuation des fabricants, d'inspection et d'exp\u00e9dition.<\/p>\n<hr \/>\n<h2><span style=\"color: #993300;\"><strong>Avantage<\/strong><\/span><\/h2>\n<p>Nous connaissons le march\u00e9, nous savons comment le traiter. Nous disposons de bonnes ressources pour les mat\u00e9riaux de tuyauterie, en particulier l'acier inoxydable et l'aluminium. <a href=\"https:\/\/www.kaysuns.com\/fr\/\" target=\"_blank\">tuyaux en acier duplex<\/a> et les raccords. Le plus important est que nous avons de bonnes exp\u00e9riences pour le commerce mondial, faisons des affaires simples !<\/p>\n<hr \/>\n<h2><span style=\"color: #008000;\"><strong>Valeur<\/strong><\/span><\/h2>\n<p>Vous souhaitez acheter des tuyaux, des raccords et des vannes ? Achetez-vous uniquement des tuyaux ou des vannes ? Vous voulez acheter ces mat\u00e9riaux un par un ? Kaysuns est l\u00e0, c'est votre solution unique ! Un seul fournisseur, pour tout avoir !<\/p>\n<p>\u00a0<\/p>\n\n<div class=\"wp-block-image\">\n<figure class=\"aligncenter size-full\"><a href=\"https:\/\/www.kaysuns.com\/wp-content\/uploads\/2024\/03\/kaysuns-services1-e1464855111632.webp\" target=\"_blank\"><img fetchpriority=\"high\" decoding=\"async\" width=\"570\" height=\"294\" src=\"https:\/\/www.kaysuns.com\/wp-content\/uploads\/2024\/03\/kaysuns-services1-e1464855111632.webp\" alt=\"\" class=\"wp-image-45382\" srcset=\"https:\/\/www.kaysuns.com\/wp-content\/uploads\/2024\/03\/kaysuns-services1-e1464855111632.webp 570w, https:\/\/www.kaysuns.com\/wp-content\/uploads\/2024\/03\/kaysuns-services1-e1464855111632-300x155.webp 300w, https:\/\/www.kaysuns.com\/wp-content\/uploads\/2024\/03\/kaysuns-services1-e1464855111632-18x9.webp 18w\" sizes=\"(max-width: 570px) 100vw, 570px\" \/><\/a><\/figure>\n<\/div>\t\t\t\t\t\t\t\t<\/div>\n\t\t\t\t<\/div>\n\t\t\t\t\t<\/div>\n\t\t<\/div>\n\t\t\t\t\t<\/div>\n\t\t<\/section>\n\t\t\t\t<\/div>","protected":false},"excerpt":{"rendered":"<p>Pourquoi KAYSUNS Services Nous ne nous contentons pas d'offrir la meilleure solution en mati\u00e8re de mat\u00e9riel de tuyauterie, mais nous proposons \u00e9galement des services de conseil en mati\u00e8re de produits, d'\u00e9valuation des fabricants, d'inspection et d'exp\u00e9dition. Avantage Nous connaissons le march\u00e9, nous savons comment le traiter. Nous disposons de bonnes ressources pour les mat\u00e9riaux de tuyauterie, en particulier pour les tuyaux et les raccords en acier inoxydable et en acier duplex. Plus...&nbsp;<a href=\"https:\/\/www.kaysuns.com\/fr\/services\/\" rel=\"bookmark\">Lire plus \"<span class=\"screen-reader-text\">Services<\/span><\/a><\/p>","protected":false},"author":1,"featured_media":0,"parent":0,"menu_order":1,"comment_status":"closed","ping_status":"open","template":"elementor_header_footer","meta":{"neve_meta_sidebar":"","neve_meta_container":"","neve_meta_enable_content_width":"","neve_meta_content_width":0,"neve_meta_title_alignment":"","neve_meta_author_avatar":"","neve_post_elements_order":"","neve_meta_disable_header":"","neve_meta_disable_footer":"","neve_meta_disable_title":"","neve_meta_reading_time":"","_ti_tpc_template_sync":false,"_ti_tpc_template_id":"","footnotes":""},"class_list":["post-7","page","type-page","status-publish","hentry"],"yoast_head":"<!-- This site is optimized with the Yoast SEO plugin v26.6 - https:\/\/yoast.com\/wordpress\/plugins\/seo\/ -->\n<title>Know About Our Services | KAYSUNS<\/title>\n<meta name=\"description\" content=\"Read our service page. Contact us for more information about our Pipes, Fittings and Flanges today. Get in touch to know more.\" \/>\n<meta name=\"robots\" content=\"index, follow, max-snippet:-1, max-image-preview:large, max-video-preview:-1\" \/>\n<link rel=\"canonical\" href=\"https:\/\/www.kaysuns.com\/fr\/services\/\" \/>\n<meta property=\"og:locale\" content=\"fr_FR\" \/>\n<meta property=\"og:type\" content=\"article\" \/>\n<meta property=\"og:title\" content=\"Know About Our Services | KAYSUNS\" \/>\n<meta property=\"og:description\" content=\"Read our service page. Contact us for more information about our Pipes, Fittings and Flanges today. Get in touch to know more.\" \/>\n<meta property=\"og:url\" content=\"https:\/\/www.kaysuns.com\/fr\/services\/\" \/>\n<meta property=\"og:site_name\" content=\"Stainless Steel Pipe and Fittings | KAYSUNS\" \/>\n<meta property=\"article:modified_time\" content=\"2024-04-01T07:03:01+00:00\" \/>\n<meta property=\"og:image\" content=\"https:\/\/www.kaysuns.com\/wp-content\/uploads\/2024\/03\/kaysuns-services1-e1464855111632.webp\" \/>\n<meta name=\"twitter:card\" content=\"summary_large_image\" \/>\n<meta name=\"twitter:label1\" content=\"Dur\u00e9e de lecture estim\u00e9e\" \/>\n\t<meta name=\"twitter:data1\" content=\"1 minute\" \/>\n<script type=\"application\/ld+json\" class=\"yoast-schema-graph\">{\"@context\":\"https:\/\/schema.org\",\"@graph\":[{\"@type\":\"WebPage\",\"@id\":\"https:\/\/www.kaysuns.com\/services\/\",\"url\":\"https:\/\/www.kaysuns.com\/services\/\",\"name\":\"Know About Our Services | KAYSUNS\",\"isPartOf\":{\"@id\":\"https:\/\/www.kaysuns.com\/#website\"},\"primaryImageOfPage\":{\"@id\":\"https:\/\/www.kaysuns.com\/services\/#primaryimage\"},\"image\":{\"@id\":\"https:\/\/www.kaysuns.com\/services\/#primaryimage\"},\"thumbnailUrl\":\"https:\/\/www.kaysuns.com\/wp-content\/uploads\/2024\/03\/kaysuns-services1-e1464855111632.webp\",\"datePublished\":\"2011-07-14T19:45:42+00:00\",\"dateModified\":\"2024-04-01T07:03:01+00:00\",\"description\":\"Read our service page. Contact us for more information about our Pipes, Fittings and Flanges today. Get in touch to know more.\",\"breadcrumb\":{\"@id\":\"https:\/\/www.kaysuns.com\/services\/#breadcrumb\"},\"inLanguage\":\"fr-FR\",\"potentialAction\":[{\"@type\":\"ReadAction\",\"target\":[\"https:\/\/www.kaysuns.com\/services\/\"]}]},{\"@type\":\"ImageObject\",\"inLanguage\":\"fr-FR\",\"@id\":\"https:\/\/www.kaysuns.com\/services\/#primaryimage\",\"url\":\"https:\/\/www.kaysuns.com\/wp-content\/uploads\/2024\/03\/kaysuns-services1-e1464855111632.webp\",\"contentUrl\":\"https:\/\/www.kaysuns.com\/wp-content\/uploads\/2024\/03\/kaysuns-services1-e1464855111632.webp\"},{\"@type\":\"BreadcrumbList\",\"@id\":\"https:\/\/www.kaysuns.com\/services\/#breadcrumb\",\"itemListElement\":[{\"@type\":\"ListItem\",\"position\":1,\"name\":\"Home\",\"item\":\"https:\/\/www.kaysuns.com\/\"},{\"@type\":\"ListItem\",\"position\":2,\"name\":\"Services\"}]},{\"@type\":\"WebSite\",\"@id\":\"https:\/\/www.kaysuns.com\/#website\",\"url\":\"https:\/\/www.kaysuns.com\/\",\"name\":\"Stainless Steel Pipe and Fittings | KAYSUNS\",\"description\":\"Stainless Steel Pipe &amp; Fittings Manufacturer and Supplier in China\",\"publisher\":{\"@id\":\"https:\/\/www.kaysuns.com\/#organization\"},\"alternateName\":\"KAYSUNS\",\"potentialAction\":[{\"@type\":\"SearchAction\",\"target\":{\"@type\":\"EntryPoint\",\"urlTemplate\":\"https:\/\/www.kaysuns.com\/?s={search_term_string}\"},\"query-input\":{\"@type\":\"PropertyValueSpecification\",\"valueRequired\":true,\"valueName\":\"search_term_string\"}}],\"inLanguage\":\"fr-FR\"},{\"@type\":\"Organization\",\"@id\":\"https:\/\/www.kaysuns.com\/#organization\",\"name\":\"Kaysuns Industry Ltd.\",\"url\":\"https:\/\/www.kaysuns.com\/\",\"logo\":{\"@type\":\"ImageObject\",\"inLanguage\":\"fr-FR\",\"@id\":\"https:\/\/www.kaysuns.com\/#\/schema\/logo\/image\/\",\"url\":\"https:\/\/www.kaysuns.com\/wp-content\/uploads\/2019\/12\/cropped-neve-industrial-logo-1.png\",\"contentUrl\":\"https:\/\/www.kaysuns.com\/wp-content\/uploads\/2019\/12\/cropped-neve-industrial-logo-1.png\",\"width\":52,\"height\":59,\"caption\":\"Kaysuns Industry Ltd.\"},\"image\":{\"@id\":\"https:\/\/www.kaysuns.com\/#\/schema\/logo\/image\/\"}}]}<\/script>\n<!-- \/ Yoast SEO plugin. -->","yoast_head_json":{"title":"D\u00e9couvrez nos services | KAYSUNS","description":"Lisez notre page de service. Contactez-nous d\u00e8s aujourd'hui pour plus d'informations sur nos tubes, raccords et brides. Contactez nous pour en savoir plus.","robots":{"index":"index","follow":"follow","max-snippet":"max-snippet:-1","max-image-preview":"max-image-preview:large","max-video-preview":"max-video-preview:-1"},"canonical":"https:\/\/www.kaysuns.com\/fr\/services\/","og_locale":"fr_FR","og_type":"article","og_title":"Know About Our Services | KAYSUNS","og_description":"Read our service page. Contact us for more information about our Pipes, Fittings and Flanges today. Get in touch to know more.","og_url":"https:\/\/www.kaysuns.com\/fr\/services\/","og_site_name":"Stainless Steel Pipe and Fittings | KAYSUNS","article_modified_time":"2024-04-01T07:03:01+00:00","og_image":[{"url":"https:\/\/www.kaysuns.com\/wp-content\/uploads\/2024\/03\/kaysuns-services1-e1464855111632.webp","type":"","width":"","height":""}],"twitter_card":"summary_large_image","twitter_misc":{"Dur\u00e9e de lecture estim\u00e9e":"1 minute"},"schema":{"@context":"https:\/\/schema.org","@graph":[{"@type":"WebPage","@id":"https:\/\/www.kaysuns.com\/services\/","url":"https:\/\/www.kaysuns.com\/services\/","name":"D\u00e9couvrez nos services | KAYSUNS","isPartOf":{"@id":"https:\/\/www.kaysuns.com\/#website"},"primaryImageOfPage":{"@id":"https:\/\/www.kaysuns.com\/services\/#primaryimage"},"image":{"@id":"https:\/\/www.kaysuns.com\/services\/#primaryimage"},"thumbnailUrl":"https:\/\/www.kaysuns.com\/wp-content\/uploads\/2024\/03\/kaysuns-services1-e1464855111632.webp","datePublished":"2011-07-14T19:45:42+00:00","dateModified":"2024-04-01T07:03:01+00:00","description":"Lisez notre page de service. Contactez-nous d\u00e8s aujourd'hui pour plus d'informations sur nos tubes, raccords et brides. Contactez nous pour en savoir plus.","breadcrumb":{"@id":"https:\/\/www.kaysuns.com\/services\/#breadcrumb"},"inLanguage":"fr-FR","potentialAction":[{"@type":"ReadAction","target":["https:\/\/www.kaysuns.com\/services\/"]}]},{"@type":"ImageObject","inLanguage":"fr-FR","@id":"https:\/\/www.kaysuns.com\/services\/#primaryimage","url":"https:\/\/www.kaysuns.com\/wp-content\/uploads\/2024\/03\/kaysuns-services1-e1464855111632.webp","contentUrl":"https:\/\/www.kaysuns.com\/wp-content\/uploads\/2024\/03\/kaysuns-services1-e1464855111632.webp"},{"@type":"BreadcrumbList","@id":"https:\/\/www.kaysuns.com\/services\/#breadcrumb","itemListElement":[{"@type":"ListItem","position":1,"name":"Home","item":"https:\/\/www.kaysuns.com\/"},{"@type":"ListItem","position":2,"name":"Services"}]},{"@type":"WebSite","@id":"https:\/\/www.kaysuns.com\/#website","url":"https:\/\/www.kaysuns.com\/","name":"Tubes et raccords en acier inoxydable | KAYSUNS","description":"Tubes et raccords en acier inoxydable Fabricant et Fournisseur en Chine","publisher":{"@id":"https:\/\/www.kaysuns.com\/#organization"},"alternateName":"KAYSUNS","potentialAction":[{"@type":"SearchAction","target":{"@type":"EntryPoint","urlTemplate":"https:\/\/www.kaysuns.com\/?s={search_term_string}"},"query-input":{"@type":"PropertyValueSpecification","valueRequired":true,"valueName":"search_term_string"}}],"inLanguage":"fr-FR"},{"@type":"Organization","@id":"https:\/\/www.kaysuns.com\/#organization","name":"Kaysuns Industry Ltd.","url":"https:\/\/www.kaysuns.com\/","logo":{"@type":"ImageObject","inLanguage":"fr-FR","@id":"https:\/\/www.kaysuns.com\/#\/schema\/logo\/image\/","url":"https:\/\/www.kaysuns.com\/wp-content\/uploads\/2019\/12\/cropped-neve-industrial-logo-1.png","contentUrl":"https:\/\/www.kaysuns.com\/wp-content\/uploads\/2019\/12\/cropped-neve-industrial-logo-1.png","width":52,"height":59,"caption":"Kaysuns Industry Ltd."},"image":{"@id":"https:\/\/www.kaysuns.com\/#\/schema\/logo\/image\/"}}]}},"_links":{"self":[{"href":"https:\/\/www.kaysuns.com\/fr\/wp-json\/wp\/v2\/pages\/7","targetHints":{"allow":["GET"]}}],"collection":[{"href":"https:\/\/www.kaysuns.com\/fr\/wp-json\/wp\/v2\/pages"}],"about":[{"href":"https:\/\/www.kaysuns.com\/fr\/wp-json\/wp\/v2\/types\/page"}],"author":[{"embeddable":true,"href":"https:\/\/www.kaysuns.com\/fr\/wp-json\/wp\/v2\/users\/1"}],"replies":[{"embeddable":true,"href":"https:\/\/www.kaysuns.com\/fr\/wp-json\/wp\/v2\/comments?post=7"}],"version-history":[{"count":6,"href":"https:\/\/www.kaysuns.com\/fr\/wp-json\/wp\/v2\/pages\/7\/revisions"}],"predecessor-version":[{"id":53366,"href":"https:\/\/www.kaysuns.com\/fr\/wp-json\/wp\/v2\/pages\/7\/revisions\/53366"}],"wp:attachment":[{"href":"https:\/\/www.kaysuns.com\/fr\/wp-json\/wp\/v2\/media?parent=7"}],"curies":[{"name":"wp","href":"https:\/\/api.w.org\/{rel}","templated":true}]}}