{"id":413,"date":"2012-05-23T08:42:07","date_gmt":"2012-05-23T08:42:07","guid":{"rendered":"http:\/\/192.168.9.29\/Development\/TB\/?page_id=413"},"modified":"2024-05-09T09:03:42","modified_gmt":"2024-05-09T09:03:42","slug":"ce-que-nous-faisons","status":"publish","type":"page","link":"https:\/\/www.kaysuns.com\/fr\/services\/ce-que-nous-faisons\/","title":{"rendered":"Ce que nous faisons"},"content":{"rendered":"<div data-elementor-type=\"wp-page\" data-elementor-id=\"413\" class=\"elementor elementor-413\" data-elementor-post-type=\"page\">\n\t\t\t\t\t\t<section class=\"elementor-section elementor-top-section elementor-element elementor-element-1439521b elementor-section-boxed elementor-section-height-default elementor-section-height-default\" data-id=\"1439521b\" data-element_type=\"section\">\n\t\t\t\t\t\t<div class=\"elementor-container elementor-column-gap-default\">\n\t\t\t\t\t<div class=\"elementor-column elementor-col-100 elementor-top-column elementor-element elementor-element-294080aa\" data-id=\"294080aa\" data-element_type=\"column\">\n\t\t\t<div class=\"elementor-widget-wrap elementor-element-populated\">\n\t\t\t\t\t\t<div class=\"elementor-element elementor-element-46c63781 elementor-widget elementor-widget-text-editor\" data-id=\"46c63781\" data-element_type=\"widget\" data-widget_type=\"text-editor.default\">\n\t\t\t\t<div class=\"elementor-widget-container\">\n\t\t\t\t\t\t\t\t\t<h1><\/h1>\r\n<h1 style=\"text-align: center;\">Ce que nous faisons<\/h1>\r\nKAYSUNS fournit des solutions globales pour les mat\u00e9riaux de tuyauterie tels que les tuyaux, les raccords, les brides, les vannes en acier inoxydable, en acier duplex et en acier alli\u00e9, etc. Nous sommes sp\u00e9cialis\u00e9s dans les tuyaux en acier inoxydable sans soudure de grand diam\u00e8tre, les coudes, les t\u00e9s, le plus grand diam\u00e8tre du tuyau pouvant aller jusqu'\u00e0 72\u2033.\r\n\r\nNous proposons \u00e9galement la fabrication sur mesure, la tuyauterie pr\u00e9fabriqu\u00e9e telle que le tuyau \u00e0 bride, le coude \u00e0 bride, etc., et le processus de rev\u00eatement d'alliages sp\u00e9ciaux tels que l'Inconel 625, l'Hastelloy C276, etc. Tous nos mat\u00e9riaux peuvent faire l'objet d'une inspection par une tierce partie (Lloyd's, BV, SGS, Intertek, ABS, TUV, etc.).\r\n\r\n&nbsp;\r\n<h2 style=\"text-align: center;\">PACKAGE COMPLET FOURNISSANT DE LA LISTE SUIVANTE<\/h2>\r\n<table class=\"table table-bordered table-hover\" border=\"1\" cellspacing=\"0\" cellpadding=\"0\" align=\"center\">\r\n<tbody>\r\n<tr>\r\n<td>RACCORDS<\/td>\r\n<td colspan=\"2\" align=\"center\"><strong>Soudage bout \u00e0 bout <\/strong>\r\n\r\nCoudes\r\n\r\nR\u00e9ducteurs\r\n\r\nT\u00e9s\r\n\r\nCroix\r\n\r\nCasquettes\r\n\r\nEmbouts de joint de recouvrement\r\n\r\nCintrage des tuyaux\r\n\r\nMamelons<\/td>\r\n<td align=\"center\"><strong>Forg\u00e9 (SW &amp; Filet\u00e9)<\/strong>\r\n\r\nCoudes\r\n\r\nR\u00e9ducteurs\r\n\r\nT\u00e9s\r\n\r\nBagues\r\n\r\nDouilles\r\n\r\nRaccords\r\n\r\nRaccords\r\n\r\nMamelon \u00e0 sertir\r\n\r\nSortie d'embranchement<\/td>\r\n<\/tr>\r\n<tr>\r\n<td>BRIDES<\/td>\r\n<td align=\"center\"><strong>BRIDES G\u00c9N\u00c9RALES<\/strong>\r\n\r\nCollet \u00e0 souder\r\n\r\nA enfiler\r\n\r\nFilet\u00e9\r\n\r\nEmbo\u00eeture \u00e0 souder\r\n\r\nAveugle\r\n\r\nType API<\/td>\r\n<td align=\"center\"><strong>BRIDES DE PLAQUE<\/strong>\r\n\r\nSpectacle(Figure 8)\r\n\r\nB\u00eache\r\n\r\nPagaie\r\n\r\nEntretoise\r\n\r\nAnneau d'\u00e9coulement<\/td>\r\n<td align=\"center\"><strong>BRIDES SP\u00c9CIALES<\/strong>\r\n\r\nBrides pivotantes\r\n\r\nBrides d'ancrage\r\n\r\nNipoflanges\r\n\r\nConception sur mesure<\/td>\r\n<\/tr>\r\n<tr>\r\n<td>TUYAU<\/td>\r\n<td colspan=\"3\" align=\"center\">Sans soudure et soud\u00e9\r\n\r\nTube en U pour \u00e9changeur de chaleur\r\n\r\nForte \u00e9paisseur de paroi\r\n\r\n\u00c9paisseur de paroi fine des tubes sans soudure de grand diam\u00e8tre\r\n\r\nAcier inoxydable duplex\r\n\r\nAlliage sp\u00e9cial<\/td>\r\n<\/tr>\r\n<tr>\r\n<td>VANNES<\/td>\r\n<td colspan=\"3\" align=\"center\">Boule \/ Porte \/ Globe \/ Clapet \/ Bouchon \/ Papillon etc.\r\n\r\nConception sp\u00e9ciale\r\n\r\nEn acier inoxydable, duplex, alliage et titane, etc.<\/td>\r\n<\/tr>\r\n<tr>\r\n<td>JOINTS<\/td>\r\n<td colspan=\"3\" align=\"center\">Mat\u00e9riaux exotiques et sp\u00e9ciaux\r\n\r\nFabriqu\u00e9 selon les dessins\r\n\r\nPetites quantit\u00e9s\r\n\r\nVari\u00e9t\u00e9 de types<\/td>\r\n<\/tr>\r\n<tr>\r\n<td>FIXATIONS<\/td>\r\n<td colspan=\"3\" align=\"center\">Dans Alliage sp\u00e9cial, Acier duplex\r\n\r\nDimensions sur mesure<\/td>\r\n<\/tr>\r\n<\/tbody>\r\n<\/table>\t\t\t\t\t\t\t\t<\/div>\n\t\t\t\t<\/div>\n\t\t\t\t\t<\/div>\n\t\t<\/div>\n\t\t\t\t\t<\/div>\n\t\t<\/section>\n\t\t\t\t<\/div>","protected":false},"excerpt":{"rendered":"<p>Ce que nous faisons KAYSUNS fournit un ensemble de solutions pour les mat\u00e9riaux de tuyauterie tels que les tuyaux, les raccords, les brides, les vannes en acier inoxydable, en acier duplex et en acier alli\u00e9, etc. Nous sommes forts dans les tuyaux en acier inoxydable sans soudure de grand diam\u00e8tre, les coudes, les t\u00e9s, le plus grand diam\u00e8tre de tuyau peut aller jusqu'\u00e0 72\u2033. Nous offrons \u00e9galement la fabrication sur mesure, la tuyauterie pr\u00e9fabriqu\u00e9e....&nbsp;<a href=\"https:\/\/www.kaysuns.com\/fr\/services\/ce-que-nous-faisons\/\" rel=\"bookmark\">Lire plus \"<span class=\"screen-reader-text\">Ce que nous faisons<\/span><\/a><\/p>","protected":false},"author":1,"featured_media":0,"parent":7,"menu_order":1,"comment_status":"closed","ping_status":"closed","template":"elementor_header_footer","meta":{"neve_meta_sidebar":"","neve_meta_container":"","neve_meta_enable_content_width":"","neve_meta_content_width":0,"neve_meta_title_alignment":"","neve_meta_author_avatar":"","neve_post_elements_order":"","neve_meta_disable_header":"","neve_meta_disable_footer":"","neve_meta_disable_title":"","neve_meta_reading_time":"","_ti_tpc_template_sync":false,"_ti_tpc_template_id":"","footnotes":""},"class_list":["post-413","page","type-page","status-publish","hentry"],"yoast_head":"<!-- This site is optimized with the Yoast SEO plugin v26.6 - https:\/\/yoast.com\/wordpress\/plugins\/seo\/ -->\n<title>What We Do - Stainless Steel Pipe and Fittings | KAYSUNS<\/title>\n<meta name=\"description\" content=\"KAYSUNS provides a package solutions for piping materials such pipes, fittings, flanges, valves in stainless steel, duplex steel and alloy steel etc.\" \/>\n<meta name=\"robots\" content=\"index, follow, max-snippet:-1, max-image-preview:large, max-video-preview:-1\" \/>\n<link rel=\"canonical\" href=\"https:\/\/www.kaysuns.com\/fr\/services\/ce-que-nous-faisons\/\" \/>\n<meta property=\"og:locale\" content=\"fr_FR\" \/>\n<meta property=\"og:type\" content=\"article\" \/>\n<meta property=\"og:title\" content=\"What We Do - Stainless Steel Pipe and Fittings | KAYSUNS\" \/>\n<meta property=\"og:description\" content=\"KAYSUNS provides a package solutions for piping materials such pipes, fittings, flanges, valves in stainless steel, duplex steel and alloy steel etc.\" \/>\n<meta property=\"og:url\" content=\"https:\/\/www.kaysuns.com\/fr\/services\/ce-que-nous-faisons\/\" \/>\n<meta property=\"og:site_name\" content=\"Stainless Steel Pipe and Fittings | KAYSUNS\" \/>\n<meta property=\"article:modified_time\" content=\"2024-05-09T09:03:42+00:00\" \/>\n<meta name=\"twitter:card\" content=\"summary_large_image\" \/>\n<meta name=\"twitter:label1\" content=\"Dur\u00e9e de lecture estim\u00e9e\" \/>\n\t<meta name=\"twitter:data1\" content=\"1 minute\" \/>\n<script type=\"application\/ld+json\" class=\"yoast-schema-graph\">{\"@context\":\"https:\/\/schema.org\",\"@graph\":[{\"@type\":\"WebPage\",\"@id\":\"https:\/\/www.kaysuns.com\/services\/what-we-do\/\",\"url\":\"https:\/\/www.kaysuns.com\/services\/what-we-do\/\",\"name\":\"What We Do - Stainless Steel Pipe and Fittings | KAYSUNS\",\"isPartOf\":{\"@id\":\"https:\/\/www.kaysuns.com\/#website\"},\"datePublished\":\"2012-05-23T08:42:07+00:00\",\"dateModified\":\"2024-05-09T09:03:42+00:00\",\"description\":\"KAYSUNS provides a package solutions for piping materials such pipes, fittings, flanges, valves in stainless steel, duplex steel and alloy steel etc.\",\"breadcrumb\":{\"@id\":\"https:\/\/www.kaysuns.com\/services\/what-we-do\/#breadcrumb\"},\"inLanguage\":\"fr-FR\",\"potentialAction\":[{\"@type\":\"ReadAction\",\"target\":[\"https:\/\/www.kaysuns.com\/services\/what-we-do\/\"]}]},{\"@type\":\"BreadcrumbList\",\"@id\":\"https:\/\/www.kaysuns.com\/services\/what-we-do\/#breadcrumb\",\"itemListElement\":[{\"@type\":\"ListItem\",\"position\":1,\"name\":\"Home\",\"item\":\"https:\/\/www.kaysuns.com\/\"},{\"@type\":\"ListItem\",\"position\":2,\"name\":\"Services\",\"item\":\"https:\/\/www.kaysuns.com\/services\/\"},{\"@type\":\"ListItem\",\"position\":3,\"name\":\"What We Do\"}]},{\"@type\":\"WebSite\",\"@id\":\"https:\/\/www.kaysuns.com\/#website\",\"url\":\"https:\/\/www.kaysuns.com\/\",\"name\":\"Stainless Steel Pipe and Fittings | KAYSUNS\",\"description\":\"Stainless Steel Pipe &amp; Fittings Manufacturer and Supplier in China\",\"publisher\":{\"@id\":\"https:\/\/www.kaysuns.com\/#organization\"},\"alternateName\":\"KAYSUNS\",\"potentialAction\":[{\"@type\":\"SearchAction\",\"target\":{\"@type\":\"EntryPoint\",\"urlTemplate\":\"https:\/\/www.kaysuns.com\/?s={search_term_string}\"},\"query-input\":{\"@type\":\"PropertyValueSpecification\",\"valueRequired\":true,\"valueName\":\"search_term_string\"}}],\"inLanguage\":\"fr-FR\"},{\"@type\":\"Organization\",\"@id\":\"https:\/\/www.kaysuns.com\/#organization\",\"name\":\"Kaysuns Industry Ltd.\",\"url\":\"https:\/\/www.kaysuns.com\/\",\"logo\":{\"@type\":\"ImageObject\",\"inLanguage\":\"fr-FR\",\"@id\":\"https:\/\/www.kaysuns.com\/#\/schema\/logo\/image\/\",\"url\":\"https:\/\/www.kaysuns.com\/wp-content\/uploads\/2019\/12\/cropped-neve-industrial-logo-1.png\",\"contentUrl\":\"https:\/\/www.kaysuns.com\/wp-content\/uploads\/2019\/12\/cropped-neve-industrial-logo-1.png\",\"width\":52,\"height\":59,\"caption\":\"Kaysuns Industry Ltd.\"},\"image\":{\"@id\":\"https:\/\/www.kaysuns.com\/#\/schema\/logo\/image\/\"}}]}<\/script>\n<!-- \/ Yoast SEO plugin. -->","yoast_head_json":{"title":"Ce que nous faisons - Tuyaux et raccords en acier inoxydable | KAYSUNS","description":"KAYSUNS fournit des solutions globales pour les mat\u00e9riaux de tuyauterie tels que les tuyaux, les raccords, les brides, les vannes en acier inoxydable, en acier duplex et en acier alli\u00e9, etc.","robots":{"index":"index","follow":"follow","max-snippet":"max-snippet:-1","max-image-preview":"max-image-preview:large","max-video-preview":"max-video-preview:-1"},"canonical":"https:\/\/www.kaysuns.com\/fr\/services\/ce-que-nous-faisons\/","og_locale":"fr_FR","og_type":"article","og_title":"What We Do - Stainless Steel Pipe and Fittings | KAYSUNS","og_description":"KAYSUNS provides a package solutions for piping materials such pipes, fittings, flanges, valves in stainless steel, duplex steel and alloy steel etc.","og_url":"https:\/\/www.kaysuns.com\/fr\/services\/ce-que-nous-faisons\/","og_site_name":"Stainless Steel Pipe and Fittings | KAYSUNS","article_modified_time":"2024-05-09T09:03:42+00:00","twitter_card":"summary_large_image","twitter_misc":{"Dur\u00e9e de lecture estim\u00e9e":"1 minute"},"schema":{"@context":"https:\/\/schema.org","@graph":[{"@type":"WebPage","@id":"https:\/\/www.kaysuns.com\/services\/what-we-do\/","url":"https:\/\/www.kaysuns.com\/services\/what-we-do\/","name":"Ce que nous faisons - Tuyaux et raccords en acier inoxydable | KAYSUNS","isPartOf":{"@id":"https:\/\/www.kaysuns.com\/#website"},"datePublished":"2012-05-23T08:42:07+00:00","dateModified":"2024-05-09T09:03:42+00:00","description":"KAYSUNS fournit des solutions globales pour les mat\u00e9riaux de tuyauterie tels que les tuyaux, les raccords, les brides, les vannes en acier inoxydable, en acier duplex et en acier alli\u00e9, etc.","breadcrumb":{"@id":"https:\/\/www.kaysuns.com\/services\/what-we-do\/#breadcrumb"},"inLanguage":"fr-FR","potentialAction":[{"@type":"ReadAction","target":["https:\/\/www.kaysuns.com\/services\/what-we-do\/"]}]},{"@type":"BreadcrumbList","@id":"https:\/\/www.kaysuns.com\/services\/what-we-do\/#breadcrumb","itemListElement":[{"@type":"ListItem","position":1,"name":"Home","item":"https:\/\/www.kaysuns.com\/"},{"@type":"ListItem","position":2,"name":"Services","item":"https:\/\/www.kaysuns.com\/services\/"},{"@type":"ListItem","position":3,"name":"What We Do"}]},{"@type":"WebSite","@id":"https:\/\/www.kaysuns.com\/#website","url":"https:\/\/www.kaysuns.com\/","name":"Tubes et raccords en acier inoxydable | KAYSUNS","description":"Tubes et raccords en acier inoxydable Fabricant et Fournisseur en Chine","publisher":{"@id":"https:\/\/www.kaysuns.com\/#organization"},"alternateName":"KAYSUNS","potentialAction":[{"@type":"SearchAction","target":{"@type":"EntryPoint","urlTemplate":"https:\/\/www.kaysuns.com\/?s={search_term_string}"},"query-input":{"@type":"PropertyValueSpecification","valueRequired":true,"valueName":"search_term_string"}}],"inLanguage":"fr-FR"},{"@type":"Organization","@id":"https:\/\/www.kaysuns.com\/#organization","name":"Kaysuns Industry Ltd.","url":"https:\/\/www.kaysuns.com\/","logo":{"@type":"ImageObject","inLanguage":"fr-FR","@id":"https:\/\/www.kaysuns.com\/#\/schema\/logo\/image\/","url":"https:\/\/www.kaysuns.com\/wp-content\/uploads\/2019\/12\/cropped-neve-industrial-logo-1.png","contentUrl":"https:\/\/www.kaysuns.com\/wp-content\/uploads\/2019\/12\/cropped-neve-industrial-logo-1.png","width":52,"height":59,"caption":"Kaysuns Industry Ltd."},"image":{"@id":"https:\/\/www.kaysuns.com\/#\/schema\/logo\/image\/"}}]}},"_links":{"self":[{"href":"https:\/\/www.kaysuns.com\/fr\/wp-json\/wp\/v2\/pages\/413","targetHints":{"allow":["GET"]}}],"collection":[{"href":"https:\/\/www.kaysuns.com\/fr\/wp-json\/wp\/v2\/pages"}],"about":[{"href":"https:\/\/www.kaysuns.com\/fr\/wp-json\/wp\/v2\/types\/page"}],"author":[{"embeddable":true,"href":"https:\/\/www.kaysuns.com\/fr\/wp-json\/wp\/v2\/users\/1"}],"replies":[{"embeddable":true,"href":"https:\/\/www.kaysuns.com\/fr\/wp-json\/wp\/v2\/comments?post=413"}],"version-history":[{"count":5,"href":"https:\/\/www.kaysuns.com\/fr\/wp-json\/wp\/v2\/pages\/413\/revisions"}],"predecessor-version":[{"id":53367,"href":"https:\/\/www.kaysuns.com\/fr\/wp-json\/wp\/v2\/pages\/413\/revisions\/53367"}],"up":[{"embeddable":true,"href":"https:\/\/www.kaysuns.com\/fr\/wp-json\/wp\/v2\/pages\/7"}],"wp:attachment":[{"href":"https:\/\/www.kaysuns.com\/fr\/wp-json\/wp\/v2\/media?parent=413"}],"curies":[{"name":"wp","href":"https:\/\/api.w.org\/{rel}","templated":true}]}}