{"id":2917,"date":"2016-05-12T05:22:11","date_gmt":"2016-05-12T05:22:11","guid":{"rendered":"http:\/\/www.kaysuns.com\/?page_id=2917"},"modified":"2024-09-30T07:36:58","modified_gmt":"2024-09-30T07:36:58","slug":"a-propos-de-kaysuns","status":"publish","type":"page","link":"https:\/\/www.kaysuns.com\/fr\/a-propos-de-kaysuns\/","title":{"rendered":"A propos de nous"},"content":{"rendered":"<div data-elementor-type=\"wp-page\" data-elementor-id=\"2917\" class=\"elementor elementor-2917\" data-elementor-post-type=\"page\">\n\t\t\t\t\t\t<section class=\"elementor-section elementor-top-section elementor-element elementor-element-20b84a2 elementor-section-boxed elementor-section-height-default elementor-section-height-default\" data-id=\"20b84a2\" data-element_type=\"section\">\n\t\t\t\t\t\t<div class=\"elementor-container elementor-column-gap-default\">\n\t\t\t\t\t<div class=\"elementor-column elementor-col-100 elementor-top-column elementor-element elementor-element-f039b33\" data-id=\"f039b33\" data-element_type=\"column\">\n\t\t\t<div class=\"elementor-widget-wrap elementor-element-populated\">\n\t\t\t\t\t\t<div class=\"elementor-element elementor-element-2f5a291 elementor-widget elementor-widget-heading\" data-id=\"2f5a291\" data-element_type=\"widget\" data-widget_type=\"heading.default\">\n\t\t\t\t<div class=\"elementor-widget-container\">\n\t\t\t\t\t<h2 class=\"elementor-heading-title elementor-size-default\">\u00c0 propos de KAYSUNS<\/h2>\t\t\t\t<\/div>\n\t\t\t\t<\/div>\n\t\t\t\t<div class=\"elementor-element elementor-element-8b89279 elementor-widget elementor-widget-text-editor\" data-id=\"8b89279\" data-element_type=\"widget\" data-widget_type=\"text-editor.default\">\n\t\t\t\t<div class=\"elementor-widget-container\">\n\t\t\t\t\t\t\t\t\t<p><strong>Kaysuns<\/strong> est un fabricant et fournisseur professionnel sp\u00e9cialis\u00e9 dans les tuyaux et raccords en acier inoxydable et en acier duplex. Bas\u00e9s en Chine, nous avons toujours une bonne compr\u00e9hension des tendances du march\u00e9 local et international et sommes donc pr\u00eats \u00e0 fournir des produits \u00e0 partir des mat\u00e9riaux les plus r\u00e9cents. De nos jours, nos produits se caract\u00e9risent non seulement par l&#039;acier inoxydable et l&#039;acier duplex, mais aussi par l&#039;alliage \u00e0 base de nickel, l&#039;alliage de titane, l&#039;alliage de cuivre et d&#039;autres nouveaux mat\u00e9riaux.<\/p>\t\t\t\t\t\t\t\t<\/div>\n\t\t\t\t<\/div>\n\t\t\t\t<div class=\"elementor-element elementor-element-4203f6d elementor-widget elementor-widget-text-editor\" data-id=\"4203f6d\" data-element_type=\"widget\" data-widget_type=\"text-editor.default\">\n\t\t\t\t<div class=\"elementor-widget-container\">\n\t\t\t\t\t\t\t\t\t<p>La soci\u00e9t\u00e9 se consacre \u00e0 fournir le service global de solutions industrielles en provenance de Chine continentale. Les produits avec lesquels nous traitons comprennent des tuyaux et tubes en acier inoxydable, des raccords de tuyauterie, des brides, des vannes, des fixations, des joints, etc., ainsi que des produits et des conceptions personnalis\u00e9s selon les besoins et les exigences sp\u00e9cifiques du client. ASME\/ANSI,ASTM,EN\/DIN,GB,JIS,ISO,BS etc, nos mat\u00e9riaux toujours fabriqu\u00e9s et livr\u00e9s selon les normes internationales.<\/p><p>Cro\u00eetre ensemble avec nos clients est notre fiert\u00e9. \u00catre une source \u00e0 guichet unique peut r\u00e9duire les co\u00fbts d&#039;exploitation et am\u00e9liorer l&#039;efficacit\u00e9 du travail pour nos clients, puis maintenir la concurrence et \u00e9tendre l&#039;activit\u00e9 sur le march\u00e9.<\/p><p>Un partenaire fiable est la cl\u00e9 du succ\u00e8s d&#039;un projet, surtout si vous voulez faire quelque chose avec la Chine. Qualit\u00e9 fiable, co\u00fbt raisonnable, livraison rapide et bon service, KAYSUNS est le meilleur choix pour votre vision globale !<\/p>\t\t\t\t\t\t\t\t<\/div>\n\t\t\t\t<\/div>\n\t\t\t\t\t<\/div>\n\t\t<\/div>\n\t\t\t\t\t<\/div>\n\t\t<\/section>\n\t\t\t\t<section class=\"elementor-section elementor-top-section elementor-element elementor-element-e94c01d elementor-section-boxed elementor-section-height-default elementor-section-height-default\" data-id=\"e94c01d\" data-element_type=\"section\">\n\t\t\t\t\t\t<div class=\"elementor-container elementor-column-gap-default\">\n\t\t\t\t\t<div class=\"elementor-column elementor-col-100 elementor-top-column elementor-element elementor-element-e390f6a\" data-id=\"e390f6a\" data-element_type=\"column\">\n\t\t\t<div class=\"elementor-widget-wrap elementor-element-populated\">\n\t\t\t\t\t\t<div class=\"elementor-element elementor-element-a07abbc elementor-widget elementor-widget-heading\" data-id=\"a07abbc\" data-element_type=\"widget\" data-widget_type=\"heading.default\">\n\t\t\t\t<div class=\"elementor-widget-container\">\n\t\t\t\t\t<h2 class=\"elementor-heading-title elementor-size-default\">Nos produits de force<span style=\"font-size: var(--h2fontsize);font-weight: var(--h2fontweight);background-color: var(--nv-site-bg);color: var(--nv-text-color)\">:<\/span><span style=\"font-family: var(--headingsfontfamily),var(--nv-fallback-ff);font-size: var(--h2fontsize);font-weight: var(--h2fontweight);letter-spacing: var(--h2letterspacing);text-transform: var(--h2texttransform);background-color: var(--nv-site-bg);color: var(--nv-text-color)\"><\/span><br><\/h2>\t\t\t\t<\/div>\n\t\t\t\t<\/div>\n\t\t\t\t<div class=\"elementor-element elementor-element-03365c9 elementor-widget elementor-widget-text-editor\" data-id=\"03365c9\" data-element_type=\"widget\" data-widget_type=\"text-editor.default\">\n\t\t\t\t<div class=\"elementor-widget-container\">\n\t\t\t\t\t\t\t\t\t<ul><li>L&#039;ensemble de fourniture comprend des tuyaux en acier inoxydable sans soudure, des tubes de pr\u00e9cision, des raccords de tuyauterie soud\u00e9s bout \u00e0 bout, des raccords forg\u00e9s, des brides en acier, des vannes industrielles, des joints et des boulons, etc.<\/li><li>L&#039;une de nos principales forces est de fabriquer et de fournir un grand diam\u00e8tre <a href=\"https:\/\/www.kaysuns.com\/fr\/\" target=\"_blank\">tuyaux en acier inoxydable sans soudure<\/a>, inclure l&#039;\u00e9paisseur de paroi mince et l&#039;\u00e9paisseur de paroi lourde <a href=\"https:\/\/www.kaysuns.com\/fr\/\" target=\"_blank\">tuyau en acier duplex sans soudure<\/a>, comme la taille de 24&quot;* SCH20, 36&quot;* SCHXXS etc.<\/li><li>Nos autres points forts sont les coudes et les raccords en t\u00e9 d&#039;\u00e9paisseur de paroi \u00e9paisse \u00e0 gros al\u00e9sage sans soudure. Notre machine de formage de 5000 tonnes nous permet de fabriquer des raccords de tuyauterie sans soudure lourds de bonne qualit\u00e9 et de haute performance.<\/li><li>Nous fournissons non seulement des tuyaux et des raccords en acier inoxydable et en alliages, mais fournissons \u00e9galement des produits et services de fabrication sur mesure, de soudage par recouvrement pour la tuyauterie, pr\u00e9fabriqu\u00e9s de tuyaux \u00e0 bride et de coude \u00e0 bride, etc.<\/li><li>Diverses qualit\u00e9s de mat\u00e9riaux en acier inoxydable 310S, 347H, 317L, 904L, 254SMO, Duplex 2205, Super Duplex 2507, alliage cuivre-nickel C71500, C70600, Monel 400, Inconel 600, 625, Hastelloy C276, alliage de titane, etc.<\/li><\/ul>\t\t\t\t\t\t\t\t<\/div>\n\t\t\t\t<\/div>\n\t\t\t\t<div class=\"elementor-element elementor-element-92a5458 elementor-widget-divider--view-line elementor-widget elementor-widget-divider\" data-id=\"92a5458\" data-element_type=\"widget\" data-widget_type=\"divider.default\">\n\t\t\t\t<div class=\"elementor-widget-container\">\n\t\t\t\t\t\t\t<div class=\"elementor-divider\">\n\t\t\t<span class=\"elementor-divider-separator\">\n\t\t\t\t\t\t<\/span>\n\t\t<\/div>\n\t\t\t\t\t\t<\/div>\n\t\t\t\t<\/div>\n\t\t\t\t<div class=\"elementor-element elementor-element-f5be605 elementor-widget elementor-widget-text-editor\" data-id=\"f5be605\" data-element_type=\"widget\" data-widget_type=\"text-editor.default\">\n\t\t\t\t<div class=\"elementor-widget-container\">\n\t\t\t\t\t\t\t\t\t<p>Pour plus d&#039;informations sur Kaysuns et nos produits, n&#039;h\u00e9sitez pas \u00e0 <a href=\"mailto:sales@kaysuns.com\" target=\"_blank\">contactez-nous<\/a>.<\/p>\t\t\t\t\t\t\t\t<\/div>\n\t\t\t\t<\/div>\n\t\t\t\t\t<\/div>\n\t\t<\/div>\n\t\t\t\t\t<\/div>\n\t\t<\/section>\n\t\t\t\t<\/div>","protected":false},"excerpt":{"rendered":"<p>A propos de KAYSUNS Kaysuns est un fabricant et fournisseur professionnel sp\u00e9cialis\u00e9 dans les tuyaux et raccords en acier inoxydable et en acier duplex. Bas\u00e9s en Chine, nous avons toujours bien saisi les tendances du march\u00e9 local et international et sommes donc pr\u00eats \u00e0 fournir des produits \u00e0 partir des mat\u00e9riaux les plus r\u00e9cents. De nos jours, nos produits se caract\u00e9risent non seulement par...&nbsp;<a href=\"https:\/\/www.kaysuns.com\/fr\/a-propos-de-kaysuns\/\" rel=\"bookmark\">Lire plus \"<span class=\"screen-reader-text\">A propos de nous<\/span><\/a><\/p>","protected":false},"author":1,"featured_media":0,"parent":0,"menu_order":0,"comment_status":"closed","ping_status":"closed","template":"elementor_header_footer","meta":{"neve_meta_sidebar":"","neve_meta_container":"","neve_meta_enable_content_width":"","neve_meta_content_width":0,"neve_meta_title_alignment":"","neve_meta_author_avatar":"","neve_post_elements_order":"","neve_meta_disable_header":"","neve_meta_disable_footer":"","neve_meta_disable_title":"","neve_meta_reading_time":"","_ti_tpc_template_sync":false,"_ti_tpc_template_id":"","footnotes":""},"class_list":["post-2917","page","type-page","status-publish","hentry"],"yoast_head":"<!-- This site is optimized with the Yoast SEO plugin v26.6 - https:\/\/yoast.com\/wordpress\/plugins\/seo\/ -->\n<title>About Kaysuns Ltd. | Stainless Steel Pipe and Fittings | KAYSUNS<\/title>\n<meta name=\"description\" content=\"Kaysuns is a professional manufacturer and supplier for stainless steel and duplex steel pipes, buttweld fittings, flanegs, valves etc. in China.\" \/>\n<meta name=\"robots\" content=\"index, follow, max-snippet:-1, max-image-preview:large, max-video-preview:-1\" \/>\n<link rel=\"canonical\" href=\"https:\/\/www.kaysuns.com\/fr\/a-propos-de-kaysuns\/\" \/>\n<meta property=\"og:locale\" content=\"fr_FR\" \/>\n<meta property=\"og:type\" content=\"article\" \/>\n<meta property=\"og:title\" content=\"About Kaysuns Ltd. | Stainless Steel Pipe and Fittings | KAYSUNS\" \/>\n<meta property=\"og:description\" content=\"Kaysuns is a professional manufacturer and supplier for stainless steel and duplex steel pipes, buttweld fittings, flanegs, valves etc. in China.\" \/>\n<meta property=\"og:url\" content=\"https:\/\/www.kaysuns.com\/fr\/a-propos-de-kaysuns\/\" \/>\n<meta property=\"og:site_name\" content=\"Stainless Steel Pipe and Fittings | KAYSUNS\" \/>\n<meta property=\"article:modified_time\" content=\"2024-09-30T07:36:58+00:00\" \/>\n<meta name=\"twitter:card\" content=\"summary_large_image\" \/>\n<meta name=\"twitter:label1\" content=\"Dur\u00e9e de lecture estim\u00e9e\" \/>\n\t<meta name=\"twitter:data1\" content=\"2 minutes\" \/>\n<script type=\"application\/ld+json\" class=\"yoast-schema-graph\">{\"@context\":\"https:\/\/schema.org\",\"@graph\":[{\"@type\":\"WebPage\",\"@id\":\"https:\/\/www.kaysuns.com\/about-kaysuns\/\",\"url\":\"https:\/\/www.kaysuns.com\/about-kaysuns\/\",\"name\":\"About Kaysuns Ltd. | Stainless Steel Pipe and Fittings | KAYSUNS\",\"isPartOf\":{\"@id\":\"https:\/\/www.kaysuns.com\/#website\"},\"datePublished\":\"2016-05-12T05:22:11+00:00\",\"dateModified\":\"2024-09-30T07:36:58+00:00\",\"description\":\"Kaysuns is a professional manufacturer and supplier for stainless steel and duplex steel pipes, buttweld fittings, flanegs, valves etc. in China.\",\"breadcrumb\":{\"@id\":\"https:\/\/www.kaysuns.com\/about-kaysuns\/#breadcrumb\"},\"inLanguage\":\"fr-FR\",\"potentialAction\":[{\"@type\":\"ReadAction\",\"target\":[\"https:\/\/www.kaysuns.com\/about-kaysuns\/\"]}]},{\"@type\":\"BreadcrumbList\",\"@id\":\"https:\/\/www.kaysuns.com\/about-kaysuns\/#breadcrumb\",\"itemListElement\":[{\"@type\":\"ListItem\",\"position\":1,\"name\":\"Home\",\"item\":\"https:\/\/www.kaysuns.com\/\"},{\"@type\":\"ListItem\",\"position\":2,\"name\":\"About Us\"}]},{\"@type\":\"WebSite\",\"@id\":\"https:\/\/www.kaysuns.com\/#website\",\"url\":\"https:\/\/www.kaysuns.com\/\",\"name\":\"Stainless Steel Pipe and Fittings | KAYSUNS\",\"description\":\"Stainless Steel Pipe &amp; Fittings Manufacturer and Supplier in China\",\"publisher\":{\"@id\":\"https:\/\/www.kaysuns.com\/#organization\"},\"alternateName\":\"KAYSUNS\",\"potentialAction\":[{\"@type\":\"SearchAction\",\"target\":{\"@type\":\"EntryPoint\",\"urlTemplate\":\"https:\/\/www.kaysuns.com\/?s={search_term_string}\"},\"query-input\":{\"@type\":\"PropertyValueSpecification\",\"valueRequired\":true,\"valueName\":\"search_term_string\"}}],\"inLanguage\":\"fr-FR\"},{\"@type\":\"Organization\",\"@id\":\"https:\/\/www.kaysuns.com\/#organization\",\"name\":\"Kaysuns Industry Ltd.\",\"url\":\"https:\/\/www.kaysuns.com\/\",\"logo\":{\"@type\":\"ImageObject\",\"inLanguage\":\"fr-FR\",\"@id\":\"https:\/\/www.kaysuns.com\/#\/schema\/logo\/image\/\",\"url\":\"https:\/\/www.kaysuns.com\/wp-content\/uploads\/2019\/12\/cropped-neve-industrial-logo-1.png\",\"contentUrl\":\"https:\/\/www.kaysuns.com\/wp-content\/uploads\/2019\/12\/cropped-neve-industrial-logo-1.png\",\"width\":52,\"height\":59,\"caption\":\"Kaysuns Industry Ltd.\"},\"image\":{\"@id\":\"https:\/\/www.kaysuns.com\/#\/schema\/logo\/image\/\"}}]}<\/script>\n<!-- \/ Yoast SEO plugin. -->","yoast_head_json":{"title":"A propos de Kaysuns Ltd. | Tuyaux et raccords en acier inoxydable | KAYSUNS","description":"Kaysuns est un fabricant et fournisseur professionnel de tuyaux en acier inoxydable et en acier duplex, de raccords soud\u00e9s bout \u00e0 bout, de flanegs, de vannes, etc. en Chine.","robots":{"index":"index","follow":"follow","max-snippet":"max-snippet:-1","max-image-preview":"max-image-preview:large","max-video-preview":"max-video-preview:-1"},"canonical":"https:\/\/www.kaysuns.com\/fr\/a-propos-de-kaysuns\/","og_locale":"fr_FR","og_type":"article","og_title":"About Kaysuns Ltd. | Stainless Steel Pipe and Fittings | KAYSUNS","og_description":"Kaysuns is a professional manufacturer and supplier for stainless steel and duplex steel pipes, buttweld fittings, flanegs, valves etc. in China.","og_url":"https:\/\/www.kaysuns.com\/fr\/a-propos-de-kaysuns\/","og_site_name":"Stainless Steel Pipe and Fittings | KAYSUNS","article_modified_time":"2024-09-30T07:36:58+00:00","twitter_card":"summary_large_image","twitter_misc":{"Dur\u00e9e de lecture estim\u00e9e":"2 minutes"},"schema":{"@context":"https:\/\/schema.org","@graph":[{"@type":"WebPage","@id":"https:\/\/www.kaysuns.com\/about-kaysuns\/","url":"https:\/\/www.kaysuns.com\/about-kaysuns\/","name":"A propos de Kaysuns Ltd. | Tuyaux et raccords en acier inoxydable | KAYSUNS","isPartOf":{"@id":"https:\/\/www.kaysuns.com\/#website"},"datePublished":"2016-05-12T05:22:11+00:00","dateModified":"2024-09-30T07:36:58+00:00","description":"Kaysuns est un fabricant et fournisseur professionnel de tuyaux en acier inoxydable et en acier duplex, de raccords soud\u00e9s bout \u00e0 bout, de flanegs, de vannes, etc. en Chine.","breadcrumb":{"@id":"https:\/\/www.kaysuns.com\/about-kaysuns\/#breadcrumb"},"inLanguage":"fr-FR","potentialAction":[{"@type":"ReadAction","target":["https:\/\/www.kaysuns.com\/about-kaysuns\/"]}]},{"@type":"BreadcrumbList","@id":"https:\/\/www.kaysuns.com\/about-kaysuns\/#breadcrumb","itemListElement":[{"@type":"ListItem","position":1,"name":"Home","item":"https:\/\/www.kaysuns.com\/"},{"@type":"ListItem","position":2,"name":"About Us"}]},{"@type":"WebSite","@id":"https:\/\/www.kaysuns.com\/#website","url":"https:\/\/www.kaysuns.com\/","name":"Tubes et raccords en acier inoxydable | KAYSUNS","description":"Tubes et raccords en acier inoxydable Fabricant et Fournisseur en Chine","publisher":{"@id":"https:\/\/www.kaysuns.com\/#organization"},"alternateName":"KAYSUNS","potentialAction":[{"@type":"SearchAction","target":{"@type":"EntryPoint","urlTemplate":"https:\/\/www.kaysuns.com\/?s={search_term_string}"},"query-input":{"@type":"PropertyValueSpecification","valueRequired":true,"valueName":"search_term_string"}}],"inLanguage":"fr-FR"},{"@type":"Organization","@id":"https:\/\/www.kaysuns.com\/#organization","name":"Kaysuns Industry Ltd.","url":"https:\/\/www.kaysuns.com\/","logo":{"@type":"ImageObject","inLanguage":"fr-FR","@id":"https:\/\/www.kaysuns.com\/#\/schema\/logo\/image\/","url":"https:\/\/www.kaysuns.com\/wp-content\/uploads\/2019\/12\/cropped-neve-industrial-logo-1.png","contentUrl":"https:\/\/www.kaysuns.com\/wp-content\/uploads\/2019\/12\/cropped-neve-industrial-logo-1.png","width":52,"height":59,"caption":"Kaysuns Industry Ltd."},"image":{"@id":"https:\/\/www.kaysuns.com\/#\/schema\/logo\/image\/"}}]}},"_links":{"self":[{"href":"https:\/\/www.kaysuns.com\/fr\/wp-json\/wp\/v2\/pages\/2917","targetHints":{"allow":["GET"]}}],"collection":[{"href":"https:\/\/www.kaysuns.com\/fr\/wp-json\/wp\/v2\/pages"}],"about":[{"href":"https:\/\/www.kaysuns.com\/fr\/wp-json\/wp\/v2\/types\/page"}],"author":[{"embeddable":true,"href":"https:\/\/www.kaysuns.com\/fr\/wp-json\/wp\/v2\/users\/1"}],"replies":[{"embeddable":true,"href":"https:\/\/www.kaysuns.com\/fr\/wp-json\/wp\/v2\/comments?post=2917"}],"version-history":[{"count":8,"href":"https:\/\/www.kaysuns.com\/fr\/wp-json\/wp\/v2\/pages\/2917\/revisions"}],"predecessor-version":[{"id":53364,"href":"https:\/\/www.kaysuns.com\/fr\/wp-json\/wp\/v2\/pages\/2917\/revisions\/53364"}],"wp:attachment":[{"href":"https:\/\/www.kaysuns.com\/fr\/wp-json\/wp\/v2\/media?parent=2917"}],"curies":[{"name":"wp","href":"https:\/\/api.w.org\/{rel}","templated":true}]}}