{"id":2700,"date":"2016-01-07T08:42:56","date_gmt":"2016-01-07T08:42:56","guid":{"rendered":"http:\/\/www.kaysuns.com\/?page_id=2700"},"modified":"2025-07-17T06:13:08","modified_gmt":"2025-07-17T06:13:08","slug":"robinetterie-sanitaire","status":"publish","type":"page","link":"https:\/\/www.kaysuns.com\/fr\/robinetterie-sanitaire\/","title":{"rendered":"Raccords sanitaires"},"content":{"rendered":"<div data-elementor-type=\"wp-page\" data-elementor-id=\"2700\" class=\"elementor elementor-2700\" data-elementor-post-type=\"page\">\n\t\t\t\t\t\t<section class=\"elementor-section elementor-top-section elementor-element elementor-element-3c1110f3 elementor-section-boxed elementor-section-height-default elementor-section-height-default\" data-id=\"3c1110f3\" data-element_type=\"section\">\n\t\t\t\t\t\t<div class=\"elementor-container elementor-column-gap-default\">\n\t\t\t\t\t<div class=\"elementor-column elementor-col-100 elementor-top-column elementor-element elementor-element-206dd813\" data-id=\"206dd813\" data-element_type=\"column\">\n\t\t\t<div class=\"elementor-widget-wrap elementor-element-populated\">\n\t\t\t\t\t\t<div class=\"elementor-element elementor-element-2a4a106 elementor-widget elementor-widget-text-editor\" data-id=\"2a4a106\" data-element_type=\"widget\" data-widget_type=\"text-editor.default\">\n\t\t\t\t<div class=\"elementor-widget-container\">\n\t\t\t\t\t\t\t\t\t<h1 class=\"h2c\"><strong>Raccords sanitaires<\/strong><\/h1><p>Aucun article ne pourrait expliquer le monde entier de la tuyauterie et des raccords de processus. Il s&#039;agit d&#039;une \u00e9norme matrice de nomenclatures de tuyaux, de dimensions de diam\u00e8tre int\u00e9rieur, de dimensions de diam\u00e8tre ext\u00e9rieur et de mat\u00e9riaux de construction, sans parler des diff\u00e9rentes options de brides et d&#039;extr\u00e9mit\u00e9s filet\u00e9es. Cet article tentera d&#039;appr\u00e9hender le monde de la tuyauterie de process sanitaire. La tuyauterie et les raccords de processus sanitaires (\u00e9galement connus sous le nom de tuyauterie hygi\u00e9nique ou tuyauterie de haute puret\u00e9) sont utilis\u00e9s presque exclusivement dans les industries de l&#039;alimentation, des boissons, de la biopharmaceutique et des soins personnels.<\/p><p>Les raccords et tuyaux sanitaires (\u00e9galement appel\u00e9s raccords et tuyaux hygi\u00e9niques) ont \u00e9t\u00e9 d\u00e9velopp\u00e9s et sont utilis\u00e9s parce qu'ils peuvent \u00eatre nettoy\u00e9s, soit en d\u00e9montant un syst\u00e8me et en le nettoyant manuellement, soit en utilisant un appareil de nettoyage. <a href=\"https:\/\/www.kaysuns.com\/fr\/quest-ce-que-le-nettoyage-en-place-clean-in-place-cip\/\" target=\"_blank\" rel=\"noopener\">CIP (clean in place)<\/a> processus. Ils limitent les zones de pi\u00e9geage o\u00f9 les bact\u00e9ries peuvent se former ou se loger. Ils sont \u00e9galement r\u00e9sistants \u00e0 la corrosion.<\/p><hr \/><h2 class=\"h3c\">Vous trouverez ci-dessous les caract\u00e9ristiques communes des canalisations sanitaires.<\/h2><ul><li>Toute la tuyauterie sanitaire est mesur\u00e9e en diam\u00e8tre ext\u00e9rieur du tube. Si vous tenez un raccord sanitaire dans votre main, mesurez le diam\u00e8tre ext\u00e9rieur de la section du tube du raccord. C&#039;est la taille correcte, pas ce que mesure la face des raccords d&#039;extr\u00e9mit\u00e9.<\/li><li>Vous pouvez acheter des raccords et des tubes dans des tailles allant de \u00bd \u00e0 12&quot;. \u00bd&quot;-4&quot; sont les tailles les plus couramment disponibles.<\/li><li>L&#039;\u00e9paisseur de paroi des tailles \u00bd&quot;-3&quot; est de 0,065&quot; (16Ga)<\/li><li>L&#039;\u00e9paisseur de paroi de 4&quot; est de 0,083&quot; (14Ga)<\/li><li>L&#039;\u00e9paisseur de paroi de 6&quot; est de 0,109&quot; (12Ga)<\/li><li>L&#039;\u00e9paisseur de paroi des tailles 10&quot; et 12&quot; est de 0,120&quot;<\/li><li>La plupart des raccords sanitaires sont en acier inoxydable 304 ou 316L. Des alliages plus nobles tels que l&#039;AL6XN, le Titane et l&#039;Hastelloy sont disponibles en quantit\u00e9s et dimensions limit\u00e9es.<\/li><li>La qualit\u00e9 de la finition de surface est class\u00e9e par son Ra. Ra est d\u00e9termin\u00e9 en prenant la distance moyenne entre les pics et les creux sur la surface m\u00e9tallique. Il est normalement mesur\u00e9 en micro pouces. La mesure Ra minimale n\u00e9cessaire pour rendre un raccord \u00ab sanitaire \u00bb est de 32. De nombreuses industries telles que l&#039;industrie biopharmaceutique exigent que les tubes soient de la gamme 15-20Ra.<\/li><li>Les raccords sanitaires n&#039;ont pas de poches, de filetages ou de rayons serr\u00e9s. Les rayons des coudes sanitaires ont \u00e9t\u00e9 standardis\u00e9s. Le rayon d&#039;un coude sanitaire est de 1 \u00bd fois le diam\u00e8tre ext\u00e9rieur du tube. Ainsi un coude de 1&quot; a un rayon de 1 \u00bd&quot;, un coude de 2&quot; a un rayon de 3&quot;, etc.<\/li><li>Les offres de connexion d&#039;extr\u00e9mit\u00e9 de raccord sanitaire les plus r\u00e9pandues sont le soudage bout \u00e0 bout et la pince sanitaire. Un joint de serrage sanitaire se compose de deux raccords sans distinction de sexe avec un joint sanitaire entre les deux, tous dirig\u00e9s ensemble par un collier. Il existe une multitude d&#039;autres syst\u00e8mes de connexion sanitaire moins connus, notamment le si\u00e8ge biseaut\u00e9, John Perry, I Line et Q Line. Vous pouvez voir des photos et\/ou des dessins des diff\u00e9rents types d&#039;installations sanitaires sur notre site Web.<\/li><\/ul>\t\t\t\t\t\t\t\t<\/div>\n\t\t\t\t<\/div>\n\t\t\t\t\t<\/div>\n\t\t<\/div>\n\t\t\t\t\t<\/div>\n\t\t<\/section>\n\t\t\t\t<\/div>","protected":false},"excerpt":{"rendered":"<p>Raccords sanitaires Aucun article ne pourrait expliquer l'ensemble du monde des tuyauteries et des raccords de process.  Il s'agit d'une \u00e9norme matrice de sch\u00e9mas de tuyauterie, de dimensions ID, de dimensions OD et de mat\u00e9riaux de construction, sans parler des diverses options de brides et d'extr\u00e9mit\u00e9s filet\u00e9es.  Cet article tentera d'appr\u00e9hender l'univers des raccords sanitaires...&nbsp;<a href=\"https:\/\/www.kaysuns.com\/fr\/robinetterie-sanitaire\/\" rel=\"bookmark\">Lire plus \"<span class=\"screen-reader-text\">Raccords sanitaires<\/span><\/a><\/p>","protected":false},"author":1,"featured_media":0,"parent":0,"menu_order":0,"comment_status":"closed","ping_status":"closed","template":"","meta":{"neve_meta_sidebar":"","neve_meta_container":"","neve_meta_enable_content_width":"","neve_meta_content_width":0,"neve_meta_title_alignment":"","neve_meta_author_avatar":"","neve_post_elements_order":"","neve_meta_disable_header":"","neve_meta_disable_footer":"","neve_meta_disable_title":"","neve_meta_reading_time":"","_ti_tpc_template_sync":false,"_ti_tpc_template_id":"","footnotes":""},"class_list":["post-2700","page","type-page","status-publish","hentry"],"yoast_head":"<!-- This site is optimized with the Yoast SEO plugin v26.6 - https:\/\/yoast.com\/wordpress\/plugins\/seo\/ -->\n<title>Stainless Steel Sanitary Fittings | Hygiene Fittings<\/title>\n<meta name=\"description\" content=\"Stainless steel sanitary fittings is a high purity hygiene fittings which used for food, wine, beverage, brewing, pharmacy, cosmetics industries etc, we are able to provide full range of sanitary fittings.\" \/>\n<meta name=\"robots\" content=\"index, follow, max-snippet:-1, max-image-preview:large, max-video-preview:-1\" \/>\n<link rel=\"canonical\" href=\"https:\/\/www.kaysuns.com\/fr\/robinetterie-sanitaire\/\" \/>\n<meta property=\"og:locale\" content=\"fr_FR\" \/>\n<meta property=\"og:type\" content=\"article\" \/>\n<meta property=\"og:title\" content=\"Stainless Steel Sanitary Fittings | Hygiene Fittings\" \/>\n<meta property=\"og:description\" content=\"Stainless steel sanitary fittings is a high purity hygiene fittings which used for food, wine, beverage, brewing, pharmacy, cosmetics industries etc, we are able to provide full range of sanitary fittings.\" \/>\n<meta property=\"og:url\" content=\"https:\/\/www.kaysuns.com\/fr\/robinetterie-sanitaire\/\" \/>\n<meta property=\"og:site_name\" content=\"Stainless Steel Pipe and Fittings | KAYSUNS\" \/>\n<meta property=\"article:modified_time\" content=\"2025-07-17T06:13:08+00:00\" \/>\n<meta name=\"twitter:card\" content=\"summary_large_image\" \/>\n<meta name=\"twitter:label1\" content=\"Dur\u00e9e de lecture estim\u00e9e\" \/>\n\t<meta name=\"twitter:data1\" content=\"2 minutes\" \/>\n<script type=\"application\/ld+json\" class=\"yoast-schema-graph\">{\"@context\":\"https:\/\/schema.org\",\"@graph\":[{\"@type\":\"WebPage\",\"@id\":\"https:\/\/www.kaysuns.com\/sanitary-fittings\/\",\"url\":\"https:\/\/www.kaysuns.com\/sanitary-fittings\/\",\"name\":\"Stainless Steel Sanitary Fittings | Hygiene Fittings\",\"isPartOf\":{\"@id\":\"https:\/\/www.kaysuns.com\/#website\"},\"datePublished\":\"2016-01-07T08:42:56+00:00\",\"dateModified\":\"2025-07-17T06:13:08+00:00\",\"description\":\"Stainless steel sanitary fittings is a high purity hygiene fittings which used for food, wine, beverage, brewing, pharmacy, cosmetics industries etc, we are able to provide full range of sanitary fittings.\",\"breadcrumb\":{\"@id\":\"https:\/\/www.kaysuns.com\/sanitary-fittings\/#breadcrumb\"},\"inLanguage\":\"fr-FR\",\"potentialAction\":[{\"@type\":\"ReadAction\",\"target\":[\"https:\/\/www.kaysuns.com\/sanitary-fittings\/\"]}]},{\"@type\":\"BreadcrumbList\",\"@id\":\"https:\/\/www.kaysuns.com\/sanitary-fittings\/#breadcrumb\",\"itemListElement\":[{\"@type\":\"ListItem\",\"position\":1,\"name\":\"Home\",\"item\":\"https:\/\/www.kaysuns.com\/\"},{\"@type\":\"ListItem\",\"position\":2,\"name\":\"Sanitary Fittings\"}]},{\"@type\":\"WebSite\",\"@id\":\"https:\/\/www.kaysuns.com\/#website\",\"url\":\"https:\/\/www.kaysuns.com\/\",\"name\":\"Stainless Steel Pipe and Fittings | KAYSUNS\",\"description\":\"Stainless Steel Pipe &amp; Fittings Manufacturer and Supplier in China\",\"publisher\":{\"@id\":\"https:\/\/www.kaysuns.com\/#organization\"},\"alternateName\":\"KAYSUNS\",\"potentialAction\":[{\"@type\":\"SearchAction\",\"target\":{\"@type\":\"EntryPoint\",\"urlTemplate\":\"https:\/\/www.kaysuns.com\/?s={search_term_string}\"},\"query-input\":{\"@type\":\"PropertyValueSpecification\",\"valueRequired\":true,\"valueName\":\"search_term_string\"}}],\"inLanguage\":\"fr-FR\"},{\"@type\":\"Organization\",\"@id\":\"https:\/\/www.kaysuns.com\/#organization\",\"name\":\"Kaysuns Industry Ltd.\",\"url\":\"https:\/\/www.kaysuns.com\/\",\"logo\":{\"@type\":\"ImageObject\",\"inLanguage\":\"fr-FR\",\"@id\":\"https:\/\/www.kaysuns.com\/#\/schema\/logo\/image\/\",\"url\":\"https:\/\/www.kaysuns.com\/wp-content\/uploads\/2019\/12\/cropped-neve-industrial-logo-1.png\",\"contentUrl\":\"https:\/\/www.kaysuns.com\/wp-content\/uploads\/2019\/12\/cropped-neve-industrial-logo-1.png\",\"width\":52,\"height\":59,\"caption\":\"Kaysuns Industry Ltd.\"},\"image\":{\"@id\":\"https:\/\/www.kaysuns.com\/#\/schema\/logo\/image\/\"}}]}<\/script>\n<!-- \/ Yoast SEO plugin. -->","yoast_head_json":{"title":"Raccords sanitaires en acier inoxydable | Raccords d&#039;hygi\u00e8ne","description":"Les raccords sanitaires en acier inoxydable sont des raccords d&#039;hygi\u00e8ne de haute puret\u00e9 utilis\u00e9s pour l&#039;alimentation, le vin, les boissons, la brasserie, la pharmacie, les industries cosm\u00e9tiques, etc. Nous sommes en mesure de fournir une gamme compl\u00e8te de raccords sanitaires.","robots":{"index":"index","follow":"follow","max-snippet":"max-snippet:-1","max-image-preview":"max-image-preview:large","max-video-preview":"max-video-preview:-1"},"canonical":"https:\/\/www.kaysuns.com\/fr\/robinetterie-sanitaire\/","og_locale":"fr_FR","og_type":"article","og_title":"Stainless Steel Sanitary Fittings | Hygiene Fittings","og_description":"Stainless steel sanitary fittings is a high purity hygiene fittings which used for food, wine, beverage, brewing, pharmacy, cosmetics industries etc, we are able to provide full range of sanitary fittings.","og_url":"https:\/\/www.kaysuns.com\/fr\/robinetterie-sanitaire\/","og_site_name":"Stainless Steel Pipe and Fittings | KAYSUNS","article_modified_time":"2025-07-17T06:13:08+00:00","twitter_card":"summary_large_image","twitter_misc":{"Dur\u00e9e de lecture estim\u00e9e":"2 minutes"},"schema":{"@context":"https:\/\/schema.org","@graph":[{"@type":"WebPage","@id":"https:\/\/www.kaysuns.com\/sanitary-fittings\/","url":"https:\/\/www.kaysuns.com\/sanitary-fittings\/","name":"Raccords sanitaires en acier inoxydable | Raccords d&#039;hygi\u00e8ne","isPartOf":{"@id":"https:\/\/www.kaysuns.com\/#website"},"datePublished":"2016-01-07T08:42:56+00:00","dateModified":"2025-07-17T06:13:08+00:00","description":"Les raccords sanitaires en acier inoxydable sont des raccords d&#039;hygi\u00e8ne de haute puret\u00e9 utilis\u00e9s pour l&#039;alimentation, le vin, les boissons, la brasserie, la pharmacie, les industries cosm\u00e9tiques, etc. Nous sommes en mesure de fournir une gamme compl\u00e8te de raccords sanitaires.","breadcrumb":{"@id":"https:\/\/www.kaysuns.com\/sanitary-fittings\/#breadcrumb"},"inLanguage":"fr-FR","potentialAction":[{"@type":"ReadAction","target":["https:\/\/www.kaysuns.com\/sanitary-fittings\/"]}]},{"@type":"BreadcrumbList","@id":"https:\/\/www.kaysuns.com\/sanitary-fittings\/#breadcrumb","itemListElement":[{"@type":"ListItem","position":1,"name":"Home","item":"https:\/\/www.kaysuns.com\/"},{"@type":"ListItem","position":2,"name":"Sanitary Fittings"}]},{"@type":"WebSite","@id":"https:\/\/www.kaysuns.com\/#website","url":"https:\/\/www.kaysuns.com\/","name":"Tubes et raccords en acier inoxydable | KAYSUNS","description":"Tubes et raccords en acier inoxydable Fabricant et Fournisseur en Chine","publisher":{"@id":"https:\/\/www.kaysuns.com\/#organization"},"alternateName":"KAYSUNS","potentialAction":[{"@type":"SearchAction","target":{"@type":"EntryPoint","urlTemplate":"https:\/\/www.kaysuns.com\/?s={search_term_string}"},"query-input":{"@type":"PropertyValueSpecification","valueRequired":true,"valueName":"search_term_string"}}],"inLanguage":"fr-FR"},{"@type":"Organization","@id":"https:\/\/www.kaysuns.com\/#organization","name":"Kaysuns Industry Ltd.","url":"https:\/\/www.kaysuns.com\/","logo":{"@type":"ImageObject","inLanguage":"fr-FR","@id":"https:\/\/www.kaysuns.com\/#\/schema\/logo\/image\/","url":"https:\/\/www.kaysuns.com\/wp-content\/uploads\/2019\/12\/cropped-neve-industrial-logo-1.png","contentUrl":"https:\/\/www.kaysuns.com\/wp-content\/uploads\/2019\/12\/cropped-neve-industrial-logo-1.png","width":52,"height":59,"caption":"Kaysuns Industry Ltd."},"image":{"@id":"https:\/\/www.kaysuns.com\/#\/schema\/logo\/image\/"}}]}},"_links":{"self":[{"href":"https:\/\/www.kaysuns.com\/fr\/wp-json\/wp\/v2\/pages\/2700","targetHints":{"allow":["GET"]}}],"collection":[{"href":"https:\/\/www.kaysuns.com\/fr\/wp-json\/wp\/v2\/pages"}],"about":[{"href":"https:\/\/www.kaysuns.com\/fr\/wp-json\/wp\/v2\/types\/page"}],"author":[{"embeddable":true,"href":"https:\/\/www.kaysuns.com\/fr\/wp-json\/wp\/v2\/users\/1"}],"replies":[{"embeddable":true,"href":"https:\/\/www.kaysuns.com\/fr\/wp-json\/wp\/v2\/comments?post=2700"}],"version-history":[{"count":4,"href":"https:\/\/www.kaysuns.com\/fr\/wp-json\/wp\/v2\/pages\/2700\/revisions"}],"predecessor-version":[{"id":51374,"href":"https:\/\/www.kaysuns.com\/fr\/wp-json\/wp\/v2\/pages\/2700\/revisions\/51374"}],"wp:attachment":[{"href":"https:\/\/www.kaysuns.com\/fr\/wp-json\/wp\/v2\/media?parent=2700"}],"curies":[{"name":"wp","href":"https:\/\/api.w.org\/{rel}","templated":true}]}}