{"id":169,"date":"2011-08-30T11:28:22","date_gmt":"2011-08-30T11:28:22","guid":{"rendered":"http:\/\/192.168.9.29\/Development\/TB\/?page_id=169"},"modified":"2024-05-11T01:44:39","modified_gmt":"2024-05-11T01:44:39","slug":"politique-de-confidentialite","status":"publish","type":"page","link":"https:\/\/www.kaysuns.com\/fr\/politique-de-confidentialite\/","title":{"rendered":"Politique de confidentialit\u00e9"},"content":{"rendered":"<div data-elementor-type=\"wp-page\" data-elementor-id=\"169\" class=\"elementor elementor-169\" data-elementor-post-type=\"page\">\n\t\t\t\t\t\t<section class=\"elementor-section elementor-top-section elementor-element elementor-element-104237c2 elementor-section-boxed elementor-section-height-default elementor-section-height-default\" data-id=\"104237c2\" data-element_type=\"section\">\n\t\t\t\t\t\t<div class=\"elementor-container elementor-column-gap-default\">\n\t\t\t\t\t<div class=\"elementor-column elementor-col-100 elementor-top-column elementor-element elementor-element-61305d3e\" data-id=\"61305d3e\" data-element_type=\"column\">\n\t\t\t<div class=\"elementor-widget-wrap elementor-element-populated\">\n\t\t\t\t\t\t<div class=\"elementor-element elementor-element-523971e1 elementor-widget elementor-widget-text-editor\" data-id=\"523971e1\" data-element_type=\"widget\" data-widget_type=\"text-editor.default\">\n\t\t\t\t<div class=\"elementor-widget-container\">\n\t\t\t\t\t\t\t\t\t<p><strong>Politique de confidentialit\u00e9 du site Web<\/strong><\/p><p>Ce site Web est d\u00e9tenu et exploit\u00e9 par Kaysuns Industry Limited et sera appel\u00e9 \u00ab\u00a0Nous\u00a0\u00bb, \u00ab\u00a0notre\u00a0\u00bb et \u00ab\u00a0nous\u00a0\u00bb dans la pr\u00e9sente politique de confidentialit\u00e9 sur Internet. En utilisant ce site, vous acceptez la politique de confidentialit\u00e9 Internet de ce site Web (\u00ab le site Web \u00bb), qui est \u00e9nonc\u00e9e sur cette page de site Web. La politique de confidentialit\u00e9 sur Internet concerne la collecte et l&#039;utilisation des informations personnelles que vous pouvez nous fournir par le biais de votre conduite sur le site Web.<\/p><p>Nous nous r\u00e9servons le droit, \u00e0 notre discr\u00e9tion, de modifier ou de supprimer des parties de cette politique de confidentialit\u00e9 Internet \u00e0 tout moment. Cette politique de confidentialit\u00e9 sur Internet s&#039;ajoute \u00e0 toutes les autres conditions g\u00e9n\u00e9rales applicables au site Web. Nous ne faisons aucune d\u00e9claration concernant les sites Web de tiers pouvant \u00eatre li\u00e9s au site Web.<\/p><p>Nous reconnaissons l&#039;importance de prot\u00e9ger la confidentialit\u00e9 des informations collect\u00e9es sur les visiteurs de notre site Web, en particulier les informations capables d&#039;identifier un individu (\u00ab\u00a0informations personnelles\u00a0\u00bb). Cette politique de confidentialit\u00e9 Internet r\u00e9git la mani\u00e8re dont vos informations personnelles, obtenues via le site Web, seront trait\u00e9es. Cette politique de confidentialit\u00e9 sur Internet doit \u00eatre r\u00e9vis\u00e9e p\u00e9riodiquement afin que vous soyez inform\u00e9 de tout changement. Nous appr\u00e9cions vos commentaires et r\u00e9actions.<\/p><p><strong>Informations personnelles<\/strong><\/p><p>Les informations personnelles sur les visiteurs de notre site ne sont collect\u00e9es que lorsqu&#039;elles sont sciemment et volontairement soumises. Par exemple, nous pouvons avoir besoin de collecter ces informations pour vous fournir d&#039;autres services ou pour r\u00e9pondre ou transmettre des demandes ou des demandes de renseignements. Nous avons l&#039;intention que cette politique prot\u00e8ge vos informations personnelles contre tout traitement incompatible avec les lois sur la confidentialit\u00e9 applicables en Chine.<\/p><p><strong>Utilisation des informations<\/strong><\/p><p>Les informations personnelles que les visiteurs soumettent \u00e0 notre site sont utilis\u00e9es uniquement aux fins pour lesquelles elles sont soumises ou \u00e0 d&#039;autres fins secondaires li\u00e9es \u00e0 l&#039;objectif principal, \u00e0 moins que nous ne divulguions d&#039;autres utilisations dans la pr\u00e9sente politique de confidentialit\u00e9 Internet ou au moment de la collecte. Des copies de la correspondance envoy\u00e9e \u00e0 partir du site Web, qui peuvent contenir des informations personnelles, sont stock\u00e9es en tant qu&#039;archives \u00e0 des fins de tenue de dossiers et de sauvegarde uniquement.<\/p><p><strong>Divulgation<\/strong><\/p><p>Sauf lorsque vous avez consenti ou que la divulgation est n\u00e9cessaire pour atteindre l&#039;objectif pour lequel elles ont \u00e9t\u00e9 soumises, les informations personnelles peuvent \u00eatre divulgu\u00e9es dans des situations sp\u00e9ciales o\u00f9 nous avons des raisons de croire que cela est n\u00e9cessaire pour identifier, contacter ou intenter une action en justice contre toute personne pr\u00e9judiciable , blessant ou interf\u00e9rant (intentionnellement ou non) avec nos droits ou notre propri\u00e9t\u00e9, nos utilisateurs ou toute autre personne qui pourrait \u00eatre l\u00e9s\u00e9e par de telles activit\u00e9s. De plus, nous pouvons divulguer des renseignements personnels lorsque nous croyons de bonne foi que la loi exige la divulgation.<\/p><p><strong>S\u00e9curit\u00e9<\/strong><\/p><p>Nous nous effor\u00e7ons d&#039;assurer la s\u00e9curit\u00e9, l&#039;int\u00e9grit\u00e9 et la confidentialit\u00e9 des informations personnelles soumises sur nos sites, et nous r\u00e9visons et mettons \u00e0 jour nos mesures de s\u00e9curit\u00e9 \u00e0 la lumi\u00e8re des technologies actuelles. Malheureusement, aucune transmission de donn\u00e9es sur Internet ne peut \u00eatre garantie d&#039;\u00eatre totalement s\u00e9curis\u00e9e.<\/p><p>Cependant, nous nous efforcerons de prendre toutes les mesures raisonnables pour prot\u00e9ger les informations personnelles que vous pouvez nous transmettre ou de nos produits et services en ligne. Une fois que nous aurons re\u00e7u votre transmission, nous ferons \u00e9galement de notre mieux pour assurer sa s\u00e9curit\u00e9 sur nos syst\u00e8mes.<\/p><p>De plus, nos employ\u00e9s et les sous-traitants qui fournissent des services li\u00e9s \u00e0 nos syst\u00e8mes d&#039;information sont tenus de respecter la confidentialit\u00e9 de toute information personnelle que nous d\u00e9tenons. Cependant, nous ne serons pas tenus responsables des \u00e9v\u00e9nements r\u00e9sultant d&#039;un acc\u00e8s non autoris\u00e9 \u00e0 vos informations personnelles.<\/p><p><strong>Biscuits<\/strong><\/p><p>Les cookies sont des donn\u00e9es qu&#039;un site Web transf\u00e8re sur le disque dur d&#039;un individu \u00e0 des fins de tenue de dossiers. Les cookies, qui sont des normes de l&#039;industrie et sont utilis\u00e9s par la plupart des sites Web, y compris ceux que nous exploitons, peuvent faciliter l&#039;acc\u00e8s continu d&#039;un utilisateur \u00e0 un site et son utilisation. Ils nous permettent d&#039;adapter le site Web \u00e0 vos besoins. Si vous ne souhaitez pas que des informations soient collect\u00e9es via l&#039;utilisation de cookies, il existe une proc\u00e9dure simple dans la plupart des navigateurs qui vous permet de refuser ou d&#039;accepter la fonctionnalit\u00e9 de cookie. Mais vous devez noter que les cookies peuvent \u00eatre n\u00e9cessaires pour vous fournir certaines fonctionnalit\u00e9s de nos services en ligne.<\/p><p><strong>Acc\u00e8s \u00e0 l&#039;information<\/strong><\/p><p>Nous nous efforcerons de prendre toutes les mesures raisonnables pour garder en s\u00e9curit\u00e9 toutes les informations que nous d\u00e9tenons \u00e0 votre sujet, et pour garder ces informations exactes et \u00e0 jour. Si, \u00e0 tout moment, vous d\u00e9couvrez que les informations d\u00e9tenues \u00e0 votre sujet sont incorrectes, vous pouvez nous contacter pour que les informations soient corrig\u00e9es.<\/p><p>De plus, nos employ\u00e9s et les sous-traitants qui fournissent des services li\u00e9s \u00e0 nos syst\u00e8mes d&#039;information sont tenus de respecter la confidentialit\u00e9 de toute information personnelle que nous d\u00e9tenons.<\/p><p><strong>Liens vers d&#039;autres sites<\/strong><\/p><p>Nous fournissons des liens vers des sites Web ext\u00e9rieurs \u00e0 notre site, ainsi que vers des sites Web de tiers. Ces sites li\u00e9s ne sont pas sous notre contr\u00f4le, et nous ne pouvons accepter la responsabilit\u00e9 de la conduite des entreprises li\u00e9es \u00e0 notre site Web. Avant de divulguer vos informations personnelles sur un autre site web, nous vous conseillons d'examiner les conditions d'utilisation de ce site web et sa d\u00e9claration de confidentialit\u00e9.<\/p><p><strong>Probl\u00e8mes ou questions<\/strong><\/p><p>Si nous prenons connaissance de pr\u00e9occupations ou de probl\u00e8mes persistants concernant nos sites Web, nous prendrons ces probl\u00e8mes au s\u00e9rieux et travaillerons pour y r\u00e9pondre. Si vous avez d&#039;autres questions concernant notre politique de confidentialit\u00e9, ou si vous avez un probl\u00e8me ou une plainte, veuillez nous contacter.<\/p><p>E-mail: <a href=\"mailto:info@kaysuns.com\" target=\"_blank\">sales@kaysuns.com<\/a><\/p>\t\t\t\t\t\t\t\t<\/div>\n\t\t\t\t<\/div>\n\t\t\t\t\t<\/div>\n\t\t<\/div>\n\t\t\t\t\t<\/div>\n\t\t<\/section>\n\t\t\t\t<\/div>","protected":false},"excerpt":{"rendered":"<p>Politique de confidentialit\u00e9 du site Web Ce site Web est d\u00e9tenu et exploit\u00e9 par Kaysuns Industry Limited et sera d\u00e9sign\u00e9 par les termes \" Nous \", \" notre \" et \" nos \" dans la pr\u00e9sente politique de confidentialit\u00e9 Internet. En utilisant ce site, vous acceptez la politique de confidentialit\u00e9 Internet de ce site Web (\"le site Web\"), qui est expos\u00e9e sur ce site Web...&nbsp;<a href=\"https:\/\/www.kaysuns.com\/fr\/politique-de-confidentialite\/\" rel=\"bookmark\">Lire plus \"<span class=\"screen-reader-text\">Politique de confidentialit\u00e9<\/span><\/a><\/p>","protected":false},"author":1,"featured_media":0,"parent":0,"menu_order":10,"comment_status":"closed","ping_status":"open","template":"elementor_header_footer","meta":{"neve_meta_sidebar":"default","neve_meta_container":"","neve_meta_enable_content_width":"","neve_meta_content_width":0,"neve_meta_title_alignment":"left","neve_meta_author_avatar":"","neve_post_elements_order":"","neve_meta_disable_header":"","neve_meta_disable_footer":"","neve_meta_disable_title":"","neve_meta_reading_time":"","_ti_tpc_template_sync":false,"_ti_tpc_template_id":"","footnotes":""},"class_list":["post-169","page","type-page","status-publish","hentry"],"yoast_head":"<!-- This site is optimized with the Yoast SEO plugin v26.6 - https:\/\/yoast.com\/wordpress\/plugins\/seo\/ -->\n<title>Privacy Policy Statement | Stainless Steel Piping Materials | KAYSUNS<\/title>\n<meta name=\"description\" content=\"See the Privacy Policy page of KAYSUNS, contact us today for more information about our Stainless Steel Pipes, Fittings and Flanges.\" \/>\n<meta name=\"robots\" content=\"index, follow, max-snippet:-1, max-image-preview:large, max-video-preview:-1\" \/>\n<link rel=\"canonical\" href=\"https:\/\/www.kaysuns.com\/fr\/politique-de-confidentialite\/\" \/>\n<meta property=\"og:locale\" content=\"fr_FR\" \/>\n<meta property=\"og:type\" content=\"article\" \/>\n<meta property=\"og:title\" content=\"Privacy Policy Statement | Stainless Steel Piping Materials | KAYSUNS\" \/>\n<meta property=\"og:description\" content=\"See the Privacy Policy page of KAYSUNS, contact us today for more information about our Stainless Steel Pipes, Fittings and Flanges.\" \/>\n<meta property=\"og:url\" content=\"https:\/\/www.kaysuns.com\/fr\/politique-de-confidentialite\/\" \/>\n<meta property=\"og:site_name\" content=\"Stainless Steel Pipe and Fittings | KAYSUNS\" \/>\n<meta property=\"article:modified_time\" content=\"2024-05-11T01:44:39+00:00\" \/>\n<meta name=\"twitter:card\" content=\"summary_large_image\" \/>\n<meta name=\"twitter:label1\" content=\"Dur\u00e9e de lecture estim\u00e9e\" \/>\n\t<meta name=\"twitter:data1\" content=\"4 minutes\" \/>\n<script type=\"application\/ld+json\" class=\"yoast-schema-graph\">{\"@context\":\"https:\/\/schema.org\",\"@graph\":[{\"@type\":\"WebPage\",\"@id\":\"https:\/\/www.kaysuns.com\/privacy-policy\/\",\"url\":\"https:\/\/www.kaysuns.com\/privacy-policy\/\",\"name\":\"Privacy Policy Statement | Stainless Steel Piping Materials | KAYSUNS\",\"isPartOf\":{\"@id\":\"https:\/\/www.kaysuns.com\/#website\"},\"datePublished\":\"2011-08-30T11:28:22+00:00\",\"dateModified\":\"2024-05-11T01:44:39+00:00\",\"description\":\"See the Privacy Policy page of KAYSUNS, contact us today for more information about our Stainless Steel Pipes, Fittings and Flanges.\",\"breadcrumb\":{\"@id\":\"https:\/\/www.kaysuns.com\/privacy-policy\/#breadcrumb\"},\"inLanguage\":\"fr-FR\",\"potentialAction\":[{\"@type\":\"ReadAction\",\"target\":[\"https:\/\/www.kaysuns.com\/privacy-policy\/\"]}]},{\"@type\":\"BreadcrumbList\",\"@id\":\"https:\/\/www.kaysuns.com\/privacy-policy\/#breadcrumb\",\"itemListElement\":[{\"@type\":\"ListItem\",\"position\":1,\"name\":\"Home\",\"item\":\"https:\/\/www.kaysuns.com\/\"},{\"@type\":\"ListItem\",\"position\":2,\"name\":\"Privacy Policy\"}]},{\"@type\":\"WebSite\",\"@id\":\"https:\/\/www.kaysuns.com\/#website\",\"url\":\"https:\/\/www.kaysuns.com\/\",\"name\":\"Stainless Steel Pipe and Fittings | KAYSUNS\",\"description\":\"Stainless Steel Pipe &amp; Fittings Manufacturer and Supplier in China\",\"publisher\":{\"@id\":\"https:\/\/www.kaysuns.com\/#organization\"},\"alternateName\":\"KAYSUNS\",\"potentialAction\":[{\"@type\":\"SearchAction\",\"target\":{\"@type\":\"EntryPoint\",\"urlTemplate\":\"https:\/\/www.kaysuns.com\/?s={search_term_string}\"},\"query-input\":{\"@type\":\"PropertyValueSpecification\",\"valueRequired\":true,\"valueName\":\"search_term_string\"}}],\"inLanguage\":\"fr-FR\"},{\"@type\":\"Organization\",\"@id\":\"https:\/\/www.kaysuns.com\/#organization\",\"name\":\"Kaysuns Industry Ltd.\",\"url\":\"https:\/\/www.kaysuns.com\/\",\"logo\":{\"@type\":\"ImageObject\",\"inLanguage\":\"fr-FR\",\"@id\":\"https:\/\/www.kaysuns.com\/#\/schema\/logo\/image\/\",\"url\":\"https:\/\/www.kaysuns.com\/wp-content\/uploads\/2019\/12\/cropped-neve-industrial-logo-1.png\",\"contentUrl\":\"https:\/\/www.kaysuns.com\/wp-content\/uploads\/2019\/12\/cropped-neve-industrial-logo-1.png\",\"width\":52,\"height\":59,\"caption\":\"Kaysuns Industry Ltd.\"},\"image\":{\"@id\":\"https:\/\/www.kaysuns.com\/#\/schema\/logo\/image\/\"}}]}<\/script>\n<!-- \/ Yoast SEO plugin. -->","yoast_head_json":{"title":"D\u00e9claration de politique de confidentialit\u00e9 | Mat\u00e9riaux de tuyauterie en acier inoxydable | KAYSUNS","description":"Voir la page Politique de confidentialit\u00e9 de KAYSUNS, contactez-nous d\u00e8s aujourd'hui pour plus d'informations sur nos tubes, raccords et brides en acier inoxydable.","robots":{"index":"index","follow":"follow","max-snippet":"max-snippet:-1","max-image-preview":"max-image-preview:large","max-video-preview":"max-video-preview:-1"},"canonical":"https:\/\/www.kaysuns.com\/fr\/politique-de-confidentialite\/","og_locale":"fr_FR","og_type":"article","og_title":"Privacy Policy Statement | Stainless Steel Piping Materials | KAYSUNS","og_description":"See the Privacy Policy page of KAYSUNS, contact us today for more information about our Stainless Steel Pipes, Fittings and Flanges.","og_url":"https:\/\/www.kaysuns.com\/fr\/politique-de-confidentialite\/","og_site_name":"Stainless Steel Pipe and Fittings | KAYSUNS","article_modified_time":"2024-05-11T01:44:39+00:00","twitter_card":"summary_large_image","twitter_misc":{"Dur\u00e9e de lecture estim\u00e9e":"4 minutes"},"schema":{"@context":"https:\/\/schema.org","@graph":[{"@type":"WebPage","@id":"https:\/\/www.kaysuns.com\/privacy-policy\/","url":"https:\/\/www.kaysuns.com\/privacy-policy\/","name":"D\u00e9claration de politique de confidentialit\u00e9 | Mat\u00e9riaux de tuyauterie en acier inoxydable | KAYSUNS","isPartOf":{"@id":"https:\/\/www.kaysuns.com\/#website"},"datePublished":"2011-08-30T11:28:22+00:00","dateModified":"2024-05-11T01:44:39+00:00","description":"Voir la page Politique de confidentialit\u00e9 de KAYSUNS, contactez-nous d\u00e8s aujourd'hui pour plus d'informations sur nos tubes, raccords et brides en acier inoxydable.","breadcrumb":{"@id":"https:\/\/www.kaysuns.com\/privacy-policy\/#breadcrumb"},"inLanguage":"fr-FR","potentialAction":[{"@type":"ReadAction","target":["https:\/\/www.kaysuns.com\/privacy-policy\/"]}]},{"@type":"BreadcrumbList","@id":"https:\/\/www.kaysuns.com\/privacy-policy\/#breadcrumb","itemListElement":[{"@type":"ListItem","position":1,"name":"Home","item":"https:\/\/www.kaysuns.com\/"},{"@type":"ListItem","position":2,"name":"Privacy Policy"}]},{"@type":"WebSite","@id":"https:\/\/www.kaysuns.com\/#website","url":"https:\/\/www.kaysuns.com\/","name":"Tubes et raccords en acier inoxydable | KAYSUNS","description":"Tubes et raccords en acier inoxydable Fabricant et Fournisseur en Chine","publisher":{"@id":"https:\/\/www.kaysuns.com\/#organization"},"alternateName":"KAYSUNS","potentialAction":[{"@type":"SearchAction","target":{"@type":"EntryPoint","urlTemplate":"https:\/\/www.kaysuns.com\/?s={search_term_string}"},"query-input":{"@type":"PropertyValueSpecification","valueRequired":true,"valueName":"search_term_string"}}],"inLanguage":"fr-FR"},{"@type":"Organization","@id":"https:\/\/www.kaysuns.com\/#organization","name":"Kaysuns Industry Ltd.","url":"https:\/\/www.kaysuns.com\/","logo":{"@type":"ImageObject","inLanguage":"fr-FR","@id":"https:\/\/www.kaysuns.com\/#\/schema\/logo\/image\/","url":"https:\/\/www.kaysuns.com\/wp-content\/uploads\/2019\/12\/cropped-neve-industrial-logo-1.png","contentUrl":"https:\/\/www.kaysuns.com\/wp-content\/uploads\/2019\/12\/cropped-neve-industrial-logo-1.png","width":52,"height":59,"caption":"Kaysuns Industry Ltd."},"image":{"@id":"https:\/\/www.kaysuns.com\/#\/schema\/logo\/image\/"}}]}},"_links":{"self":[{"href":"https:\/\/www.kaysuns.com\/fr\/wp-json\/wp\/v2\/pages\/169","targetHints":{"allow":["GET"]}}],"collection":[{"href":"https:\/\/www.kaysuns.com\/fr\/wp-json\/wp\/v2\/pages"}],"about":[{"href":"https:\/\/www.kaysuns.com\/fr\/wp-json\/wp\/v2\/types\/page"}],"author":[{"embeddable":true,"href":"https:\/\/www.kaysuns.com\/fr\/wp-json\/wp\/v2\/users\/1"}],"replies":[{"embeddable":true,"href":"https:\/\/www.kaysuns.com\/fr\/wp-json\/wp\/v2\/comments?post=169"}],"version-history":[{"count":13,"href":"https:\/\/www.kaysuns.com\/fr\/wp-json\/wp\/v2\/pages\/169\/revisions"}],"predecessor-version":[{"id":46297,"href":"https:\/\/www.kaysuns.com\/fr\/wp-json\/wp\/v2\/pages\/169\/revisions\/46297"}],"wp:attachment":[{"href":"https:\/\/www.kaysuns.com\/fr\/wp-json\/wp\/v2\/media?parent=169"}],"curies":[{"name":"wp","href":"https:\/\/api.w.org\/{rel}","templated":true}]}}