{"id":12,"date":"2011-07-14T19:46:42","date_gmt":"2011-07-14T19:46:42","guid":{"rendered":"http:\/\/192.168.9.29\/Development\/TB\/?page_id=12"},"modified":"2024-04-01T09:27:37","modified_gmt":"2024-04-01T09:27:37","slug":"faq","status":"publish","type":"page","link":"https:\/\/www.kaysuns.com\/fr\/services\/faq\/","title":{"rendered":"FAQs"},"content":{"rendered":"<div data-elementor-type=\"wp-page\" data-elementor-id=\"12\" class=\"elementor elementor-12\" data-elementor-post-type=\"page\">\n\t\t\t\t\t\t<section class=\"elementor-section elementor-top-section elementor-element elementor-element-1e9e8af5 elementor-section-boxed elementor-section-height-default elementor-section-height-default\" data-id=\"1e9e8af5\" data-element_type=\"section\">\n\t\t\t\t\t\t<div class=\"elementor-container elementor-column-gap-default\">\n\t\t\t\t\t<div class=\"elementor-column elementor-col-100 elementor-top-column elementor-element elementor-element-50761438\" data-id=\"50761438\" data-element_type=\"column\">\n\t\t\t<div class=\"elementor-widget-wrap elementor-element-populated\">\n\t\t\t\t\t\t<div class=\"elementor-element elementor-element-56132474 elementor-widget elementor-widget-text-editor\" data-id=\"56132474\" data-element_type=\"widget\" data-widget_type=\"text-editor.default\">\n\t\t\t\t<div class=\"elementor-widget-container\">\n\t\t\t\t\t\t\t\t\t<hr \/>\r\n\r\n<h1>FAQ pour KAYSUNS<\/h1>\r\n&nbsp;\r\n<ol>\r\n \t<li>\r\n<h2><strong>Qu&#039;est-ce que le produit Kaysuns ?<\/strong><\/h2>\r\n<\/li>\r\n<\/ol>\r\nKaysuns fournit principalement des tubes et des raccords de tuyauterie en acier inoxydable, en acier super duplex\/duplex, en alliage \u00e0 base de nickel avec les normes ASME\/ASTM, DIN, JIS, ISO, etc. Couvre une large gamme de diam\u00e8tre ext\u00e9rieur et d&#039;\u00e9paisseur\/taux de pression, nous pouvons fournir<a href=\"https:\/\/www.kaysuns.com\/fr\/\" target=\"_blank\"> tuyaux en acier inoxydable sans soudure<\/a> de 1\/8\u201d \u00e0 48\u201d \/SCH10S ~ XXS.\r\n\r\n&nbsp;\r\n\r\n&nbsp;\r\n<ol start=\"2\">\r\n \t<li>\r\n<h2><strong>\u00cates-vous un fabricant ou un fournisseur?<\/strong><\/h2>\r\n<\/li>\r\n<\/ol>\r\nNous sommes copropri\u00e9taires d'une usine de raccords de tuyauterie, dont les principaux produits sont des raccords de tuyauterie soud\u00e9s bout \u00e0 bout, tels que coude \u00e0 90, t\u00e9, r\u00e9ducteur, embout, etc.\r\n\r\nEn ce qui concerne les tubes en acier inoxydable, ils proviennent de notre soci\u00e9t\u00e9 s\u0153ur sp\u00e9cialis\u00e9e dans la fabrication de tubes en acier inoxydable sans soudure.\r\n\r\nLes brides et les vannes proviennent de fabricants tiers, mais nous proposons \u00e9galement des prix comp\u00e9titifs pour obtenir une solution de syst\u00e8me pour votre projet.\r\n\r\n&nbsp;\r\n\r\n&nbsp;\r\n<ol start=\"3\">\r\n \t<li>\r\n<h2><strong>\u00cates-vous fiable?<\/strong><\/h2>\r\n<\/li>\r\n<\/ol>\r\nKaysuns est install\u00e9 depuis 10 ans, nous avons servi plus de 100 entreprises et projets de 20 pays diff\u00e9rents. Kaysuns est une soci\u00e9t\u00e9 l\u00e9gale enregistr\u00e9e \u00e0 Hong Kong et en Chine (<em>Wellgreen<\/em>), nous acceptons les audits d'entreprise de nos clients et de tiers.\r\n\r\nNotre seul objectif est d'\u00eatre un partenaire fiable et de bonne r\u00e9putation, ce qui nous permet de toujours recevoir les \u00e9loges de nos clients. Soyez assur\u00e9s que nous pouvons \u00eatre un bon partenaire pour vous.\r\n\r\n&nbsp;\r\n\r\n&nbsp;\r\n<ol start=\"4\">\r\n \t<li>\r\n<h2><strong>Comment commander votre produit ?<\/strong><\/h2>\r\n<\/li>\r\n<\/ol>\r\n<h3>-je. Pour les tuyaux et tubes, vous devez indiquer<\/h3>\r\nType de tuyau (sans soudure ou soud\u00e9) + norme et qualit\u00e9 du mat\u00e9riau + diam\u00e8tre ext\u00e9rieur + \u00e9paisseur de paroi + longueur de tuyau + quantit\u00e9\r\n\r\n<em>Par exemple: <\/em>\r\n\r\n<em>Tuyau Smls ASTM A312 TP316\/316L 10&quot; *SCH40S * 6m de long fixe, 100pcs<\/em>\r\n\r\n<em>\u00a0<\/em>\r\n<h3>-ii. Pour les raccords \u00e0 souder :<\/h3>\r\nSi vous souhaitez acheter un coude \u00e0 grand rayon de 90 degr\u00e9s, 12&quot; * SCH10S avec test aux rayons X 100%, mat\u00e9riau SS316L \u00e0 ASME B16.9, au total 200 chacun, l&#039;\u00e9chantillon est\u00a0:\r\n\r\n<em>Coude 90DEG L\/R 12&quot;*SCH10S, ASTM A403 WP316L-WX, ASME B16.9, 200 pi\u00e8ces<\/em>\r\n\r\n<em>\u00a0<\/em>\r\n<h3>-iii. Pour les raccords \u00e0 souder forg\u00e9s et les raccords filet\u00e9s :<\/h3>\r\nSi vous avez besoin d&#039;acheter un t\u00e9 \u00e0 souder 4 &quot;class3000 SCH80S, mat\u00e9riau ASTM F304L selon ASME\/ANSI B16.11 totalement 200 pi\u00e8ces et 100 pi\u00e8ces 2&quot; raccord filet\u00e9 3000# NPT, l&#039;\u00e9chantillon est\u00a0:\r\n\r\n<em>T\u00e9 SW 3000# SCH80S, ASTM F304L ASME B16.11, 200 pi\u00e8ces<\/em>\r\n\r\n<em>Union 1&quot; 3000# NPT ASTM F304L ASME B16.11, 100 pi\u00e8ces<\/em>\r\n\r\n&nbsp;\r\n<h3>-iv. Pour les brides, vous devez indiquer\u00a0:<\/h3>\r\nSi vous souhaitez acheter 200 brides de col \u00e0 souder, face sur\u00e9lev\u00e9e, mat\u00e9riau 18&quot; classe300 STD ASTM A182 F347H selon ASME B16.5, l&#039;\u00e9chantillon est\u00a0:\r\n\r\n<em>Bride WNRF 18&quot;*STD classe300, ASTM A182 F347H ASME B16.5<\/em>\r\n\r\n&nbsp;\r\n<h3>-v. Pour les robinetteries industrielles, vous devez indiquer :<\/h3>\r\nExemple :\r\n\r\n<em>Robinet \u00e0 tournant sph\u00e9rique mont\u00e9 sur tourillon, 12&quot; 600# RF \u00e0 bride, passage int\u00e9gral, corps SS316 (ou A351 CF8M), boule A182 F316, test au feu selon API607<\/em>\r\n\r\n&nbsp;\r\n\r\n&nbsp;\r\n<ol start=\"5\">\r\n \t<li>\r\n<h2><strong>Comment garantir la qualit\u00e9 ?<\/strong><\/h2>\r\n<\/li>\r\n<\/ol>\r\n<ul>\r\n \t<li>Tous les mat\u00e9riaux proviennent d&#039;un fabricant approuv\u00e9 par ISO, nous fournissons des produits strictement conformes \u00e0 la norme et aux exigences.<\/li>\r\n \t<li>Nous effectuons le test 100% avant exp\u00e9dition et une inspection par un tiers est disponible pour tous nos produits.<\/li>\r\n \t<li>L&#039;inspection des processus est disponible, mais cela peut entra\u00eener des frais suppl\u00e9mentaires de votre part.<\/li>\r\n \t<li>L&#039;audit du fabricant est acceptable sur la base des exigences de l&#039;utilisateur final \/ de la soci\u00e9t\u00e9 tierce.<\/li>\r\n \t<li>Le certificat d&#039;usine selon EN10204 sera fourni avec l&#039;exp\u00e9dition, d&#039;autres certificats de test tels que le rapport de traitement thermique, le rapport NDT, le rapport de performance m\u00e9canique, le rapport IGC, le rapport de test de presse sont bas\u00e9s sur les exigences.<\/li>\r\n \t<li>Le certificat EN10204 3.2 sera factur\u00e9 sur demande.<\/li>\r\n<\/ul>\r\n&nbsp;\r\n\r\n&nbsp;\r\n<ol start=\"6\">\r\n \t<li>\r\n<h2><strong>Faites-vous uniquement de l&#039;acier inoxydable?<\/strong><\/h2>\r\n<\/li>\r\n<\/ol>\r\nNous fabriquons principalement de l&#039;acier inoxydable, de l&#039;acier duplex, de l&#039;acier super duplex, des alliages \u00e0 base de nickel, des alliages cuivre-nickel, du titane, etc. mat\u00e9riaux en fonction des besoins.\r\n\r\n&nbsp;\r\n\r\n&nbsp;\r\n<ol start=\"7\">\r\n \t<li>\r\n<h2><strong>Pouvez-vous nous aider \u00e0 collecter des mat\u00e9riaux aupr\u00e8s d&#039;autres fournisseurs\u00a0?<\/strong><\/h2>\r\n<\/li>\r\n<\/ol>\r\nOui, nous pouvons aider les clients \u00e0 collecter des mat\u00e9riaux de diff\u00e9rents fournisseurs. Nous savons qu&#039;il existe de nombreux produits diff\u00e9rents dans une liste, qui peuvent \u00eatre fabriqu\u00e9s dans diff\u00e9rentes provinces de Chine. Nous pouvons facturer de l&#039;argent sur la commande et l&#039;\u00e9tat r\u00e9els.\r\n\r\n&nbsp;\r\n\r\n&nbsp;\r\n<ol start=\"8\">\r\n \t<li>\r\n<h2><strong>Quel est votre paiement ?<\/strong><\/h2>\r\n<\/li>\r\n<\/ol>\r\nG\u00e9n\u00e9ralement, nous acceptons les paiements par T\/T, nous pensons que c&#039;est un bon moyen pour nous deux et nous pouvons \u00e9conomiser des frais bancaires. Nous pouvons \u00e9galement faire des L\/C irr\u00e9vocables si le montant est consid\u00e9rable, mais un acompte est requis, en particulier pour les qualit\u00e9s et dimensions sp\u00e9ciales.\r\n\r\n&nbsp;\r\n\r\n&nbsp;\r\n<ol start=\"9\">\r\n \t<li>\r\n<h2><strong>Quel est votre d\u00e9lai de livraison ?<\/strong><\/h2>\r\n<\/li>\r\n<\/ol>\r\nNotre d\u00e9lai de livraison normal est de 5 semaines. Pour plus de d\u00e9tails, nous devrions consid\u00e9rer la quantit\u00e9 de commande et l&#039;\u00e9tat du stock de mati\u00e8res premi\u00e8res.\r\n\r\n&nbsp;\r\n\r\n&nbsp;\r\n<ol start=\"10\">\r\n \t<li>\r\n<h2><strong>Quel est le d\u00e9lai de livraison ?<\/strong><\/h2>\r\n<\/li>\r\n<\/ol>\r\nDes d\u00e9lais de livraison communs sont disponibles pour nous, comme FOB, CFR, CIF, d\u00e9part usine. Nous pr\u00e9f\u00e9rons faire CFR, CIF et EXW.\r\n\r\n&nbsp;\r\n\r\n&nbsp;\r\n<ol start=\"11\">\r\n \t<li>\r\n<h2><strong>Pouvez-vous faire DDP?<\/strong><\/h2>\r\n<\/li>\r\n<\/ol>\r\nOui, nous pouvons faire du DDP. Pour les petites quantit\u00e9s, notre proposition est exp\u00e9di\u00e9e par courrier\/express. Pour les envois \u00e9normes, nous avons besoin de temps pour v\u00e9rifier les frais de douane de destination et les frais d&#039;exp\u00e9dition locaux.\t\t\t\t\t\t\t\t<\/div>\n\t\t\t\t<\/div>\n\t\t\t\t\t<\/div>\n\t\t<\/div>\n\t\t\t\t\t<\/div>\n\t\t<\/section>\n\t\t\t\t<\/div>","protected":false},"excerpt":{"rendered":"<p>FAQs pour KAYSUNS Quels sont les produits Kaysuns ? Kaysuns fournit quotidiennement des tubes et des raccords de tuyauterie en acier inoxydable, en acier super duplex\/duplex, en alliage \u00e0 base de nickel avec les normes ASME\/ASTM, DIN, JIS, ISO, etc. Couvrant une large gamme de diam\u00e8tre ext\u00e9rieur et d'\u00e9paisseur\/de taux de pression, nous pouvons fournir des tubes en acier inoxydable sans soudure de 1\/8\" \u00e0 48\" \/SCH10S ~ XXS.....&nbsp;<a href=\"https:\/\/www.kaysuns.com\/fr\/services\/faq\/\" rel=\"bookmark\">Lire plus \"<span class=\"screen-reader-text\">FAQs<\/span><\/a><\/p>","protected":false},"author":1,"featured_media":0,"parent":7,"menu_order":3,"comment_status":"closed","ping_status":"closed","template":"elementor_header_footer","meta":{"neve_meta_sidebar":"","neve_meta_container":"","neve_meta_enable_content_width":"","neve_meta_content_width":0,"neve_meta_title_alignment":"","neve_meta_author_avatar":"","neve_post_elements_order":"","neve_meta_disable_header":"","neve_meta_disable_footer":"","neve_meta_disable_title":"","neve_meta_reading_time":"","_ti_tpc_template_sync":false,"_ti_tpc_template_id":"","footnotes":""},"class_list":["post-12","page","type-page","status-publish","hentry"],"yoast_head":"<!-- This site is optimized with the Yoast SEO plugin v26.6 - https:\/\/yoast.com\/wordpress\/plugins\/seo\/ -->\n<title>FAQs - Stainless Steel Pipe and Fittings | KAYSUNS<\/title>\n<meta name=\"description\" content=\"1. How to order your product? 2. What\u2019s your payment? 3. What is your delivery time? 4. What\u2019s the delivery term? 5. What&#039;s your product?\" \/>\n<meta name=\"robots\" content=\"index, follow, max-snippet:-1, max-image-preview:large, max-video-preview:-1\" \/>\n<link rel=\"canonical\" href=\"https:\/\/www.kaysuns.com\/fr\/services\/faq\/\" \/>\n<meta property=\"og:locale\" content=\"fr_FR\" \/>\n<meta property=\"og:type\" content=\"article\" \/>\n<meta property=\"og:title\" content=\"FAQs - Stainless Steel Pipe and Fittings | KAYSUNS\" \/>\n<meta property=\"og:description\" content=\"1. How to order your product? 2. What\u2019s your payment? 3. What is your delivery time? 4. What\u2019s the delivery term? 5. What&#039;s your product?\" \/>\n<meta property=\"og:url\" content=\"https:\/\/www.kaysuns.com\/fr\/services\/faq\/\" \/>\n<meta property=\"og:site_name\" content=\"Stainless Steel Pipe and Fittings | KAYSUNS\" \/>\n<meta property=\"article:modified_time\" content=\"2024-04-01T09:27:37+00:00\" \/>\n<meta name=\"twitter:card\" content=\"summary_large_image\" \/>\n<script type=\"application\/ld+json\" class=\"yoast-schema-graph\">{\"@context\":\"https:\/\/schema.org\",\"@graph\":[{\"@type\":\"WebPage\",\"@id\":\"https:\/\/www.kaysuns.com\/services\/faqs\/\",\"url\":\"https:\/\/www.kaysuns.com\/services\/faqs\/\",\"name\":\"FAQs - Stainless Steel Pipe and Fittings | KAYSUNS\",\"isPartOf\":{\"@id\":\"https:\/\/www.kaysuns.com\/#website\"},\"datePublished\":\"2011-07-14T19:46:42+00:00\",\"dateModified\":\"2024-04-01T09:27:37+00:00\",\"description\":\"1. How to order your product? 2. What\u2019s your payment? 3. What is your delivery time? 4. What\u2019s the delivery term? 5. What's your product?\",\"breadcrumb\":{\"@id\":\"https:\/\/www.kaysuns.com\/services\/faqs\/#breadcrumb\"},\"inLanguage\":\"fr-FR\",\"potentialAction\":[{\"@type\":\"ReadAction\",\"target\":[\"https:\/\/www.kaysuns.com\/services\/faqs\/\"]}]},{\"@type\":\"BreadcrumbList\",\"@id\":\"https:\/\/www.kaysuns.com\/services\/faqs\/#breadcrumb\",\"itemListElement\":[{\"@type\":\"ListItem\",\"position\":1,\"name\":\"Home\",\"item\":\"https:\/\/www.kaysuns.com\/\"},{\"@type\":\"ListItem\",\"position\":2,\"name\":\"Services\",\"item\":\"https:\/\/www.kaysuns.com\/services\/\"},{\"@type\":\"ListItem\",\"position\":3,\"name\":\"FAQs\"}]},{\"@type\":\"WebSite\",\"@id\":\"https:\/\/www.kaysuns.com\/#website\",\"url\":\"https:\/\/www.kaysuns.com\/\",\"name\":\"Stainless Steel Pipe and Fittings | KAYSUNS\",\"description\":\"Stainless Steel Pipe &amp; Fittings Manufacturer and Supplier in China\",\"publisher\":{\"@id\":\"https:\/\/www.kaysuns.com\/#organization\"},\"alternateName\":\"KAYSUNS\",\"potentialAction\":[{\"@type\":\"SearchAction\",\"target\":{\"@type\":\"EntryPoint\",\"urlTemplate\":\"https:\/\/www.kaysuns.com\/?s={search_term_string}\"},\"query-input\":{\"@type\":\"PropertyValueSpecification\",\"valueRequired\":true,\"valueName\":\"search_term_string\"}}],\"inLanguage\":\"fr-FR\"},{\"@type\":\"Organization\",\"@id\":\"https:\/\/www.kaysuns.com\/#organization\",\"name\":\"Kaysuns Industry Ltd.\",\"url\":\"https:\/\/www.kaysuns.com\/\",\"logo\":{\"@type\":\"ImageObject\",\"inLanguage\":\"fr-FR\",\"@id\":\"https:\/\/www.kaysuns.com\/#\/schema\/logo\/image\/\",\"url\":\"https:\/\/www.kaysuns.com\/wp-content\/uploads\/2019\/12\/cropped-neve-industrial-logo-1.png\",\"contentUrl\":\"https:\/\/www.kaysuns.com\/wp-content\/uploads\/2019\/12\/cropped-neve-industrial-logo-1.png\",\"width\":52,\"height\":59,\"caption\":\"Kaysuns Industry Ltd.\"},\"image\":{\"@id\":\"https:\/\/www.kaysuns.com\/#\/schema\/logo\/image\/\"}}]}<\/script>\n<!-- \/ Yoast SEO plugin. -->","yoast_head_json":{"title":"FAQs - Tuyaux et raccords en acier inoxydable | KAYSUNS","description":"1. Comment commander votre produit ? 2. Quel est votre paiement ? 3. Quel est votre d\u00e9lai de livraison ? 4. Quel est le d\u00e9lai de livraison ? 5. Quel est votre produit ?","robots":{"index":"index","follow":"follow","max-snippet":"max-snippet:-1","max-image-preview":"max-image-preview:large","max-video-preview":"max-video-preview:-1"},"canonical":"https:\/\/www.kaysuns.com\/fr\/services\/faq\/","og_locale":"fr_FR","og_type":"article","og_title":"FAQs - Stainless Steel Pipe and Fittings | KAYSUNS","og_description":"1. How to order your product? 2. What\u2019s your payment? 3. What is your delivery time? 4. What\u2019s the delivery term? 5. What's your product?","og_url":"https:\/\/www.kaysuns.com\/fr\/services\/faq\/","og_site_name":"Stainless Steel Pipe and Fittings | KAYSUNS","article_modified_time":"2024-04-01T09:27:37+00:00","twitter_card":"summary_large_image","schema":{"@context":"https:\/\/schema.org","@graph":[{"@type":"WebPage","@id":"https:\/\/www.kaysuns.com\/services\/faqs\/","url":"https:\/\/www.kaysuns.com\/services\/faqs\/","name":"FAQs - Tuyaux et raccords en acier inoxydable | KAYSUNS","isPartOf":{"@id":"https:\/\/www.kaysuns.com\/#website"},"datePublished":"2011-07-14T19:46:42+00:00","dateModified":"2024-04-01T09:27:37+00:00","description":"1. Comment commander votre produit ? 2. Quel est votre paiement ? 3. Quel est votre d\u00e9lai de livraison ? 4. Quel est le d\u00e9lai de livraison ? 5. Quel est votre produit ?","breadcrumb":{"@id":"https:\/\/www.kaysuns.com\/services\/faqs\/#breadcrumb"},"inLanguage":"fr-FR","potentialAction":[{"@type":"ReadAction","target":["https:\/\/www.kaysuns.com\/services\/faqs\/"]}]},{"@type":"BreadcrumbList","@id":"https:\/\/www.kaysuns.com\/services\/faqs\/#breadcrumb","itemListElement":[{"@type":"ListItem","position":1,"name":"Home","item":"https:\/\/www.kaysuns.com\/"},{"@type":"ListItem","position":2,"name":"Services","item":"https:\/\/www.kaysuns.com\/services\/"},{"@type":"ListItem","position":3,"name":"FAQs"}]},{"@type":"WebSite","@id":"https:\/\/www.kaysuns.com\/#website","url":"https:\/\/www.kaysuns.com\/","name":"Tubes et raccords en acier inoxydable | KAYSUNS","description":"Tubes et raccords en acier inoxydable Fabricant et Fournisseur en Chine","publisher":{"@id":"https:\/\/www.kaysuns.com\/#organization"},"alternateName":"KAYSUNS","potentialAction":[{"@type":"SearchAction","target":{"@type":"EntryPoint","urlTemplate":"https:\/\/www.kaysuns.com\/?s={search_term_string}"},"query-input":{"@type":"PropertyValueSpecification","valueRequired":true,"valueName":"search_term_string"}}],"inLanguage":"fr-FR"},{"@type":"Organization","@id":"https:\/\/www.kaysuns.com\/#organization","name":"Kaysuns Industry Ltd.","url":"https:\/\/www.kaysuns.com\/","logo":{"@type":"ImageObject","inLanguage":"fr-FR","@id":"https:\/\/www.kaysuns.com\/#\/schema\/logo\/image\/","url":"https:\/\/www.kaysuns.com\/wp-content\/uploads\/2019\/12\/cropped-neve-industrial-logo-1.png","contentUrl":"https:\/\/www.kaysuns.com\/wp-content\/uploads\/2019\/12\/cropped-neve-industrial-logo-1.png","width":52,"height":59,"caption":"Kaysuns Industry Ltd."},"image":{"@id":"https:\/\/www.kaysuns.com\/#\/schema\/logo\/image\/"}}]}},"_links":{"self":[{"href":"https:\/\/www.kaysuns.com\/fr\/wp-json\/wp\/v2\/pages\/12","targetHints":{"allow":["GET"]}}],"collection":[{"href":"https:\/\/www.kaysuns.com\/fr\/wp-json\/wp\/v2\/pages"}],"about":[{"href":"https:\/\/www.kaysuns.com\/fr\/wp-json\/wp\/v2\/types\/page"}],"author":[{"embeddable":true,"href":"https:\/\/www.kaysuns.com\/fr\/wp-json\/wp\/v2\/users\/1"}],"replies":[{"embeddable":true,"href":"https:\/\/www.kaysuns.com\/fr\/wp-json\/wp\/v2\/comments?post=12"}],"version-history":[{"count":5,"href":"https:\/\/www.kaysuns.com\/fr\/wp-json\/wp\/v2\/pages\/12\/revisions"}],"predecessor-version":[{"id":53368,"href":"https:\/\/www.kaysuns.com\/fr\/wp-json\/wp\/v2\/pages\/12\/revisions\/53368"}],"up":[{"embeddable":true,"href":"https:\/\/www.kaysuns.com\/fr\/wp-json\/wp\/v2\/pages\/7"}],"wp:attachment":[{"href":"https:\/\/www.kaysuns.com\/fr\/wp-json\/wp\/v2\/media?parent=12"}],"curies":[{"name":"wp","href":"https:\/\/api.w.org\/{rel}","templated":true}]}}