{"id":7,"date":"2011-07-14T19:45:42","date_gmt":"2011-07-14T19:45:42","guid":{"rendered":"http:\/\/192.168.9.29\/Development\/TB\/?page_id=7"},"modified":"2024-04-01T07:03:01","modified_gmt":"2024-04-01T07:03:01","slug":"servicios","status":"publish","type":"page","link":"https:\/\/www.kaysuns.com\/es\/servicios\/","title":{"rendered":"Servicios"},"content":{"rendered":"<div data-elementor-type=\"wp-page\" data-elementor-id=\"7\" class=\"elementor elementor-7\" data-elementor-post-type=\"page\">\n\t\t\t\t\t\t<section class=\"elementor-section elementor-top-section elementor-element elementor-element-5bec2cb5 elementor-section-boxed elementor-section-height-default elementor-section-height-default\" data-id=\"5bec2cb5\" data-element_type=\"section\">\n\t\t\t\t\t\t<div class=\"elementor-container elementor-column-gap-default\">\n\t\t\t\t\t<div class=\"elementor-column elementor-col-100 elementor-top-column elementor-element elementor-element-6f68e3d3\" data-id=\"6f68e3d3\" data-element_type=\"column\">\n\t\t\t<div class=\"elementor-widget-wrap elementor-element-populated\">\n\t\t\t\t\t\t<div class=\"elementor-element elementor-element-35dfaadb elementor-widget elementor-widget-text-editor\" data-id=\"35dfaadb\" data-element_type=\"widget\" data-widget_type=\"text-editor.default\">\n\t\t\t\t<div class=\"elementor-widget-container\">\n\t\t\t\t\t\t\t\t\t<h1><strong>POR QU\u00c9 KAYSUNS<\/strong><\/h1>\n<hr \/>\n<h1>\u00a0<\/h1>\n<h2><span style=\"color: #0000ff;\"><strong>Servicios<\/strong><\/span><\/h2>\n<p>No solo ofrecemos la mejor soluci\u00f3n de material para tuber\u00edas, sino que tambi\u00e9n ofrecemos servicios de consultor\u00eda de productos, evaluaci\u00f3n de fabricantes, inspecci\u00f3n y env\u00edo.<\/p>\n<hr \/>\n<h2><span style=\"color: #993300;\"><strong>Ventaja<\/strong><\/span><\/h2>\n<p>Conocemos el mercado, sabemos c\u00f3mo negociarlo. Disponemos de buenos recursos para material de tuber\u00eda, especialmente en acero inoxidable y <a href=\"https:\/\/www.kaysuns.com\/es\/\" target=\"_blank\">tubos de acero d\u00faplex<\/a> y accesorios. Lo m\u00e1s importante es que tenemos buenas experiencias para los negocios globales, \u00a1hagamos negocios simples!<\/p>\n<hr \/>\n<h2><span style=\"color: #008000;\"><strong>Valor<\/strong><\/span><\/h2>\n<p>\u00bfLe gustar\u00eda comprar tuber\u00edas, accesorios y v\u00e1lvulas? \u00bfCompra s\u00f3lo tuber\u00eda o v\u00e1lvula? \u00bfLe gustar\u00eda comprar estos materiales uno por uno? \u00a1Kaysuns est\u00e1 aqu\u00ed, aqu\u00ed est\u00e1 su soluci\u00f3n integral! \u00a1Solo un proveedor, obt\u00e9n todo!<\/p>\n<p>\u00a0<\/p>\n\n<div class=\"wp-block-image\">\n<figure class=\"aligncenter size-full\"><a href=\"https:\/\/www.kaysuns.com\/wp-content\/uploads\/2024\/03\/kaysuns-services1-e1464855111632.webp\" target=\"_blank\"><img fetchpriority=\"high\" decoding=\"async\" width=\"570\" height=\"294\" src=\"https:\/\/www.kaysuns.com\/wp-content\/uploads\/2024\/03\/kaysuns-services1-e1464855111632.webp\" alt=\"\" class=\"wp-image-45382\" srcset=\"https:\/\/www.kaysuns.com\/wp-content\/uploads\/2024\/03\/kaysuns-services1-e1464855111632.webp 570w, https:\/\/www.kaysuns.com\/wp-content\/uploads\/2024\/03\/kaysuns-services1-e1464855111632-300x155.webp 300w, https:\/\/www.kaysuns.com\/wp-content\/uploads\/2024\/03\/kaysuns-services1-e1464855111632-18x9.webp 18w\" sizes=\"(max-width: 570px) 100vw, 570px\" \/><\/a><\/figure>\n<\/div>\t\t\t\t\t\t\t\t<\/div>\n\t\t\t\t<\/div>\n\t\t\t\t\t<\/div>\n\t\t<\/div>\n\t\t\t\t\t<\/div>\n\t\t<\/section>\n\t\t\t\t<\/div>","protected":false},"excerpt":{"rendered":"<p>POR QU\u00c9 KAYSUNS Servicios No s\u00f3lo ofrecemos la mejor soluci\u00f3n de material de tuber\u00edas, sino que tambi\u00e9n ofrecemos consultor\u00eda de productos, evaluaci\u00f3n de fabricantes, inspecci\u00f3n y servicio de env\u00edo. Ventajas Conocemos el mercado y sabemos c\u00f3mo tratarlo. Disponemos de buenos recursos en material de tuber\u00edas, especialmente en tuber\u00edas y accesorios de acero inoxidable y acero d\u00faplex. M\u00e1s...&nbsp;<a href=\"https:\/\/www.kaysuns.com\/es\/servicios\/\" rel=\"bookmark\">Leer m\u00e1s \"<span class=\"screen-reader-text\">Servicios<\/span><\/a><\/p>","protected":false},"author":1,"featured_media":0,"parent":0,"menu_order":1,"comment_status":"closed","ping_status":"open","template":"elementor_header_footer","meta":{"neve_meta_sidebar":"","neve_meta_container":"","neve_meta_enable_content_width":"","neve_meta_content_width":0,"neve_meta_title_alignment":"","neve_meta_author_avatar":"","neve_post_elements_order":"","neve_meta_disable_header":"","neve_meta_disable_footer":"","neve_meta_disable_title":"","neve_meta_reading_time":"","_ti_tpc_template_sync":false,"_ti_tpc_template_id":"","footnotes":""},"class_list":["post-7","page","type-page","status-publish","hentry"],"yoast_head":"<!-- This site is optimized with the Yoast SEO plugin v26.6 - https:\/\/yoast.com\/wordpress\/plugins\/seo\/ -->\n<title>Know About Our Services | KAYSUNS<\/title>\n<meta name=\"description\" content=\"Read our service page. Contact us for more information about our Pipes, Fittings and Flanges today. Get in touch to know more.\" \/>\n<meta name=\"robots\" content=\"index, follow, max-snippet:-1, max-image-preview:large, max-video-preview:-1\" \/>\n<link rel=\"canonical\" href=\"https:\/\/www.kaysuns.com\/es\/servicios\/\" \/>\n<meta property=\"og:locale\" content=\"es_ES\" \/>\n<meta property=\"og:type\" content=\"article\" \/>\n<meta property=\"og:title\" content=\"Know About Our Services | KAYSUNS\" \/>\n<meta property=\"og:description\" content=\"Read our service page. Contact us for more information about our Pipes, Fittings and Flanges today. Get in touch to know more.\" \/>\n<meta property=\"og:url\" content=\"https:\/\/www.kaysuns.com\/es\/servicios\/\" \/>\n<meta property=\"og:site_name\" content=\"Stainless Steel Pipe and Fittings | KAYSUNS\" \/>\n<meta property=\"article:modified_time\" content=\"2024-04-01T07:03:01+00:00\" \/>\n<meta property=\"og:image\" content=\"https:\/\/www.kaysuns.com\/wp-content\/uploads\/2024\/03\/kaysuns-services1-e1464855111632.webp\" \/>\n<meta name=\"twitter:card\" content=\"summary_large_image\" \/>\n<meta name=\"twitter:label1\" content=\"Tiempo de lectura\" \/>\n\t<meta name=\"twitter:data1\" content=\"1 minuto\" \/>\n<script type=\"application\/ld+json\" class=\"yoast-schema-graph\">{\"@context\":\"https:\/\/schema.org\",\"@graph\":[{\"@type\":\"WebPage\",\"@id\":\"https:\/\/www.kaysuns.com\/services\/\",\"url\":\"https:\/\/www.kaysuns.com\/services\/\",\"name\":\"Know About Our Services | KAYSUNS\",\"isPartOf\":{\"@id\":\"https:\/\/www.kaysuns.com\/#website\"},\"primaryImageOfPage\":{\"@id\":\"https:\/\/www.kaysuns.com\/services\/#primaryimage\"},\"image\":{\"@id\":\"https:\/\/www.kaysuns.com\/services\/#primaryimage\"},\"thumbnailUrl\":\"https:\/\/www.kaysuns.com\/wp-content\/uploads\/2024\/03\/kaysuns-services1-e1464855111632.webp\",\"datePublished\":\"2011-07-14T19:45:42+00:00\",\"dateModified\":\"2024-04-01T07:03:01+00:00\",\"description\":\"Read our service page. Contact us for more information about our Pipes, Fittings and Flanges today. Get in touch to know more.\",\"breadcrumb\":{\"@id\":\"https:\/\/www.kaysuns.com\/services\/#breadcrumb\"},\"inLanguage\":\"es\",\"potentialAction\":[{\"@type\":\"ReadAction\",\"target\":[\"https:\/\/www.kaysuns.com\/services\/\"]}]},{\"@type\":\"ImageObject\",\"inLanguage\":\"es\",\"@id\":\"https:\/\/www.kaysuns.com\/services\/#primaryimage\",\"url\":\"https:\/\/www.kaysuns.com\/wp-content\/uploads\/2024\/03\/kaysuns-services1-e1464855111632.webp\",\"contentUrl\":\"https:\/\/www.kaysuns.com\/wp-content\/uploads\/2024\/03\/kaysuns-services1-e1464855111632.webp\"},{\"@type\":\"BreadcrumbList\",\"@id\":\"https:\/\/www.kaysuns.com\/services\/#breadcrumb\",\"itemListElement\":[{\"@type\":\"ListItem\",\"position\":1,\"name\":\"Home\",\"item\":\"https:\/\/www.kaysuns.com\/\"},{\"@type\":\"ListItem\",\"position\":2,\"name\":\"Services\"}]},{\"@type\":\"WebSite\",\"@id\":\"https:\/\/www.kaysuns.com\/#website\",\"url\":\"https:\/\/www.kaysuns.com\/\",\"name\":\"Stainless Steel Pipe and Fittings | KAYSUNS\",\"description\":\"Stainless Steel Pipe &amp; Fittings Manufacturer and Supplier in China\",\"publisher\":{\"@id\":\"https:\/\/www.kaysuns.com\/#organization\"},\"alternateName\":\"KAYSUNS\",\"potentialAction\":[{\"@type\":\"SearchAction\",\"target\":{\"@type\":\"EntryPoint\",\"urlTemplate\":\"https:\/\/www.kaysuns.com\/?s={search_term_string}\"},\"query-input\":{\"@type\":\"PropertyValueSpecification\",\"valueRequired\":true,\"valueName\":\"search_term_string\"}}],\"inLanguage\":\"es\"},{\"@type\":\"Organization\",\"@id\":\"https:\/\/www.kaysuns.com\/#organization\",\"name\":\"Kaysuns Industry Ltd.\",\"url\":\"https:\/\/www.kaysuns.com\/\",\"logo\":{\"@type\":\"ImageObject\",\"inLanguage\":\"es\",\"@id\":\"https:\/\/www.kaysuns.com\/#\/schema\/logo\/image\/\",\"url\":\"https:\/\/www.kaysuns.com\/wp-content\/uploads\/2019\/12\/cropped-neve-industrial-logo-1.png\",\"contentUrl\":\"https:\/\/www.kaysuns.com\/wp-content\/uploads\/2019\/12\/cropped-neve-industrial-logo-1.png\",\"width\":52,\"height\":59,\"caption\":\"Kaysuns Industry Ltd.\"},\"image\":{\"@id\":\"https:\/\/www.kaysuns.com\/#\/schema\/logo\/image\/\"}}]}<\/script>\n<!-- \/ Yoast SEO plugin. -->","yoast_head_json":{"title":"Conozca nuestros servicios | KAYSUNS","description":"Lea nuestra p\u00e1gina de servicio. Cont\u00e1ctenos para obtener m\u00e1s informaci\u00f3n sobre nuestras tuber\u00edas, accesorios y bridas hoy. Ponte en contacto para saber m\u00e1s.","robots":{"index":"index","follow":"follow","max-snippet":"max-snippet:-1","max-image-preview":"max-image-preview:large","max-video-preview":"max-video-preview:-1"},"canonical":"https:\/\/www.kaysuns.com\/es\/servicios\/","og_locale":"es_ES","og_type":"article","og_title":"Know About Our Services | KAYSUNS","og_description":"Read our service page. Contact us for more information about our Pipes, Fittings and Flanges today. Get in touch to know more.","og_url":"https:\/\/www.kaysuns.com\/es\/servicios\/","og_site_name":"Stainless Steel Pipe and Fittings | KAYSUNS","article_modified_time":"2024-04-01T07:03:01+00:00","og_image":[{"url":"https:\/\/www.kaysuns.com\/wp-content\/uploads\/2024\/03\/kaysuns-services1-e1464855111632.webp","type":"","width":"","height":""}],"twitter_card":"summary_large_image","twitter_misc":{"Tiempo de lectura":"1 minuto"},"schema":{"@context":"https:\/\/schema.org","@graph":[{"@type":"WebPage","@id":"https:\/\/www.kaysuns.com\/services\/","url":"https:\/\/www.kaysuns.com\/services\/","name":"Conozca nuestros servicios | KAYSUNS","isPartOf":{"@id":"https:\/\/www.kaysuns.com\/#website"},"primaryImageOfPage":{"@id":"https:\/\/www.kaysuns.com\/services\/#primaryimage"},"image":{"@id":"https:\/\/www.kaysuns.com\/services\/#primaryimage"},"thumbnailUrl":"https:\/\/www.kaysuns.com\/wp-content\/uploads\/2024\/03\/kaysuns-services1-e1464855111632.webp","datePublished":"2011-07-14T19:45:42+00:00","dateModified":"2024-04-01T07:03:01+00:00","description":"Lea nuestra p\u00e1gina de servicio. Cont\u00e1ctenos para obtener m\u00e1s informaci\u00f3n sobre nuestras tuber\u00edas, accesorios y bridas hoy. Ponte en contacto para saber m\u00e1s.","breadcrumb":{"@id":"https:\/\/www.kaysuns.com\/services\/#breadcrumb"},"inLanguage":"es","potentialAction":[{"@type":"ReadAction","target":["https:\/\/www.kaysuns.com\/services\/"]}]},{"@type":"ImageObject","inLanguage":"es","@id":"https:\/\/www.kaysuns.com\/services\/#primaryimage","url":"https:\/\/www.kaysuns.com\/wp-content\/uploads\/2024\/03\/kaysuns-services1-e1464855111632.webp","contentUrl":"https:\/\/www.kaysuns.com\/wp-content\/uploads\/2024\/03\/kaysuns-services1-e1464855111632.webp"},{"@type":"BreadcrumbList","@id":"https:\/\/www.kaysuns.com\/services\/#breadcrumb","itemListElement":[{"@type":"ListItem","position":1,"name":"Home","item":"https:\/\/www.kaysuns.com\/"},{"@type":"ListItem","position":2,"name":"Services"}]},{"@type":"WebSite","@id":"https:\/\/www.kaysuns.com\/#website","url":"https:\/\/www.kaysuns.com\/","name":"Tubos y accesorios de acero inoxidable | KAYSUNS","description":"Fabricante y proveedor de tubos y accesorios de acero inoxidable en China","publisher":{"@id":"https:\/\/www.kaysuns.com\/#organization"},"alternateName":"KAYSUNS","potentialAction":[{"@type":"SearchAction","target":{"@type":"EntryPoint","urlTemplate":"https:\/\/www.kaysuns.com\/?s={search_term_string}"},"query-input":{"@type":"PropertyValueSpecification","valueRequired":true,"valueName":"search_term_string"}}],"inLanguage":"es"},{"@type":"Organization","@id":"https:\/\/www.kaysuns.com\/#organization","name":"Kaysuns Industry Ltd.","url":"https:\/\/www.kaysuns.com\/","logo":{"@type":"ImageObject","inLanguage":"es","@id":"https:\/\/www.kaysuns.com\/#\/schema\/logo\/image\/","url":"https:\/\/www.kaysuns.com\/wp-content\/uploads\/2019\/12\/cropped-neve-industrial-logo-1.png","contentUrl":"https:\/\/www.kaysuns.com\/wp-content\/uploads\/2019\/12\/cropped-neve-industrial-logo-1.png","width":52,"height":59,"caption":"Kaysuns Industry Ltd."},"image":{"@id":"https:\/\/www.kaysuns.com\/#\/schema\/logo\/image\/"}}]}},"_links":{"self":[{"href":"https:\/\/www.kaysuns.com\/es\/wp-json\/wp\/v2\/pages\/7","targetHints":{"allow":["GET"]}}],"collection":[{"href":"https:\/\/www.kaysuns.com\/es\/wp-json\/wp\/v2\/pages"}],"about":[{"href":"https:\/\/www.kaysuns.com\/es\/wp-json\/wp\/v2\/types\/page"}],"author":[{"embeddable":true,"href":"https:\/\/www.kaysuns.com\/es\/wp-json\/wp\/v2\/users\/1"}],"replies":[{"embeddable":true,"href":"https:\/\/www.kaysuns.com\/es\/wp-json\/wp\/v2\/comments?post=7"}],"version-history":[{"count":6,"href":"https:\/\/www.kaysuns.com\/es\/wp-json\/wp\/v2\/pages\/7\/revisions"}],"predecessor-version":[{"id":53366,"href":"https:\/\/www.kaysuns.com\/es\/wp-json\/wp\/v2\/pages\/7\/revisions\/53366"}],"wp:attachment":[{"href":"https:\/\/www.kaysuns.com\/es\/wp-json\/wp\/v2\/media?parent=7"}],"curies":[{"name":"wp","href":"https:\/\/api.w.org\/{rel}","templated":true}]}}