{"id":45509,"date":"2024-04-01T06:46:16","date_gmt":"2024-04-01T06:46:16","guid":{"rendered":"https:\/\/www.kaysuns.com\/?page_id=45509"},"modified":"2024-04-01T06:49:54","modified_gmt":"2024-04-01T06:49:54","slug":"condiciones-de-venta","status":"publish","type":"page","link":"https:\/\/www.kaysuns.com\/es\/condiciones-de-venta\/","title":{"rendered":"Condiciones de venta"},"content":{"rendered":"<div data-elementor-type=\"wp-page\" data-elementor-id=\"45509\" class=\"elementor elementor-45509\" data-elementor-post-type=\"page\">\n\t\t\t\t\t\t<section class=\"elementor-section elementor-top-section elementor-element elementor-element-b81e474 elementor-section-boxed elementor-section-height-default elementor-section-height-default\" data-id=\"b81e474\" data-element_type=\"section\">\n\t\t\t\t\t\t<div class=\"elementor-container elementor-column-gap-default\">\n\t\t\t\t\t<div class=\"elementor-column elementor-col-66 elementor-top-column elementor-element elementor-element-f19b057\" data-id=\"f19b057\" data-element_type=\"column\">\n\t\t\t<div class=\"elementor-widget-wrap elementor-element-populated\">\n\t\t\t\t\t\t<div class=\"elementor-element elementor-element-d85a07f elementor-widget elementor-widget-heading\" data-id=\"d85a07f\" data-element_type=\"widget\" data-widget_type=\"heading.default\">\n\t\t\t\t<div class=\"elementor-widget-container\">\n\t\t\t\t\t<h2 class=\"elementor-heading-title elementor-size-default\">Confirmar dise\u00f1o<\/h2>\t\t\t\t<\/div>\n\t\t\t\t<\/div>\n\t\t\t\t<div class=\"elementor-element elementor-element-9333d87 elementor-widget elementor-widget-text-editor\" data-id=\"9333d87\" data-element_type=\"widget\" data-widget_type=\"text-editor.default\">\n\t\t\t\t<div class=\"elementor-widget-container\">\n\t\t\t\t\t\t\t\t\t<div data-slate-node=\"element\"><span data-slate-node=\"text\"><span class=\"null\" data-slate-leaf=\"true\" data-sent-id=\"VEq1KWD850\">Dise\u00f1adores expertos crean dise\u00f1os pr\u00e1cticos de bridas basados en los datos obtenidos durante la consulta, junto con cualquier requisito especial que pueda tener. <\/span><\/span><span data-slate-node=\"text\"><span class=\"null\" data-slate-leaf=\"true\" data-sent-id=\"jL5ROQMYwo\">Le enviamos el dise\u00f1o finalizado, asegur\u00e1ndonos de que las especificaciones del dise\u00f1o reflejan sus conceptos exclusivos de marca o marketing.<\/span><\/span><\/div><div data-slate-node=\"element\">\u00a0<\/div><div data-slate-node=\"element\" data-slate-fragment=\"JTVCJTdCJTIydHlwZSUyMiUzQSUyMnBhcmFncmFwaCUyMiUyQyUyMmNoaWxkcmVuJTIyJTNBJTVCJTdCJTIyaWQlMjIlM0ElMjJWRXExS1dEODUwJTIyJTJDJTIycGFyYUlkeCUyMiUzQTAlMkMlMjJzcmMlMjIlM0ElMjJFeHBlcnQlMjBkZXNpZ25lcnMlMjBjcmVhdGUlMjBwcmFjdGljYWwlMjBmbGFuZ2UlMjBkZXNpZ25zJTIwYmFzZWQlMjBvbiUyMHRoZSUyMGRhdGElMjBhY3F1aXJlZCUyMGR1cmluZyUyMHRoZSUyMGNvbnN1bHRhdGlvbiUyQyUyMGFsb25nJTIwd2l0aCUyMGFueSUyMHNwZWNpYWwlMjByZXF1aXJlbWVudHMlMjB5b3UlMjBtYXklMjBoYXZlLiUyMCUyMiUyQyUyMmRzdCUyMiUzQSUyMiVFNCVCOCU5MyVFNSVBRSVCNiVFOCVBRSVCRSVFOCVBRSVBMSVFNSVCOCU4OCVFNiVBMCVCOSVFNiU4RCVBRSVFNSU5MiVBOCVFOCVBRiVBMiVFNiU5QyU5RiVFOSU5NyVCNCVFOCU4RSVCNyVFNSVCRSU5NyVFNyU5QSU4NCVFNiU5NSVCMCVFNiU4RCVBRSVFNCVCQiVBNSVFNSU4RiU4QSVFNiU4MiVBOCVFNSU4RiVBRiVFOCU4MyVCRCVFNiU5QyU4OSVFNyU5QSU4NCVFNCVCQiVCQiVFNCVCRCU5NSVFNyU4OSVCOSVFNiVBRSU4QSVFOCVBNiU4MSVFNiVCMSU4MiVFRiVCQyU4QyVFNSU4OCU5QiVFNSVCQiVCQSVFNSVBRSU5RSVFNyU5NCVBOCVFNyU5QSU4NCVFNiVCMyU5NSVFNSU4NSVCMCVFOCVBRSVCRSVFOCVBRSVBMSVFMyU4MCU4MiUyMiUyQyUyMm1ldGFkYXRhJTIyJTNBJTIyJTIyJTJDJTIybWV0YURhdGElMjIlM0ElNUIlNUQlMkMlMjJ0ZXh0JTIyJTNBJTIyRXhwZXJ0JTIwZGVzaWduZXJzJTIwY3JlYXRlJTIwcHJhY3RpY2FsJTIwZmxhbmdlJTIwZGVzaWducyUyMGJhc2VkJTIwb24lMjB0aGUlMjBkYXRhJTIwYWNxdWlyZWQlMjBkdXJpbmclMjB0aGUlMjBjb25zdWx0YXRpb24lMkMlMjBhbG9uZyUyMHdpdGglMjBhbnklMjBzcGVjaWFsJTIwcmVxdWlyZW1lbnRzJTIweW91JTIwbWF5JTIwaGF2ZS4lMjAlMjIlN0QlNUQlN0QlMkMlN0IlMjJ0eXBlJTIyJTNBJTIycGFyYWdyYXBoJTIyJTJDJTIyY2hpbGRyZW4lMjIlM0ElNUIlN0IlMjJpZCUyMiUzQSUyMmpMNVJPUU1Zd28lMjIlMkMlMjJwYXJhSWR4JTIyJTNBMSUyQyUyMnNyYyUyMiUzQSUyMlRoZSUyMGNvbXBsZXRlZCUyMGRlc2lnbiUyMGlzJTIwZm9yd2FyZGVkJTIwdG8lMjB5b3UlMkMlMjBlbnN1cmluZyUyMHRoYXQlMjB0aGUlMjBkZXNpZ24lMjBzcGVjaWZpY2F0aW9ucyUyMGNhcHR1cmUlMjB5b3VyJTIwdW5pcXVlJTIwYnJhbmRpbmclMjBvciUyMG1hcmtldGluZyUyMGNvbmNlcHRzLiUyMiUyQyUyMmRzdCUyMiUzQSUyMiVFNSVBRSU4QyVFNiU4OCU5MCVFNyU5QSU4NCVFOCVBRSVCRSVFOCVBRSVBMSVFNSVCMCU4NiVFOCVCRCVBQyVFNSU4RiU5MSVFNyVCQiU5OSVFNiU4MiVBOCVFRiVCQyU4QyVFNyVBMSVBRSVFNCVCRiU5RCVFOCVBRSVCRSVFOCVBRSVBMSVFOCVBNyU4NCVFOCU4QyU4MyVFOCU4MyVCRCVFNSVBNCU5RiVFNCVCRCU5MyVFNyU4RSVCMCVFNiU4MiVBOCVFNyU4QiVBQyVFNyU4OSVCOSVFNyU5QSU4NCVFNSU5MyU4MSVFNyU4OSU4QyVFNiU4OCU5NiVFOCU5MCVBNSVFOSU5NCU4MCVFNyU5MCU4NiVFNSVCRiVCNSVFMyU4MCU4MiUyMiUyQyUyMm1ldGFkYXRhJTIyJTNBJTIyJTIyJTJDJTIybWV0YURhdGElMjIlM0ElNUIlNUQlMkMlMjJ0ZXh0JTIyJTNBJTIyVGhlJTIwY29tcGxldGVkJTIwZGVzaWduJTIwaXMlMjBmb3J3YXJkZWQlMjB0byUyMHlvdSUyQyUyMGVuc3VyaW5nJTIwdGhhdCUyMHRoZSUyMGRlc2lnbiUyMHNwZWNpZmljYXRpb25zJTIwY2FwdHVyZSUyMHlvdXIlMjB1bmlxdWUlMjBicmFuZGluZyUyMG9yJTIwbWFya2V0aW5nJTIwY29uY2VwdHMuJTIyJTdEJTVEJTdEJTJDJTdCJTIydHlwZSUyMiUzQSUyMnBhcmFncmFwaCUyMiUyQyUyMmNoaWxkcmVuJTIyJTNBJTVCJTdCJTIyaWQlMjIlM0ElMjJEanFnakxNbHdlJTIyJTJDJTIycGFyYUlkeCUyMiUzQTIlMkMlMjJzcmMlMjIlM0ElMjJBZnRlciUyMGdldHRpbmclMjB5b3VyJTIwYXBwcm92YWwlMkMlMjB0aGUlMjBkZXNpZ24lMjBpcyUyMHRoZW4lMjBmb3J3YXJkZWQlMjB0byUyMG91ciUyMHByb2R1Y3Rpb24lMjB0ZWFtJTIwZm9yJTIwc2FtcGxlJTIwbWFraW5nLiUyMiUyQyUyMmRzdCUyMiUzQSUyMiVFNSU5QyVBOCVFOCU4RSVCNyVFNSVCRSU5NyVFNiU4MiVBOCVFNyU5QSU4NCVFNiU4OSVCOSVFNSU4NyU4NiVFNSU5MCU4RSVFRiVCQyU4QyVFOCVBRSVCRSVFOCVBRSVBMSVFNSVCMCU4NiVFOCVBMiVBQiVFOCVCRCVBQyVFNCVCQSVBNCVFNyVCQiU5OSVFNiU4OCU5MSVFNCVCQiVBQyVFNyU5QSU4NCVFNyU5NCU5RiVFNCVCQSVBNyVFNSU5QiVBMiVFOSU5OCU5RiVFOCVCRiU5QiVFOCVBMSU4QyVFNiVBMCVCNyVFNSU5MyU4MSVFNSU4OCVCNiVFNCVCRCU5QyVFMyU4MCU4MiUyMiUyQyUyMm1ldGFkYXRhJTIyJTNBJTIyJTIyJTJDJTIybWV0YURhdGElMjIlM0ElNUIlNUQlMkMlMjJ0ZXh0JTIyJTNBJTIyQWZ0ZXIlMjBnZXR0aW5nJTIweW91ciUyMGFwcHJvdmFsJTJDJTIwdGhlJTIwZGVzaWduJTIwaXMlMjB0aGVuJTIwZm9yd2FyZGVkJTIwdG8lMjBvdXIlMjBwcm9kdWN0aW9uJTIwdGVhbSUyMGZvciUyMHNhbXBsZSUyMG1ha2luZy4lMjIlN0QlNUQlN0QlNUQ=\"><span data-slate-node=\"text\"><span class=\"null\" data-slate-leaf=\"true\" data-sent-id=\"DjqgjLMlwe\">Tras obtener su aprobaci\u00f3n, el dise\u00f1o se env\u00eda a nuestro equipo de producci\u00f3n para la fabricaci\u00f3n de muestras.<\/span><\/span><\/div>\t\t\t\t\t\t\t\t<\/div>\n\t\t\t\t<\/div>\n\t\t\t\t\t<\/div>\n\t\t<\/div>\n\t\t\t\t<div class=\"elementor-column elementor-col-33 elementor-top-column elementor-element elementor-element-5e9699a\" data-id=\"5e9699a\" data-element_type=\"column\">\n\t\t\t<div class=\"elementor-widget-wrap elementor-element-populated\">\n\t\t\t\t\t\t<div class=\"elementor-element elementor-element-6a66c2d elementor-widget elementor-widget-image\" data-id=\"6a66c2d\" data-element_type=\"widget\" data-widget_type=\"image.default\">\n\t\t\t\t<div class=\"elementor-widget-container\">\n\t\t\t\t\t\t\t\t\t\t\t\t\t\t\t<img decoding=\"async\" src=\"https:\/\/www.kaysuns.com\/wp-content\/uploads\/elementor\/thumbs\/admin-ajax132-1-qm22xbhxnzbdm7ahv4wwghnmques3lpndqxr4p1vp4.webp\" title=\"admin-ajax132 (1)\" alt=\"admin-ajax132 (1)\" loading=\"lazy\" \/>\t\t\t\t\t\t\t\t\t\t\t\t\t\t\t<\/div>\n\t\t\t\t<\/div>\n\t\t\t\t\t<\/div>\n\t\t<\/div>\n\t\t\t\t\t<\/div>\n\t\t<\/section>\n\t\t\t\t<section class=\"elementor-section elementor-top-section elementor-element elementor-element-21110c7 elementor-section-boxed elementor-section-height-default elementor-section-height-default\" data-id=\"21110c7\" data-element_type=\"section\">\n\t\t\t\t\t\t<div class=\"elementor-container elementor-column-gap-default\">\n\t\t\t\t\t<div class=\"elementor-column elementor-col-33 elementor-top-column elementor-element elementor-element-9a0833d\" data-id=\"9a0833d\" data-element_type=\"column\">\n\t\t\t<div class=\"elementor-widget-wrap elementor-element-populated\">\n\t\t\t\t\t\t<div class=\"elementor-element elementor-element-5ee16f4 elementor-widget elementor-widget-image\" data-id=\"5ee16f4\" data-element_type=\"widget\" data-widget_type=\"image.default\">\n\t\t\t\t<div class=\"elementor-widget-container\">\n\t\t\t\t\t\t\t\t\t\t\t\t\t\t\t<img decoding=\"async\" src=\"https:\/\/www.kaysuns.com\/wp-content\/uploads\/elementor\/thumbs\/20231117090858-qldpk7u2u9oy0eewoaw1gvpljhcucn1q60c5s0li9k.webp\" title=\"Paquete\" alt=\"Paquete\" loading=\"lazy\" \/>\t\t\t\t\t\t\t\t\t\t\t\t\t\t\t<\/div>\n\t\t\t\t<\/div>\n\t\t\t\t\t<\/div>\n\t\t<\/div>\n\t\t\t\t<div class=\"elementor-column elementor-col-66 elementor-top-column elementor-element elementor-element-b0e8206\" data-id=\"b0e8206\" data-element_type=\"column\">\n\t\t\t<div class=\"elementor-widget-wrap elementor-element-populated\">\n\t\t\t\t\t\t<div class=\"elementor-element elementor-element-bd1c61a elementor-widget elementor-widget-heading\" data-id=\"bd1c61a\" data-element_type=\"widget\" data-widget_type=\"heading.default\">\n\t\t\t\t<div class=\"elementor-widget-container\">\n\t\t\t\t\t<h2 class=\"elementor-heading-title elementor-size-default\">Plazo de entrega de 30 d\u00edas<\/h2>\t\t\t\t<\/div>\n\t\t\t\t<\/div>\n\t\t\t\t<div class=\"elementor-element elementor-element-0b9bf95 elementor-widget elementor-widget-text-editor\" data-id=\"0b9bf95\" data-element_type=\"widget\" data-widget_type=\"text-editor.default\">\n\t\t\t\t<div class=\"elementor-widget-container\">\n\t\t\t\t\t\t\t\t\t<p>Los pedidos de bridas personalizadas pueden tardar hasta 30 d\u00edas en completarse, incluida la fase de dise\u00f1o del prototipo. <br \/><br \/>Para pedidos est\u00e1ndar, solicitudes de OEM o compras urgentes, nuestro almac\u00e9n est\u00e1 repleto de existencias de piezas est\u00e1ndar, lo que permite a nuestro equipo completar su pedido en un plazo de 7 d\u00edas a partir de la fecha de su solicitud.<\/p>\t\t\t\t\t\t\t\t<\/div>\n\t\t\t\t<\/div>\n\t\t\t\t\t<\/div>\n\t\t<\/div>\n\t\t\t\t\t<\/div>\n\t\t<\/section>\n\t\t\t\t<section class=\"elementor-section elementor-top-section elementor-element elementor-element-9f5f633 elementor-section-boxed elementor-section-height-default elementor-section-height-default\" data-id=\"9f5f633\" data-element_type=\"section\">\n\t\t\t\t\t\t<div class=\"elementor-container elementor-column-gap-default\">\n\t\t\t\t\t<div class=\"elementor-column elementor-col-66 elementor-top-column elementor-element elementor-element-f55ba83\" data-id=\"f55ba83\" data-element_type=\"column\">\n\t\t\t<div class=\"elementor-widget-wrap elementor-element-populated\">\n\t\t\t\t\t\t<div class=\"elementor-element elementor-element-2f32048 elementor-widget elementor-widget-heading\" data-id=\"2f32048\" data-element_type=\"widget\" data-widget_type=\"heading.default\">\n\t\t\t\t<div class=\"elementor-widget-container\">\n\t\t\t\t\t<h2 class=\"elementor-heading-title elementor-size-default\">Servicios de valor a\u00f1adido<\/h2>\t\t\t\t<\/div>\n\t\t\t\t<\/div>\n\t\t\t\t<div class=\"elementor-element elementor-element-3b0484c elementor-widget elementor-widget-text-editor\" data-id=\"3b0484c\" data-element_type=\"widget\" data-widget_type=\"text-editor.default\">\n\t\t\t\t<div class=\"elementor-widget-container\">\n\t\t\t\t\t\t\t\t\t<p>Como valoramos su negocio con nosotros, a\u00f1adimos piezas de repuesto gratuitas en su compra en el momento del env\u00edo, por un importe de 10% de la cantidad total.<\/p><p>Si lo solicita, tambi\u00e9n podemos incluir documentos adicionales en el env\u00edo, como par\u00e1metros del producto, resultados de pruebas y otra informaci\u00f3n importante.<\/p>\t\t\t\t\t\t\t\t<\/div>\n\t\t\t\t<\/div>\n\t\t\t\t\t<\/div>\n\t\t<\/div>\n\t\t\t\t<div class=\"elementor-column elementor-col-33 elementor-top-column elementor-element elementor-element-21c73a7\" data-id=\"21c73a7\" data-element_type=\"column\">\n\t\t\t<div class=\"elementor-widget-wrap elementor-element-populated\">\n\t\t\t\t\t\t<div class=\"elementor-element elementor-element-b633354 elementor-widget elementor-widget-image\" data-id=\"b633354\" data-element_type=\"widget\" data-widget_type=\"image.default\">\n\t\t\t\t<div class=\"elementor-widget-container\">\n\t\t\t\t\t\t\t\t\t\t\t\t\t\t\t<img decoding=\"async\" src=\"https:\/\/www.kaysuns.com\/wp-content\/uploads\/elementor\/thumbs\/admin-ajax116-qluva6r3zjsp9oisjscek7frm98emo8w9qomq04yig.webp\" title=\"admin-ajax116\" alt=\"admin-ajax116\" loading=\"lazy\" \/>\t\t\t\t\t\t\t\t\t\t\t\t\t\t\t<\/div>\n\t\t\t\t<\/div>\n\t\t\t\t\t<\/div>\n\t\t<\/div>\n\t\t\t\t\t<\/div>\n\t\t<\/section>\n\t\t\t\t<section class=\"elementor-section elementor-top-section elementor-element elementor-element-4d8adfb elementor-section-boxed elementor-section-height-default elementor-section-height-default\" data-id=\"4d8adfb\" data-element_type=\"section\">\n\t\t\t\t\t\t<div class=\"elementor-container elementor-column-gap-default\">\n\t\t\t\t\t<div class=\"elementor-column elementor-col-33 elementor-top-column elementor-element elementor-element-253b29f\" data-id=\"253b29f\" data-element_type=\"column\">\n\t\t\t<div class=\"elementor-widget-wrap elementor-element-populated\">\n\t\t\t\t\t\t<div class=\"elementor-element elementor-element-eaf9fa6 elementor-widget elementor-widget-image\" data-id=\"eaf9fa6\" data-element_type=\"widget\" data-widget_type=\"image.default\">\n\t\t\t\t<div class=\"elementor-widget-container\">\n\t\t\t\t\t\t\t\t\t\t\t\t\t\t\t<img decoding=\"async\" src=\"https:\/\/www.kaysuns.com\/wp-content\/uploads\/elementor\/thumbs\/admin-ajax-13-qlf31mkp7ub3bstfhtr6gujivb0l9y4bf60zhla7y0.webp\" title=\"admin-ajax-13\" alt=\"admin-ajax-13\" loading=\"lazy\" \/>\t\t\t\t\t\t\t\t\t\t\t\t\t\t\t<\/div>\n\t\t\t\t<\/div>\n\t\t\t\t\t<\/div>\n\t\t<\/div>\n\t\t\t\t<div class=\"elementor-column elementor-col-66 elementor-top-column elementor-element elementor-element-91491ef\" data-id=\"91491ef\" data-element_type=\"column\">\n\t\t\t<div class=\"elementor-widget-wrap elementor-element-populated\">\n\t\t\t\t\t\t<div class=\"elementor-element elementor-element-cfde3df elementor-widget elementor-widget-heading\" data-id=\"cfde3df\" data-element_type=\"widget\" data-widget_type=\"heading.default\">\n\t\t\t\t<div class=\"elementor-widget-container\">\n\t\t\t\t\t<h2 class=\"elementor-heading-title elementor-size-default\">Servicio posventa reactivo<\/h2>\t\t\t\t<\/div>\n\t\t\t\t<\/div>\n\t\t\t\t<div class=\"elementor-element elementor-element-2bd0e4c elementor-widget elementor-widget-text-editor\" data-id=\"2bd0e4c\" data-element_type=\"widget\" data-widget_type=\"text-editor.default\">\n\t\t\t\t<div class=\"elementor-widget-container\">\n\t\t\t\t\t\t\t\t\t<p>Nuestro servicio de atenci\u00f3n al cliente est\u00e1 disponible las 24 horas del d\u00eda para ofrecer un excelente servicio de ventas<\/p><p>Un equipo profesional de posventa se ocupa de sus preocupaciones por correo electr\u00f3nico y videollamadas, mientras que nuestro personal de asistencia t\u00e9cnica in situ son expertos certificados en la materia y ofrecen soluciones r\u00e1pidas y eficaces para cualquier tipo de problema.<\/p>\t\t\t\t\t\t\t\t<\/div>\n\t\t\t\t<\/div>\n\t\t\t\t\t<\/div>\n\t\t<\/div>\n\t\t\t\t\t<\/div>\n\t\t<\/section>\n\t\t\t\t<\/div>","protected":false},"excerpt":{"rendered":"<p>Los dise\u00f1adores de Confirm Design Expert crean dise\u00f1os pr\u00e1cticos de bridas basados en los datos adquiridos durante la consulta, junto con cualquier requisito especial que pueda tener. Le enviamos el dise\u00f1o terminado, asegur\u00e1ndonos de que las especificaciones del dise\u00f1o reflejan sus conceptos exclusivos de marca o marketing. Tras obtener su aprobaci\u00f3n, el dise\u00f1o se env\u00eda a nuestro equipo de producci\u00f3n...&nbsp;<a href=\"https:\/\/www.kaysuns.com\/es\/condiciones-de-venta\/\" rel=\"bookmark\">Leer m\u00e1s \"<span class=\"screen-reader-text\">Condiciones de venta<\/span><\/a><\/p>","protected":false},"author":1,"featured_media":0,"parent":0,"menu_order":0,"comment_status":"closed","ping_status":"closed","template":"page-templates\/template-pagebuilder-full-width.php","meta":{"neve_meta_sidebar":"","neve_meta_container":"","neve_meta_enable_content_width":"","neve_meta_content_width":0,"neve_meta_title_alignment":"","neve_meta_author_avatar":"","neve_post_elements_order":"","neve_meta_disable_header":"","neve_meta_disable_footer":"","neve_meta_disable_title":"","neve_meta_reading_time":"","_ti_tpc_template_sync":false,"_ti_tpc_template_id":"","footnotes":""},"class_list":["post-45509","page","type-page","status-publish","hentry"],"yoast_head":"<!-- This site is optimized with the Yoast SEO plugin v26.6 - https:\/\/yoast.com\/wordpress\/plugins\/seo\/ -->\n<title>Sales Terms - Stainless Steel Pipe and Fittings | KAYSUNS<\/title>\n<meta name=\"robots\" content=\"index, follow, max-snippet:-1, max-image-preview:large, max-video-preview:-1\" \/>\n<link rel=\"canonical\" href=\"https:\/\/www.kaysuns.com\/es\/condiciones-de-venta\/\" \/>\n<meta property=\"og:locale\" content=\"es_ES\" \/>\n<meta property=\"og:type\" content=\"article\" \/>\n<meta property=\"og:title\" content=\"Sales Terms - Stainless Steel Pipe and Fittings | KAYSUNS\" \/>\n<meta property=\"og:description\" content=\"Confirm Design Expert designers create practical flange designs based on the data acquired during the consultation, along with any special requirements you may have. The completed design is forwarded to you, ensuring that the design specifications capture your unique branding or marketing concepts.\u00a0After getting your approval, the design is then forwarded to our production team&hellip;&nbsp;Read More &raquo;Sales Terms\" \/>\n<meta property=\"og:url\" content=\"https:\/\/www.kaysuns.com\/es\/condiciones-de-venta\/\" \/>\n<meta property=\"og:site_name\" content=\"Stainless Steel Pipe and Fittings | KAYSUNS\" \/>\n<meta property=\"article:modified_time\" content=\"2024-04-01T06:49:54+00:00\" \/>\n<meta property=\"og:image\" content=\"https:\/\/www.kaysuns.com\/wp-content\/uploads\/elementor\/thumbs\/admin-ajax132-1-qm22xbhxnzbdm7ahv4wwghnmques3lpndqxr4p1vp4.webp\" \/>\n<meta name=\"twitter:card\" content=\"summary_large_image\" \/>\n<meta name=\"twitter:label1\" content=\"Tiempo de lectura\" \/>\n\t<meta name=\"twitter:data1\" content=\"2 minutos\" \/>\n<script type=\"application\/ld+json\" class=\"yoast-schema-graph\">{\"@context\":\"https:\/\/schema.org\",\"@graph\":[{\"@type\":\"WebPage\",\"@id\":\"https:\/\/www.kaysuns.com\/sales-terms\/\",\"url\":\"https:\/\/www.kaysuns.com\/sales-terms\/\",\"name\":\"Sales Terms - Stainless Steel Pipe and Fittings | KAYSUNS\",\"isPartOf\":{\"@id\":\"https:\/\/www.kaysuns.com\/#website\"},\"primaryImageOfPage\":{\"@id\":\"https:\/\/www.kaysuns.com\/sales-terms\/#primaryimage\"},\"image\":{\"@id\":\"https:\/\/www.kaysuns.com\/sales-terms\/#primaryimage\"},\"thumbnailUrl\":\"https:\/\/www.kaysuns.com\/wp-content\/uploads\/elementor\/thumbs\/admin-ajax132-1-qm22xbhxnzbdm7ahv4wwghnmques3lpndqxr4p1vp4.webp\",\"datePublished\":\"2024-04-01T06:46:16+00:00\",\"dateModified\":\"2024-04-01T06:49:54+00:00\",\"breadcrumb\":{\"@id\":\"https:\/\/www.kaysuns.com\/sales-terms\/#breadcrumb\"},\"inLanguage\":\"es\",\"potentialAction\":[{\"@type\":\"ReadAction\",\"target\":[\"https:\/\/www.kaysuns.com\/sales-terms\/\"]}]},{\"@type\":\"ImageObject\",\"inLanguage\":\"es\",\"@id\":\"https:\/\/www.kaysuns.com\/sales-terms\/#primaryimage\",\"url\":\"https:\/\/www.kaysuns.com\/wp-content\/uploads\/elementor\/thumbs\/admin-ajax132-1-qm22xbhxnzbdm7ahv4wwghnmques3lpndqxr4p1vp4.webp\",\"contentUrl\":\"https:\/\/www.kaysuns.com\/wp-content\/uploads\/elementor\/thumbs\/admin-ajax132-1-qm22xbhxnzbdm7ahv4wwghnmques3lpndqxr4p1vp4.webp\"},{\"@type\":\"BreadcrumbList\",\"@id\":\"https:\/\/www.kaysuns.com\/sales-terms\/#breadcrumb\",\"itemListElement\":[{\"@type\":\"ListItem\",\"position\":1,\"name\":\"Home\",\"item\":\"https:\/\/www.kaysuns.com\/\"},{\"@type\":\"ListItem\",\"position\":2,\"name\":\"Sales Terms\"}]},{\"@type\":\"WebSite\",\"@id\":\"https:\/\/www.kaysuns.com\/#website\",\"url\":\"https:\/\/www.kaysuns.com\/\",\"name\":\"Stainless Steel Pipe and Fittings | KAYSUNS\",\"description\":\"Stainless Steel Pipe &amp; Fittings Manufacturer and Supplier in China\",\"publisher\":{\"@id\":\"https:\/\/www.kaysuns.com\/#organization\"},\"alternateName\":\"KAYSUNS\",\"potentialAction\":[{\"@type\":\"SearchAction\",\"target\":{\"@type\":\"EntryPoint\",\"urlTemplate\":\"https:\/\/www.kaysuns.com\/?s={search_term_string}\"},\"query-input\":{\"@type\":\"PropertyValueSpecification\",\"valueRequired\":true,\"valueName\":\"search_term_string\"}}],\"inLanguage\":\"es\"},{\"@type\":\"Organization\",\"@id\":\"https:\/\/www.kaysuns.com\/#organization\",\"name\":\"Kaysuns Industry Ltd.\",\"url\":\"https:\/\/www.kaysuns.com\/\",\"logo\":{\"@type\":\"ImageObject\",\"inLanguage\":\"es\",\"@id\":\"https:\/\/www.kaysuns.com\/#\/schema\/logo\/image\/\",\"url\":\"https:\/\/www.kaysuns.com\/wp-content\/uploads\/2019\/12\/cropped-neve-industrial-logo-1.png\",\"contentUrl\":\"https:\/\/www.kaysuns.com\/wp-content\/uploads\/2019\/12\/cropped-neve-industrial-logo-1.png\",\"width\":52,\"height\":59,\"caption\":\"Kaysuns Industry Ltd.\"},\"image\":{\"@id\":\"https:\/\/www.kaysuns.com\/#\/schema\/logo\/image\/\"}}]}<\/script>\n<!-- \/ Yoast SEO plugin. -->","yoast_head_json":{"title":"Condiciones de venta - Tubos y accesorios de acero inoxidable | KAYSUNS","robots":{"index":"index","follow":"follow","max-snippet":"max-snippet:-1","max-image-preview":"max-image-preview:large","max-video-preview":"max-video-preview:-1"},"canonical":"https:\/\/www.kaysuns.com\/es\/condiciones-de-venta\/","og_locale":"es_ES","og_type":"article","og_title":"Sales Terms - Stainless Steel Pipe and Fittings | KAYSUNS","og_description":"Confirm Design Expert designers create practical flange designs based on the data acquired during the consultation, along with any special requirements you may have. The completed design is forwarded to you, ensuring that the design specifications capture your unique branding or marketing concepts.\u00a0After getting your approval, the design is then forwarded to our production team&hellip;&nbsp;Read More &raquo;Sales Terms","og_url":"https:\/\/www.kaysuns.com\/es\/condiciones-de-venta\/","og_site_name":"Stainless Steel Pipe and Fittings | KAYSUNS","article_modified_time":"2024-04-01T06:49:54+00:00","og_image":[{"url":"https:\/\/www.kaysuns.com\/wp-content\/uploads\/elementor\/thumbs\/admin-ajax132-1-qm22xbhxnzbdm7ahv4wwghnmques3lpndqxr4p1vp4.webp","type":"","width":"","height":""}],"twitter_card":"summary_large_image","twitter_misc":{"Tiempo de lectura":"2 minutos"},"schema":{"@context":"https:\/\/schema.org","@graph":[{"@type":"WebPage","@id":"https:\/\/www.kaysuns.com\/sales-terms\/","url":"https:\/\/www.kaysuns.com\/sales-terms\/","name":"Condiciones de venta - Tubos y accesorios de acero inoxidable | KAYSUNS","isPartOf":{"@id":"https:\/\/www.kaysuns.com\/#website"},"primaryImageOfPage":{"@id":"https:\/\/www.kaysuns.com\/sales-terms\/#primaryimage"},"image":{"@id":"https:\/\/www.kaysuns.com\/sales-terms\/#primaryimage"},"thumbnailUrl":"https:\/\/www.kaysuns.com\/wp-content\/uploads\/elementor\/thumbs\/admin-ajax132-1-qm22xbhxnzbdm7ahv4wwghnmques3lpndqxr4p1vp4.webp","datePublished":"2024-04-01T06:46:16+00:00","dateModified":"2024-04-01T06:49:54+00:00","breadcrumb":{"@id":"https:\/\/www.kaysuns.com\/sales-terms\/#breadcrumb"},"inLanguage":"es","potentialAction":[{"@type":"ReadAction","target":["https:\/\/www.kaysuns.com\/sales-terms\/"]}]},{"@type":"ImageObject","inLanguage":"es","@id":"https:\/\/www.kaysuns.com\/sales-terms\/#primaryimage","url":"https:\/\/www.kaysuns.com\/wp-content\/uploads\/elementor\/thumbs\/admin-ajax132-1-qm22xbhxnzbdm7ahv4wwghnmques3lpndqxr4p1vp4.webp","contentUrl":"https:\/\/www.kaysuns.com\/wp-content\/uploads\/elementor\/thumbs\/admin-ajax132-1-qm22xbhxnzbdm7ahv4wwghnmques3lpndqxr4p1vp4.webp"},{"@type":"BreadcrumbList","@id":"https:\/\/www.kaysuns.com\/sales-terms\/#breadcrumb","itemListElement":[{"@type":"ListItem","position":1,"name":"Home","item":"https:\/\/www.kaysuns.com\/"},{"@type":"ListItem","position":2,"name":"Sales Terms"}]},{"@type":"WebSite","@id":"https:\/\/www.kaysuns.com\/#website","url":"https:\/\/www.kaysuns.com\/","name":"Tubos y accesorios de acero inoxidable | KAYSUNS","description":"Fabricante y proveedor de tubos y accesorios de acero inoxidable en China","publisher":{"@id":"https:\/\/www.kaysuns.com\/#organization"},"alternateName":"KAYSUNS","potentialAction":[{"@type":"SearchAction","target":{"@type":"EntryPoint","urlTemplate":"https:\/\/www.kaysuns.com\/?s={search_term_string}"},"query-input":{"@type":"PropertyValueSpecification","valueRequired":true,"valueName":"search_term_string"}}],"inLanguage":"es"},{"@type":"Organization","@id":"https:\/\/www.kaysuns.com\/#organization","name":"Kaysuns Industry Ltd.","url":"https:\/\/www.kaysuns.com\/","logo":{"@type":"ImageObject","inLanguage":"es","@id":"https:\/\/www.kaysuns.com\/#\/schema\/logo\/image\/","url":"https:\/\/www.kaysuns.com\/wp-content\/uploads\/2019\/12\/cropped-neve-industrial-logo-1.png","contentUrl":"https:\/\/www.kaysuns.com\/wp-content\/uploads\/2019\/12\/cropped-neve-industrial-logo-1.png","width":52,"height":59,"caption":"Kaysuns Industry Ltd."},"image":{"@id":"https:\/\/www.kaysuns.com\/#\/schema\/logo\/image\/"}}]}},"_links":{"self":[{"href":"https:\/\/www.kaysuns.com\/es\/wp-json\/wp\/v2\/pages\/45509","targetHints":{"allow":["GET"]}}],"collection":[{"href":"https:\/\/www.kaysuns.com\/es\/wp-json\/wp\/v2\/pages"}],"about":[{"href":"https:\/\/www.kaysuns.com\/es\/wp-json\/wp\/v2\/types\/page"}],"author":[{"embeddable":true,"href":"https:\/\/www.kaysuns.com\/es\/wp-json\/wp\/v2\/users\/1"}],"replies":[{"embeddable":true,"href":"https:\/\/www.kaysuns.com\/es\/wp-json\/wp\/v2\/comments?post=45509"}],"version-history":[{"count":4,"href":"https:\/\/www.kaysuns.com\/es\/wp-json\/wp\/v2\/pages\/45509\/revisions"}],"predecessor-version":[{"id":45514,"href":"https:\/\/www.kaysuns.com\/es\/wp-json\/wp\/v2\/pages\/45509\/revisions\/45514"}],"wp:attachment":[{"href":"https:\/\/www.kaysuns.com\/es\/wp-json\/wp\/v2\/media?parent=45509"}],"curies":[{"name":"wp","href":"https:\/\/api.w.org\/{rel}","templated":true}]}}