{"id":413,"date":"2012-05-23T08:42:07","date_gmt":"2012-05-23T08:42:07","guid":{"rendered":"http:\/\/192.168.9.29\/Development\/TB\/?page_id=413"},"modified":"2024-05-09T09:03:42","modified_gmt":"2024-05-09T09:03:42","slug":"lo-que-hacemos","status":"publish","type":"page","link":"https:\/\/www.kaysuns.com\/es\/servicios\/lo-que-hacemos\/","title":{"rendered":"Qu\u00e9 hacemos"},"content":{"rendered":"<div data-elementor-type=\"wp-page\" data-elementor-id=\"413\" class=\"elementor elementor-413\" data-elementor-post-type=\"page\">\n\t\t\t\t\t\t<section class=\"elementor-section elementor-top-section elementor-element elementor-element-1439521b elementor-section-boxed elementor-section-height-default elementor-section-height-default\" data-id=\"1439521b\" data-element_type=\"section\">\n\t\t\t\t\t\t<div class=\"elementor-container elementor-column-gap-default\">\n\t\t\t\t\t<div class=\"elementor-column elementor-col-100 elementor-top-column elementor-element elementor-element-294080aa\" data-id=\"294080aa\" data-element_type=\"column\">\n\t\t\t<div class=\"elementor-widget-wrap elementor-element-populated\">\n\t\t\t\t\t\t<div class=\"elementor-element elementor-element-46c63781 elementor-widget elementor-widget-text-editor\" data-id=\"46c63781\" data-element_type=\"widget\" data-widget_type=\"text-editor.default\">\n\t\t\t\t<div class=\"elementor-widget-container\">\n\t\t\t\t\t\t\t\t\t<h1><\/h1>\r\n<h1 style=\"text-align: center;\">Qu\u00e9 hacemos<\/h1>\r\nKAYSUNS proporciona un paquete de soluciones para materiales de tuber\u00edas tales como tuber\u00edas, accesorios, bridas, v\u00e1lvulas de acero inoxidable, acero d\u00faplex y acero de aleaci\u00f3n, etc. Somos fuertes en los tubos de acero inoxidable sin soldadura de gran di\u00e1metro, codos, tes, el mayor di\u00e1metro de la tuber\u00eda puede ser de hasta 72\u2033.\r\n\r\nTambi\u00e9n ofrecemos fabricaci\u00f3n a medida, tuber\u00edas prefabricadas como tuber\u00edas con bridas, codos con bridas, etc., y procesos de revestimiento de aleaciones especiales como Inconel 625, Hastelloy C276, etc. Todos nuestros materiales est\u00e1n disponibles para inspecci\u00f3n por terceros de Lloyd's, BV, SGS, Intertek, ABS, TUV, etc.\r\n\r\n&nbsp;\r\n<h2 style=\"text-align: center;\">SUMINISTRO DEL PAQUETE COMPLETO DE LA SIGUIENTE LISTA<\/h2>\r\n<table class=\"table table-bordered table-hover\" border=\"1\" cellspacing=\"0\" cellpadding=\"0\" align=\"center\">\r\n<tbody>\r\n<tr>\r\n<td>GUARNICIONES<\/td>\r\n<td colspan=\"2\" align=\"center\"><strong>Soldadura a tope <\/strong>\r\n\r\nCodos\r\n\r\nReductores\r\n\r\nTes\r\n\r\nCruces\r\n\r\nGorras\r\n\r\nJuntas solapadas\r\n\r\nTubos curvos\r\n\r\nEspigas<\/td>\r\n<td align=\"center\"><strong>Forjado (SW y roscado)<\/strong>\r\n\r\nCodos\r\n\r\nReductores\r\n\r\nTes\r\n\r\nBujes\r\n\r\nEnchufes\r\n\r\nUniones\r\n\r\nAcoplamientos\r\n\r\nEspigas\r\n\r\nSalida de derivaci\u00f3n<\/td>\r\n<\/tr>\r\n<tr>\r\n<td>BRIDAS<\/td>\r\n<td align=\"center\"><strong>BRIDAS GENERALES<\/strong>\r\n\r\nCuello de soldadura\r\n\r\nDeslizante\r\n\r\nRoscado\r\n\r\nSoldadura por encastre\r\n\r\nCiego\r\n\r\nTipo API<\/td>\r\n<td align=\"center\"><strong>PLACA BRIDAS<\/strong>\r\n\r\nEspect\u00e1culo(Figura 8)\r\n\r\nPala\r\n\r\nPala\r\n\r\nSeparador\r\n\r\nAnillo de goteo<\/td>\r\n<td align=\"center\"><strong>BRIDAS ESPECIALES<\/strong>\r\n\r\nBridas giratorias\r\n\r\nBridas de anclaje\r\n\r\nNipobridas\r\n\r\nDise\u00f1o a medida<\/td>\r\n<\/tr>\r\n<tr>\r\n<td>TUBO<\/td>\r\n<td colspan=\"3\" align=\"center\">Sin soldadura y soldado\r\n\r\nTubo en U para intercambiador de calor\r\n\r\nGran espesor de pared\r\n\r\nEspesor de pared fino de gran di\u00e1metro sin soldadura\r\n\r\nAcero inoxidable d\u00faplex\r\n\r\nAleaci\u00f3n especial<\/td>\r\n<\/tr>\r\n<tr>\r\n<td>VALVULAS<\/td>\r\n<td colspan=\"3\" align=\"center\">Bola \/ Compuerta \/ Globo \/ Retenci\u00f3n \/ Enchufe \/ Mariposa, etc.\r\n\r\nDise\u00f1o especial\r\n\r\nEn acero inoxidable, d\u00faplex, aleaci\u00f3n y titanio, etc.<\/td>\r\n<\/tr>\r\n<tr>\r\n<td>JUNTAS<\/td>\r\n<td colspan=\"3\" align=\"center\">Materiales ex\u00f3ticos y especiales\r\n\r\nFabricaci\u00f3n bajo plano\r\n\r\nPeque\u00f1as cantidades\r\n\r\nVariedad de tipos<\/td>\r\n<\/tr>\r\n<tr>\r\n<td>SUJETADORES<\/td>\r\n<td colspan=\"3\" align=\"center\">En Aleaci\u00f3n especial, Acero d\u00faplex\r\n\r\nDimensiones a medida<\/td>\r\n<\/tr>\r\n<\/tbody>\r\n<\/table>\t\t\t\t\t\t\t\t<\/div>\n\t\t\t\t<\/div>\n\t\t\t\t\t<\/div>\n\t\t<\/div>\n\t\t\t\t\t<\/div>\n\t\t<\/section>\n\t\t\t\t<\/div>","protected":false},"excerpt":{"rendered":"<p>Lo que hacemos KAYSUNS ofrece un paquete de soluciones para los materiales de tuber\u00eda como tuber\u00edas, accesorios, bridas, v\u00e1lvulas de acero inoxidable, acero d\u00faplex y acero de aleaci\u00f3n, etc. Somos fuertes en las tuber\u00edas de acero inoxidable sin costura de gran di\u00e1metro, codos, tes, el mayor di\u00e1metro de la tuber\u00eda puede ser de hasta 72\u2033. Tambi\u00e9n ofrecemos fabricaci\u00f3n a medida, tuber\u00edas prefabricadas...&nbsp;<a href=\"https:\/\/www.kaysuns.com\/es\/servicios\/lo-que-hacemos\/\" rel=\"bookmark\">Leer m\u00e1s \"<span class=\"screen-reader-text\">Qu\u00e9 hacemos<\/span><\/a><\/p>","protected":false},"author":1,"featured_media":0,"parent":7,"menu_order":1,"comment_status":"closed","ping_status":"closed","template":"elementor_header_footer","meta":{"neve_meta_sidebar":"","neve_meta_container":"","neve_meta_enable_content_width":"","neve_meta_content_width":0,"neve_meta_title_alignment":"","neve_meta_author_avatar":"","neve_post_elements_order":"","neve_meta_disable_header":"","neve_meta_disable_footer":"","neve_meta_disable_title":"","neve_meta_reading_time":"","_ti_tpc_template_sync":false,"_ti_tpc_template_id":"","footnotes":""},"class_list":["post-413","page","type-page","status-publish","hentry"],"yoast_head":"<!-- This site is optimized with the Yoast SEO plugin v26.6 - https:\/\/yoast.com\/wordpress\/plugins\/seo\/ -->\n<title>What We Do - Stainless Steel Pipe and Fittings | KAYSUNS<\/title>\n<meta name=\"description\" content=\"KAYSUNS provides a package solutions for piping materials such pipes, fittings, flanges, valves in stainless steel, duplex steel and alloy steel etc.\" \/>\n<meta name=\"robots\" content=\"index, follow, max-snippet:-1, max-image-preview:large, max-video-preview:-1\" \/>\n<link rel=\"canonical\" href=\"https:\/\/www.kaysuns.com\/es\/servicios\/lo-que-hacemos\/\" \/>\n<meta property=\"og:locale\" content=\"es_ES\" \/>\n<meta property=\"og:type\" content=\"article\" \/>\n<meta property=\"og:title\" content=\"What We Do - Stainless Steel Pipe and Fittings | KAYSUNS\" \/>\n<meta property=\"og:description\" content=\"KAYSUNS provides a package solutions for piping materials such pipes, fittings, flanges, valves in stainless steel, duplex steel and alloy steel etc.\" \/>\n<meta property=\"og:url\" content=\"https:\/\/www.kaysuns.com\/es\/servicios\/lo-que-hacemos\/\" \/>\n<meta property=\"og:site_name\" content=\"Stainless Steel Pipe and Fittings | KAYSUNS\" \/>\n<meta property=\"article:modified_time\" content=\"2024-05-09T09:03:42+00:00\" \/>\n<meta name=\"twitter:card\" content=\"summary_large_image\" \/>\n<meta name=\"twitter:label1\" content=\"Tiempo de lectura\" \/>\n\t<meta name=\"twitter:data1\" content=\"1 minuto\" \/>\n<script type=\"application\/ld+json\" class=\"yoast-schema-graph\">{\"@context\":\"https:\/\/schema.org\",\"@graph\":[{\"@type\":\"WebPage\",\"@id\":\"https:\/\/www.kaysuns.com\/services\/what-we-do\/\",\"url\":\"https:\/\/www.kaysuns.com\/services\/what-we-do\/\",\"name\":\"What We Do - Stainless Steel Pipe and Fittings | KAYSUNS\",\"isPartOf\":{\"@id\":\"https:\/\/www.kaysuns.com\/#website\"},\"datePublished\":\"2012-05-23T08:42:07+00:00\",\"dateModified\":\"2024-05-09T09:03:42+00:00\",\"description\":\"KAYSUNS provides a package solutions for piping materials such pipes, fittings, flanges, valves in stainless steel, duplex steel and alloy steel etc.\",\"breadcrumb\":{\"@id\":\"https:\/\/www.kaysuns.com\/services\/what-we-do\/#breadcrumb\"},\"inLanguage\":\"es\",\"potentialAction\":[{\"@type\":\"ReadAction\",\"target\":[\"https:\/\/www.kaysuns.com\/services\/what-we-do\/\"]}]},{\"@type\":\"BreadcrumbList\",\"@id\":\"https:\/\/www.kaysuns.com\/services\/what-we-do\/#breadcrumb\",\"itemListElement\":[{\"@type\":\"ListItem\",\"position\":1,\"name\":\"Home\",\"item\":\"https:\/\/www.kaysuns.com\/\"},{\"@type\":\"ListItem\",\"position\":2,\"name\":\"Services\",\"item\":\"https:\/\/www.kaysuns.com\/services\/\"},{\"@type\":\"ListItem\",\"position\":3,\"name\":\"What We Do\"}]},{\"@type\":\"WebSite\",\"@id\":\"https:\/\/www.kaysuns.com\/#website\",\"url\":\"https:\/\/www.kaysuns.com\/\",\"name\":\"Stainless Steel Pipe and Fittings | KAYSUNS\",\"description\":\"Stainless Steel Pipe &amp; Fittings Manufacturer and Supplier in China\",\"publisher\":{\"@id\":\"https:\/\/www.kaysuns.com\/#organization\"},\"alternateName\":\"KAYSUNS\",\"potentialAction\":[{\"@type\":\"SearchAction\",\"target\":{\"@type\":\"EntryPoint\",\"urlTemplate\":\"https:\/\/www.kaysuns.com\/?s={search_term_string}\"},\"query-input\":{\"@type\":\"PropertyValueSpecification\",\"valueRequired\":true,\"valueName\":\"search_term_string\"}}],\"inLanguage\":\"es\"},{\"@type\":\"Organization\",\"@id\":\"https:\/\/www.kaysuns.com\/#organization\",\"name\":\"Kaysuns Industry Ltd.\",\"url\":\"https:\/\/www.kaysuns.com\/\",\"logo\":{\"@type\":\"ImageObject\",\"inLanguage\":\"es\",\"@id\":\"https:\/\/www.kaysuns.com\/#\/schema\/logo\/image\/\",\"url\":\"https:\/\/www.kaysuns.com\/wp-content\/uploads\/2019\/12\/cropped-neve-industrial-logo-1.png\",\"contentUrl\":\"https:\/\/www.kaysuns.com\/wp-content\/uploads\/2019\/12\/cropped-neve-industrial-logo-1.png\",\"width\":52,\"height\":59,\"caption\":\"Kaysuns Industry Ltd.\"},\"image\":{\"@id\":\"https:\/\/www.kaysuns.com\/#\/schema\/logo\/image\/\"}}]}<\/script>\n<!-- \/ Yoast SEO plugin. -->","yoast_head_json":{"title":"Qu\u00e9 hacemos - Tubos y accesorios de acero inoxidable | KAYSUNS","description":"KAYSUNS proporciona un paquete de soluciones para materiales de tuber\u00edas como tuber\u00edas, accesorios, bridas, v\u00e1lvulas en acero inoxidable, acero d\u00faplex y acero aleado, etc.","robots":{"index":"index","follow":"follow","max-snippet":"max-snippet:-1","max-image-preview":"max-image-preview:large","max-video-preview":"max-video-preview:-1"},"canonical":"https:\/\/www.kaysuns.com\/es\/servicios\/lo-que-hacemos\/","og_locale":"es_ES","og_type":"article","og_title":"What We Do - Stainless Steel Pipe and Fittings | KAYSUNS","og_description":"KAYSUNS provides a package solutions for piping materials such pipes, fittings, flanges, valves in stainless steel, duplex steel and alloy steel etc.","og_url":"https:\/\/www.kaysuns.com\/es\/servicios\/lo-que-hacemos\/","og_site_name":"Stainless Steel Pipe and Fittings | KAYSUNS","article_modified_time":"2024-05-09T09:03:42+00:00","twitter_card":"summary_large_image","twitter_misc":{"Tiempo de lectura":"1 minuto"},"schema":{"@context":"https:\/\/schema.org","@graph":[{"@type":"WebPage","@id":"https:\/\/www.kaysuns.com\/services\/what-we-do\/","url":"https:\/\/www.kaysuns.com\/services\/what-we-do\/","name":"Qu\u00e9 hacemos - Tubos y accesorios de acero inoxidable | KAYSUNS","isPartOf":{"@id":"https:\/\/www.kaysuns.com\/#website"},"datePublished":"2012-05-23T08:42:07+00:00","dateModified":"2024-05-09T09:03:42+00:00","description":"KAYSUNS proporciona un paquete de soluciones para materiales de tuber\u00edas como tuber\u00edas, accesorios, bridas, v\u00e1lvulas en acero inoxidable, acero d\u00faplex y acero aleado, etc.","breadcrumb":{"@id":"https:\/\/www.kaysuns.com\/services\/what-we-do\/#breadcrumb"},"inLanguage":"es","potentialAction":[{"@type":"ReadAction","target":["https:\/\/www.kaysuns.com\/services\/what-we-do\/"]}]},{"@type":"BreadcrumbList","@id":"https:\/\/www.kaysuns.com\/services\/what-we-do\/#breadcrumb","itemListElement":[{"@type":"ListItem","position":1,"name":"Home","item":"https:\/\/www.kaysuns.com\/"},{"@type":"ListItem","position":2,"name":"Services","item":"https:\/\/www.kaysuns.com\/services\/"},{"@type":"ListItem","position":3,"name":"What We Do"}]},{"@type":"WebSite","@id":"https:\/\/www.kaysuns.com\/#website","url":"https:\/\/www.kaysuns.com\/","name":"Tubos y accesorios de acero inoxidable | KAYSUNS","description":"Fabricante y proveedor de tubos y accesorios de acero inoxidable en China","publisher":{"@id":"https:\/\/www.kaysuns.com\/#organization"},"alternateName":"KAYSUNS","potentialAction":[{"@type":"SearchAction","target":{"@type":"EntryPoint","urlTemplate":"https:\/\/www.kaysuns.com\/?s={search_term_string}"},"query-input":{"@type":"PropertyValueSpecification","valueRequired":true,"valueName":"search_term_string"}}],"inLanguage":"es"},{"@type":"Organization","@id":"https:\/\/www.kaysuns.com\/#organization","name":"Kaysuns Industry Ltd.","url":"https:\/\/www.kaysuns.com\/","logo":{"@type":"ImageObject","inLanguage":"es","@id":"https:\/\/www.kaysuns.com\/#\/schema\/logo\/image\/","url":"https:\/\/www.kaysuns.com\/wp-content\/uploads\/2019\/12\/cropped-neve-industrial-logo-1.png","contentUrl":"https:\/\/www.kaysuns.com\/wp-content\/uploads\/2019\/12\/cropped-neve-industrial-logo-1.png","width":52,"height":59,"caption":"Kaysuns Industry Ltd."},"image":{"@id":"https:\/\/www.kaysuns.com\/#\/schema\/logo\/image\/"}}]}},"_links":{"self":[{"href":"https:\/\/www.kaysuns.com\/es\/wp-json\/wp\/v2\/pages\/413","targetHints":{"allow":["GET"]}}],"collection":[{"href":"https:\/\/www.kaysuns.com\/es\/wp-json\/wp\/v2\/pages"}],"about":[{"href":"https:\/\/www.kaysuns.com\/es\/wp-json\/wp\/v2\/types\/page"}],"author":[{"embeddable":true,"href":"https:\/\/www.kaysuns.com\/es\/wp-json\/wp\/v2\/users\/1"}],"replies":[{"embeddable":true,"href":"https:\/\/www.kaysuns.com\/es\/wp-json\/wp\/v2\/comments?post=413"}],"version-history":[{"count":5,"href":"https:\/\/www.kaysuns.com\/es\/wp-json\/wp\/v2\/pages\/413\/revisions"}],"predecessor-version":[{"id":53367,"href":"https:\/\/www.kaysuns.com\/es\/wp-json\/wp\/v2\/pages\/413\/revisions\/53367"}],"up":[{"embeddable":true,"href":"https:\/\/www.kaysuns.com\/es\/wp-json\/wp\/v2\/pages\/7"}],"wp:attachment":[{"href":"https:\/\/www.kaysuns.com\/es\/wp-json\/wp\/v2\/media?parent=413"}],"curies":[{"name":"wp","href":"https:\/\/api.w.org\/{rel}","templated":true}]}}