{"id":2917,"date":"2016-05-12T05:22:11","date_gmt":"2016-05-12T05:22:11","guid":{"rendered":"http:\/\/www.kaysuns.com\/?page_id=2917"},"modified":"2024-09-30T07:36:58","modified_gmt":"2024-09-30T07:36:58","slug":"sobre-kaysuns","status":"publish","type":"page","link":"https:\/\/www.kaysuns.com\/es\/sobre-kaysuns\/","title":{"rendered":"Sobre nosotros"},"content":{"rendered":"<div data-elementor-type=\"wp-page\" data-elementor-id=\"2917\" class=\"elementor elementor-2917\" data-elementor-post-type=\"page\">\n\t\t\t\t\t\t<section class=\"elementor-section elementor-top-section elementor-element elementor-element-20b84a2 elementor-section-boxed elementor-section-height-default elementor-section-height-default\" data-id=\"20b84a2\" data-element_type=\"section\">\n\t\t\t\t\t\t<div class=\"elementor-container elementor-column-gap-default\">\n\t\t\t\t\t<div class=\"elementor-column elementor-col-100 elementor-top-column elementor-element elementor-element-f039b33\" data-id=\"f039b33\" data-element_type=\"column\">\n\t\t\t<div class=\"elementor-widget-wrap elementor-element-populated\">\n\t\t\t\t\t\t<div class=\"elementor-element elementor-element-2f5a291 elementor-widget elementor-widget-heading\" data-id=\"2f5a291\" data-element_type=\"widget\" data-widget_type=\"heading.default\">\n\t\t\t\t<div class=\"elementor-widget-container\">\n\t\t\t\t\t<h2 class=\"elementor-heading-title elementor-size-default\">Acerca de KAYSUNS<\/h2>\t\t\t\t<\/div>\n\t\t\t\t<\/div>\n\t\t\t\t<div class=\"elementor-element elementor-element-8b89279 elementor-widget elementor-widget-text-editor\" data-id=\"8b89279\" data-element_type=\"widget\" data-widget_type=\"text-editor.default\">\n\t\t\t\t<div class=\"elementor-widget-container\">\n\t\t\t\t\t\t\t\t\t<p><strong>Kaysuns<\/strong> es un fabricante y proveedor profesional que se especializa en tuber\u00edas y accesorios de acero inoxidable y acero d\u00faplex. Con sede en China, siempre conocemos bien las tendencias del mercado local e internacional y, por lo tanto, estamos listos para ofrecer productos con los \u00faltimos materiales. Hoy en d\u00eda, nuestros productos se caracterizan no solo en acero inoxidable y acero d\u00faplex, sino tambi\u00e9n en aleaciones a base de n\u00edquel, aleaciones de titanio, aleaciones de cobre y otros nuevos materiales.<\/p>\t\t\t\t\t\t\t\t<\/div>\n\t\t\t\t<\/div>\n\t\t\t\t<div class=\"elementor-element elementor-element-4203f6d elementor-widget elementor-widget-text-editor\" data-id=\"4203f6d\" data-element_type=\"widget\" data-widget_type=\"text-editor.default\">\n\t\t\t\t<div class=\"elementor-widget-container\">\n\t\t\t\t\t\t\t\t\t<p>La empresa se dedica a brindar el servicio de paquetes de soluciones industriales desde China continental. Los productos con los que tratamos incluyen tuber\u00edas y tubos de acero inoxidable, accesorios de tuber\u00eda, bridas, v\u00e1lvulas, sujetadores, juntas, etc., tambi\u00e9n productos y dise\u00f1os personalizados seg\u00fan las necesidades del cliente y los requisitos espec\u00edficos. ASME \/ ANSI, ASTM, EN \/ DIN, GB, JIS, ISO, BS, etc., nuestros materiales siempre se fabrican y se entregan seg\u00fan las normas internacionales.<\/p><p>Crecer juntos con nuestros clientes es nuestro orgullo. Ser una fuente de ventanilla \u00fanica puede reducir el costo de operaci\u00f3n y mejorar la eficiencia del trabajo para nuestros clientes, luego mantener la competencia y extender el negocio en el mercado.<\/p><p>Un socio confiable es la clave para que un proyecto sea exitoso, especialmente si desea hacer algo con China. Calidad confiable, costo razonable, entrega oportuna y buen servicio, \u00a1KAYSUNS es la mejor opci\u00f3n para su visi\u00f3n global!<\/p>\t\t\t\t\t\t\t\t<\/div>\n\t\t\t\t<\/div>\n\t\t\t\t\t<\/div>\n\t\t<\/div>\n\t\t\t\t\t<\/div>\n\t\t<\/section>\n\t\t\t\t<section class=\"elementor-section elementor-top-section elementor-element elementor-element-e94c01d elementor-section-boxed elementor-section-height-default elementor-section-height-default\" data-id=\"e94c01d\" data-element_type=\"section\">\n\t\t\t\t\t\t<div class=\"elementor-container elementor-column-gap-default\">\n\t\t\t\t\t<div class=\"elementor-column elementor-col-100 elementor-top-column elementor-element elementor-element-e390f6a\" data-id=\"e390f6a\" data-element_type=\"column\">\n\t\t\t<div class=\"elementor-widget-wrap elementor-element-populated\">\n\t\t\t\t\t\t<div class=\"elementor-element elementor-element-a07abbc elementor-widget elementor-widget-heading\" data-id=\"a07abbc\" data-element_type=\"widget\" data-widget_type=\"heading.default\">\n\t\t\t\t<div class=\"elementor-widget-container\">\n\t\t\t\t\t<h2 class=\"elementor-heading-title elementor-size-default\">Nuestros productos de fuerza<span style=\"font-size: var(--h2fontsize);font-weight: var(--h2fontweight);background-color: var(--nv-site-bg);color: var(--nv-text-color)\">:<\/span><span style=\"font-family: var(--headingsfontfamily),var(--nv-fallback-ff);font-size: var(--h2fontsize);font-weight: var(--h2fontweight);letter-spacing: var(--h2letterspacing);text-transform: var(--h2texttransform);background-color: var(--nv-site-bg);color: var(--nv-text-color)\"><\/span><br><\/h2>\t\t\t\t<\/div>\n\t\t\t\t<\/div>\n\t\t\t\t<div class=\"elementor-element elementor-element-03365c9 elementor-widget elementor-widget-text-editor\" data-id=\"03365c9\" data-element_type=\"widget\" data-widget_type=\"text-editor.default\">\n\t\t\t\t<div class=\"elementor-widget-container\">\n\t\t\t\t\t\t\t\t\t<ul><li>El paquete de suministro incluye tubos de acero inoxidable sin costura, tubos de precisi\u00f3n, accesorios de tuber\u00eda soldada a tope, accesorios forjados, bridas de acero, v\u00e1lvulas industriales, juntas y pernos, etc.<\/li><li>Uno de nuestros puntos fuertes es fabricar y suministrar <a href=\"https:\/\/www.kaysuns.com\/es\/\" target=\"_blank\">tubos de acero inoxidable sin costura<\/a>, incluyen espesor de pared delgada y espesor de pared pesado <a href=\"https:\/\/www.kaysuns.com\/es\/\" target=\"_blank\">tuber\u00eda de acero d\u00faplex sin costura<\/a>, como el tama\u00f1o de 24 &quot;* SCH20, 36&quot; * SCHXXS, etc.<\/li><li>Nuestra otra fortaleza clave son los accesorios de codo y T de gran espesor de pared de gran calibre sin costuras. Nuestra m\u00e1quina formadora de 5000 toneladas nos permite fabricar accesorios de tuber\u00eda sin costura pesados con buena calidad y alto rendimiento.<\/li><li>No solo proporcionamos tuber\u00edas y accesorios en materiales de aleaci\u00f3n y acero inoxidable, sino que tambi\u00e9n suministramos los productos y servicios de fabricaci\u00f3n personalizada, soldadura de superposici\u00f3n para tuber\u00edas, prefabricados de tuber\u00eda con brida y codo con brida, etc.<\/li><li>Varios grados de materiales de acero inoxidable 310S, 347H, 317L, 904L, 254SMO, Duplex 2205, Super Duplex 2507, aleaci\u00f3n de cobre y n\u00edquel C71500, C70600, Monel 400, Inconel 600, 625, Hastelloy C276, aleaci\u00f3n de titanio, etc.<\/li><\/ul>\t\t\t\t\t\t\t\t<\/div>\n\t\t\t\t<\/div>\n\t\t\t\t<div class=\"elementor-element elementor-element-92a5458 elementor-widget-divider--view-line elementor-widget elementor-widget-divider\" data-id=\"92a5458\" data-element_type=\"widget\" data-widget_type=\"divider.default\">\n\t\t\t\t<div class=\"elementor-widget-container\">\n\t\t\t\t\t\t\t<div class=\"elementor-divider\">\n\t\t\t<span class=\"elementor-divider-separator\">\n\t\t\t\t\t\t<\/span>\n\t\t<\/div>\n\t\t\t\t\t\t<\/div>\n\t\t\t\t<\/div>\n\t\t\t\t<div class=\"elementor-element elementor-element-f5be605 elementor-widget elementor-widget-text-editor\" data-id=\"f5be605\" data-element_type=\"widget\" data-widget_type=\"text-editor.default\">\n\t\t\t\t<div class=\"elementor-widget-container\">\n\t\t\t\t\t\t\t\t\t<p>Para obtener m\u00e1s informaci\u00f3n sobre Kaysuns y nuestros productos, no dude en <a href=\"mailto:sales@kaysuns.com\" target=\"_blank\">contacto con nosotros<\/a>.<\/p>\t\t\t\t\t\t\t\t<\/div>\n\t\t\t\t<\/div>\n\t\t\t\t\t<\/div>\n\t\t<\/div>\n\t\t\t\t\t<\/div>\n\t\t<\/section>\n\t\t\t\t<\/div>","protected":false},"excerpt":{"rendered":"<p>Acerca de KAYSUNS Kaysuns es un fabricante y proveedor profesional especializado en tubos y accesorios de acero inoxidable y acero d\u00faplex. Con sede en China, siempre estamos al tanto de las tendencias del mercado local e internacional y, por lo tanto, estamos preparados para ofrecer productos con los materiales m\u00e1s modernos. Hoy en d\u00eda, nuestros productos se caracterizan no s\u00f3lo en...&nbsp;<a href=\"https:\/\/www.kaysuns.com\/es\/sobre-kaysuns\/\" rel=\"bookmark\">Leer m\u00e1s \"<span class=\"screen-reader-text\">Sobre nosotros<\/span><\/a><\/p>","protected":false},"author":1,"featured_media":0,"parent":0,"menu_order":0,"comment_status":"closed","ping_status":"closed","template":"elementor_header_footer","meta":{"neve_meta_sidebar":"","neve_meta_container":"","neve_meta_enable_content_width":"","neve_meta_content_width":0,"neve_meta_title_alignment":"","neve_meta_author_avatar":"","neve_post_elements_order":"","neve_meta_disable_header":"","neve_meta_disable_footer":"","neve_meta_disable_title":"","neve_meta_reading_time":"","_ti_tpc_template_sync":false,"_ti_tpc_template_id":"","footnotes":""},"class_list":["post-2917","page","type-page","status-publish","hentry"],"yoast_head":"<!-- This site is optimized with the Yoast SEO plugin v26.6 - https:\/\/yoast.com\/wordpress\/plugins\/seo\/ -->\n<title>About Kaysuns Ltd. | Stainless Steel Pipe and Fittings | KAYSUNS<\/title>\n<meta name=\"description\" content=\"Kaysuns is a professional manufacturer and supplier for stainless steel and duplex steel pipes, buttweld fittings, flanegs, valves etc. in China.\" \/>\n<meta name=\"robots\" content=\"index, follow, max-snippet:-1, max-image-preview:large, max-video-preview:-1\" \/>\n<link rel=\"canonical\" href=\"https:\/\/www.kaysuns.com\/es\/sobre-kaysuns\/\" \/>\n<meta property=\"og:locale\" content=\"es_ES\" \/>\n<meta property=\"og:type\" content=\"article\" \/>\n<meta property=\"og:title\" content=\"About Kaysuns Ltd. | Stainless Steel Pipe and Fittings | KAYSUNS\" \/>\n<meta property=\"og:description\" content=\"Kaysuns is a professional manufacturer and supplier for stainless steel and duplex steel pipes, buttweld fittings, flanegs, valves etc. in China.\" \/>\n<meta property=\"og:url\" content=\"https:\/\/www.kaysuns.com\/es\/sobre-kaysuns\/\" \/>\n<meta property=\"og:site_name\" content=\"Stainless Steel Pipe and Fittings | KAYSUNS\" \/>\n<meta property=\"article:modified_time\" content=\"2024-09-30T07:36:58+00:00\" \/>\n<meta name=\"twitter:card\" content=\"summary_large_image\" \/>\n<meta name=\"twitter:label1\" content=\"Tiempo de lectura\" \/>\n\t<meta name=\"twitter:data1\" content=\"2 minutos\" \/>\n<script type=\"application\/ld+json\" class=\"yoast-schema-graph\">{\"@context\":\"https:\/\/schema.org\",\"@graph\":[{\"@type\":\"WebPage\",\"@id\":\"https:\/\/www.kaysuns.com\/about-kaysuns\/\",\"url\":\"https:\/\/www.kaysuns.com\/about-kaysuns\/\",\"name\":\"About Kaysuns Ltd. | Stainless Steel Pipe and Fittings | KAYSUNS\",\"isPartOf\":{\"@id\":\"https:\/\/www.kaysuns.com\/#website\"},\"datePublished\":\"2016-05-12T05:22:11+00:00\",\"dateModified\":\"2024-09-30T07:36:58+00:00\",\"description\":\"Kaysuns is a professional manufacturer and supplier for stainless steel and duplex steel pipes, buttweld fittings, flanegs, valves etc. in China.\",\"breadcrumb\":{\"@id\":\"https:\/\/www.kaysuns.com\/about-kaysuns\/#breadcrumb\"},\"inLanguage\":\"es\",\"potentialAction\":[{\"@type\":\"ReadAction\",\"target\":[\"https:\/\/www.kaysuns.com\/about-kaysuns\/\"]}]},{\"@type\":\"BreadcrumbList\",\"@id\":\"https:\/\/www.kaysuns.com\/about-kaysuns\/#breadcrumb\",\"itemListElement\":[{\"@type\":\"ListItem\",\"position\":1,\"name\":\"Home\",\"item\":\"https:\/\/www.kaysuns.com\/\"},{\"@type\":\"ListItem\",\"position\":2,\"name\":\"About Us\"}]},{\"@type\":\"WebSite\",\"@id\":\"https:\/\/www.kaysuns.com\/#website\",\"url\":\"https:\/\/www.kaysuns.com\/\",\"name\":\"Stainless Steel Pipe and Fittings | KAYSUNS\",\"description\":\"Stainless Steel Pipe &amp; Fittings Manufacturer and Supplier in China\",\"publisher\":{\"@id\":\"https:\/\/www.kaysuns.com\/#organization\"},\"alternateName\":\"KAYSUNS\",\"potentialAction\":[{\"@type\":\"SearchAction\",\"target\":{\"@type\":\"EntryPoint\",\"urlTemplate\":\"https:\/\/www.kaysuns.com\/?s={search_term_string}\"},\"query-input\":{\"@type\":\"PropertyValueSpecification\",\"valueRequired\":true,\"valueName\":\"search_term_string\"}}],\"inLanguage\":\"es\"},{\"@type\":\"Organization\",\"@id\":\"https:\/\/www.kaysuns.com\/#organization\",\"name\":\"Kaysuns Industry Ltd.\",\"url\":\"https:\/\/www.kaysuns.com\/\",\"logo\":{\"@type\":\"ImageObject\",\"inLanguage\":\"es\",\"@id\":\"https:\/\/www.kaysuns.com\/#\/schema\/logo\/image\/\",\"url\":\"https:\/\/www.kaysuns.com\/wp-content\/uploads\/2019\/12\/cropped-neve-industrial-logo-1.png\",\"contentUrl\":\"https:\/\/www.kaysuns.com\/wp-content\/uploads\/2019\/12\/cropped-neve-industrial-logo-1.png\",\"width\":52,\"height\":59,\"caption\":\"Kaysuns Industry Ltd.\"},\"image\":{\"@id\":\"https:\/\/www.kaysuns.com\/#\/schema\/logo\/image\/\"}}]}<\/script>\n<!-- \/ Yoast SEO plugin. -->","yoast_head_json":{"title":"Acerca de Kaysuns Ltd. | Tubos y accesorios de acero inoxidable KAYSUNS","description":"Kaysuns es un fabricante y proveedor profesional de tubos de acero inoxidable y acero d\u00faplex, accesorios de soldadura a tope, flanegs, v\u00e1lvulas, etc. en China.","robots":{"index":"index","follow":"follow","max-snippet":"max-snippet:-1","max-image-preview":"max-image-preview:large","max-video-preview":"max-video-preview:-1"},"canonical":"https:\/\/www.kaysuns.com\/es\/sobre-kaysuns\/","og_locale":"es_ES","og_type":"article","og_title":"About Kaysuns Ltd. | Stainless Steel Pipe and Fittings | KAYSUNS","og_description":"Kaysuns is a professional manufacturer and supplier for stainless steel and duplex steel pipes, buttweld fittings, flanegs, valves etc. in China.","og_url":"https:\/\/www.kaysuns.com\/es\/sobre-kaysuns\/","og_site_name":"Stainless Steel Pipe and Fittings | KAYSUNS","article_modified_time":"2024-09-30T07:36:58+00:00","twitter_card":"summary_large_image","twitter_misc":{"Tiempo de lectura":"2 minutos"},"schema":{"@context":"https:\/\/schema.org","@graph":[{"@type":"WebPage","@id":"https:\/\/www.kaysuns.com\/about-kaysuns\/","url":"https:\/\/www.kaysuns.com\/about-kaysuns\/","name":"Acerca de Kaysuns Ltd. | Tubos y accesorios de acero inoxidable KAYSUNS","isPartOf":{"@id":"https:\/\/www.kaysuns.com\/#website"},"datePublished":"2016-05-12T05:22:11+00:00","dateModified":"2024-09-30T07:36:58+00:00","description":"Kaysuns es un fabricante y proveedor profesional de tubos de acero inoxidable y acero d\u00faplex, accesorios de soldadura a tope, flanegs, v\u00e1lvulas, etc. en China.","breadcrumb":{"@id":"https:\/\/www.kaysuns.com\/about-kaysuns\/#breadcrumb"},"inLanguage":"es","potentialAction":[{"@type":"ReadAction","target":["https:\/\/www.kaysuns.com\/about-kaysuns\/"]}]},{"@type":"BreadcrumbList","@id":"https:\/\/www.kaysuns.com\/about-kaysuns\/#breadcrumb","itemListElement":[{"@type":"ListItem","position":1,"name":"Home","item":"https:\/\/www.kaysuns.com\/"},{"@type":"ListItem","position":2,"name":"About Us"}]},{"@type":"WebSite","@id":"https:\/\/www.kaysuns.com\/#website","url":"https:\/\/www.kaysuns.com\/","name":"Tubos y accesorios de acero inoxidable | KAYSUNS","description":"Fabricante y proveedor de tubos y accesorios de acero inoxidable en China","publisher":{"@id":"https:\/\/www.kaysuns.com\/#organization"},"alternateName":"KAYSUNS","potentialAction":[{"@type":"SearchAction","target":{"@type":"EntryPoint","urlTemplate":"https:\/\/www.kaysuns.com\/?s={search_term_string}"},"query-input":{"@type":"PropertyValueSpecification","valueRequired":true,"valueName":"search_term_string"}}],"inLanguage":"es"},{"@type":"Organization","@id":"https:\/\/www.kaysuns.com\/#organization","name":"Kaysuns Industry Ltd.","url":"https:\/\/www.kaysuns.com\/","logo":{"@type":"ImageObject","inLanguage":"es","@id":"https:\/\/www.kaysuns.com\/#\/schema\/logo\/image\/","url":"https:\/\/www.kaysuns.com\/wp-content\/uploads\/2019\/12\/cropped-neve-industrial-logo-1.png","contentUrl":"https:\/\/www.kaysuns.com\/wp-content\/uploads\/2019\/12\/cropped-neve-industrial-logo-1.png","width":52,"height":59,"caption":"Kaysuns Industry Ltd."},"image":{"@id":"https:\/\/www.kaysuns.com\/#\/schema\/logo\/image\/"}}]}},"_links":{"self":[{"href":"https:\/\/www.kaysuns.com\/es\/wp-json\/wp\/v2\/pages\/2917","targetHints":{"allow":["GET"]}}],"collection":[{"href":"https:\/\/www.kaysuns.com\/es\/wp-json\/wp\/v2\/pages"}],"about":[{"href":"https:\/\/www.kaysuns.com\/es\/wp-json\/wp\/v2\/types\/page"}],"author":[{"embeddable":true,"href":"https:\/\/www.kaysuns.com\/es\/wp-json\/wp\/v2\/users\/1"}],"replies":[{"embeddable":true,"href":"https:\/\/www.kaysuns.com\/es\/wp-json\/wp\/v2\/comments?post=2917"}],"version-history":[{"count":8,"href":"https:\/\/www.kaysuns.com\/es\/wp-json\/wp\/v2\/pages\/2917\/revisions"}],"predecessor-version":[{"id":53364,"href":"https:\/\/www.kaysuns.com\/es\/wp-json\/wp\/v2\/pages\/2917\/revisions\/53364"}],"wp:attachment":[{"href":"https:\/\/www.kaysuns.com\/es\/wp-json\/wp\/v2\/media?parent=2917"}],"curies":[{"name":"wp","href":"https:\/\/api.w.org\/{rel}","templated":true}]}}