{"id":2700,"date":"2016-01-07T08:42:56","date_gmt":"2016-01-07T08:42:56","guid":{"rendered":"http:\/\/www.kaysuns.com\/?page_id=2700"},"modified":"2025-07-17T06:13:08","modified_gmt":"2025-07-17T06:13:08","slug":"accesorios-sanitarios","status":"publish","type":"page","link":"https:\/\/www.kaysuns.com\/es\/accesorios-sanitarios\/","title":{"rendered":"Accesorios sanitarios"},"content":{"rendered":"<div data-elementor-type=\"wp-page\" data-elementor-id=\"2700\" class=\"elementor elementor-2700\" data-elementor-post-type=\"page\">\n\t\t\t\t\t\t<section class=\"elementor-section elementor-top-section elementor-element elementor-element-3c1110f3 elementor-section-boxed elementor-section-height-default elementor-section-height-default\" data-id=\"3c1110f3\" data-element_type=\"section\">\n\t\t\t\t\t\t<div class=\"elementor-container elementor-column-gap-default\">\n\t\t\t\t\t<div class=\"elementor-column elementor-col-100 elementor-top-column elementor-element elementor-element-206dd813\" data-id=\"206dd813\" data-element_type=\"column\">\n\t\t\t<div class=\"elementor-widget-wrap elementor-element-populated\">\n\t\t\t\t\t\t<div class=\"elementor-element elementor-element-2a4a106 elementor-widget elementor-widget-text-editor\" data-id=\"2a4a106\" data-element_type=\"widget\" data-widget_type=\"text-editor.default\">\n\t\t\t\t<div class=\"elementor-widget-container\">\n\t\t\t\t\t\t\t\t\t<h1 class=\"h2c\"><strong>Accesorios sanitarios<\/strong><\/h1><p>Ning\u00fan art\u00edculo puede explicar todo el mundo de las tuber\u00edas y los accesorios de proceso. Es una enorme matriz de programas de tuber\u00edas, dimensiones de DI, dimensiones de DI y materiales de construcci\u00f3n, sin mencionar las diversas opciones de bridas y extremos roscados. Esta publicaci\u00f3n intentar\u00e1 familiarizarse con el mundo de las tuber\u00edas de procesos sanitarios. Las tuber\u00edas y accesorios de procesos sanitarios (tambi\u00e9n conocidas como tuber\u00edas higi\u00e9nicas o tuber\u00edas de alta pureza) se utilizan casi exclusivamente en las industrias de alimentos, bebidas, biofarmac\u00e9utica y cuidado personal.<\/p><p>Los racores y tubos sanitarios (catalogados tambi\u00e9n como racores y tubos higi\u00e9nicos) se desarrollaron y se utilizan porque se pueden limpiar; ya sea desmontando un sistema y limpi\u00e1ndolo manualmente o utilizando un <a href=\"https:\/\/www.kaysuns.com\/es\/que-es-clean-in-place-cip\/\" target=\"_blank\" rel=\"noopener\">CIP (limpieza in situ)<\/a> proceso. Limitan las zonas de atrapamiento donde podr\u00edan formarse o alojarse bacterias. Tambi\u00e9n son resistentes a la corrosi\u00f3n.<\/p><hr \/><h2 class=\"h3c\">A continuaci\u00f3n se enumeran las caracter\u00edsticas comunes de las tuber\u00edas sanitarias.<\/h2><ul><li>Toda la tuber\u00eda sanitaria se mide en el di\u00e1metro exterior del tubo. Si tiene un accesorio sanitario en la mano, mida el di\u00e1metro exterior de la secci\u00f3n del tubo del accesorio. Ese es el tama\u00f1o correcto, no lo que mide la cara de los accesorios de los extremos.<\/li><li>Puede comprar conexiones y tubos en tama\u00f1os que van desde \u00bd hasta 12 \u201d. \u00bd \u201d-4\u201d son los tama\u00f1os disponibles m\u00e1s com\u00fanmente.<\/li><li>El grosor de la pared de los tama\u00f1os de \u00bd \u201d-3\u201d es de 0.065 \u201d(16Ga)<\/li><li>El grosor de la pared de 4 &quot;es de 0,083&quot; (14Ga)<\/li><li>El grosor de la pared de 6 &quot;es de 0,109&quot; (12Ga)<\/li><li>El grosor de la pared de los tama\u00f1os de 10 &quot;y 12&quot; es de 0,120 &quot;<\/li><li>La mayor\u00eda de los accesorios sanitarios son de acero inoxidable 304 o 316L. Las aleaciones m\u00e1s nobles como AL6XN, titanio y Hastelloy est\u00e1n disponibles en cantidades y tama\u00f1os limitados.<\/li><li>La calidad del acabado superficial se clasifica por su Ra. Ra se determina tomando la distancia promedio entre los picos y valles en la superficie del metal. Normalmente se mide en micro pulgadas. La medida m\u00ednima de Ra necesaria para convertir un accesorio en &quot;sanitario&quot; es 32. Muchas industrias, como la biofarmac\u00e9utica, requieren que los tubos est\u00e9n en el rango de 15-20Ra.<\/li><li>Los accesorios sanitarios no tienen cavidades, roscas ni radios estrechos. Se ha estandarizado el radio de los codos sanitarios. El radio de un codo sanitario es 1 \u00bd vez el di\u00e1metro exterior del tubo. Por lo tanto, un codo de 1 &quot;tiene un radio de 1 \u00bd&quot;, un codo de 2 &quot;tiene un radio de 3&quot;, etc.<\/li><li>Las ofertas de conexi\u00f3n de extremos de accesorios sanitarios m\u00e1s frecuentes son las abrazaderas sanitarias y soldadas a tope. Una uni\u00f3n de abrazadera sanitaria consta de dos accesorios de g\u00e9nero neutro con una junta sanitaria en el medio, todos los cabezales unidos por una abrazadera. Existe una gran cantidad de otros sistemas de conexi\u00f3n sanitaria menos conocidos que incluyen asiento biselado, John Perry, I Line y Q Line. Puede ver im\u00e1genes o dibujos de los distintos tipos de accesorios sanitarios en nuestro sitio web.<\/li><\/ul>\t\t\t\t\t\t\t\t<\/div>\n\t\t\t\t<\/div>\n\t\t\t\t\t<\/div>\n\t\t<\/div>\n\t\t\t\t\t<\/div>\n\t\t<\/section>\n\t\t\t\t<\/div>","protected":false},"excerpt":{"rendered":"<p>Accesorios sanitarios Ning\u00fan art\u00edculo podr\u00eda explicar por s\u00ed solo todo el mundo de las tuber\u00edas y accesorios de proceso.  Se trata de un enorme abanico de tuber\u00edas, dimensiones de di\u00e1metro interior y exterior y materiales de construcci\u00f3n, por no mencionar las distintas opciones de bridas y extremos roscados.  En este art\u00edculo trataremos de entender el mundo de los...&nbsp;<a href=\"https:\/\/www.kaysuns.com\/es\/accesorios-sanitarios\/\" rel=\"bookmark\">Leer m\u00e1s \"<span class=\"screen-reader-text\">Accesorios sanitarios<\/span><\/a><\/p>","protected":false},"author":1,"featured_media":0,"parent":0,"menu_order":0,"comment_status":"closed","ping_status":"closed","template":"","meta":{"neve_meta_sidebar":"","neve_meta_container":"","neve_meta_enable_content_width":"","neve_meta_content_width":0,"neve_meta_title_alignment":"","neve_meta_author_avatar":"","neve_post_elements_order":"","neve_meta_disable_header":"","neve_meta_disable_footer":"","neve_meta_disable_title":"","neve_meta_reading_time":"","_ti_tpc_template_sync":false,"_ti_tpc_template_id":"","footnotes":""},"class_list":["post-2700","page","type-page","status-publish","hentry"],"yoast_head":"<!-- This site is optimized with the Yoast SEO plugin v26.6 - https:\/\/yoast.com\/wordpress\/plugins\/seo\/ -->\n<title>Stainless Steel Sanitary Fittings | Hygiene Fittings<\/title>\n<meta name=\"description\" content=\"Stainless steel sanitary fittings is a high purity hygiene fittings which used for food, wine, beverage, brewing, pharmacy, cosmetics industries etc, we are able to provide full range of sanitary fittings.\" \/>\n<meta name=\"robots\" content=\"index, follow, max-snippet:-1, max-image-preview:large, max-video-preview:-1\" \/>\n<link rel=\"canonical\" href=\"https:\/\/www.kaysuns.com\/es\/accesorios-sanitarios\/\" \/>\n<meta property=\"og:locale\" content=\"es_ES\" \/>\n<meta property=\"og:type\" content=\"article\" \/>\n<meta property=\"og:title\" content=\"Stainless Steel Sanitary Fittings | Hygiene Fittings\" \/>\n<meta property=\"og:description\" content=\"Stainless steel sanitary fittings is a high purity hygiene fittings which used for food, wine, beverage, brewing, pharmacy, cosmetics industries etc, we are able to provide full range of sanitary fittings.\" \/>\n<meta property=\"og:url\" content=\"https:\/\/www.kaysuns.com\/es\/accesorios-sanitarios\/\" \/>\n<meta property=\"og:site_name\" content=\"Stainless Steel Pipe and Fittings | KAYSUNS\" \/>\n<meta property=\"article:modified_time\" content=\"2025-07-17T06:13:08+00:00\" \/>\n<meta name=\"twitter:card\" content=\"summary_large_image\" \/>\n<meta name=\"twitter:label1\" content=\"Tiempo de lectura\" \/>\n\t<meta name=\"twitter:data1\" content=\"2 minutos\" \/>\n<script type=\"application\/ld+json\" class=\"yoast-schema-graph\">{\"@context\":\"https:\/\/schema.org\",\"@graph\":[{\"@type\":\"WebPage\",\"@id\":\"https:\/\/www.kaysuns.com\/sanitary-fittings\/\",\"url\":\"https:\/\/www.kaysuns.com\/sanitary-fittings\/\",\"name\":\"Stainless Steel Sanitary Fittings | Hygiene Fittings\",\"isPartOf\":{\"@id\":\"https:\/\/www.kaysuns.com\/#website\"},\"datePublished\":\"2016-01-07T08:42:56+00:00\",\"dateModified\":\"2025-07-17T06:13:08+00:00\",\"description\":\"Stainless steel sanitary fittings is a high purity hygiene fittings which used for food, wine, beverage, brewing, pharmacy, cosmetics industries etc, we are able to provide full range of sanitary fittings.\",\"breadcrumb\":{\"@id\":\"https:\/\/www.kaysuns.com\/sanitary-fittings\/#breadcrumb\"},\"inLanguage\":\"es\",\"potentialAction\":[{\"@type\":\"ReadAction\",\"target\":[\"https:\/\/www.kaysuns.com\/sanitary-fittings\/\"]}]},{\"@type\":\"BreadcrumbList\",\"@id\":\"https:\/\/www.kaysuns.com\/sanitary-fittings\/#breadcrumb\",\"itemListElement\":[{\"@type\":\"ListItem\",\"position\":1,\"name\":\"Home\",\"item\":\"https:\/\/www.kaysuns.com\/\"},{\"@type\":\"ListItem\",\"position\":2,\"name\":\"Sanitary Fittings\"}]},{\"@type\":\"WebSite\",\"@id\":\"https:\/\/www.kaysuns.com\/#website\",\"url\":\"https:\/\/www.kaysuns.com\/\",\"name\":\"Stainless Steel Pipe and Fittings | KAYSUNS\",\"description\":\"Stainless Steel Pipe &amp; Fittings Manufacturer and Supplier in China\",\"publisher\":{\"@id\":\"https:\/\/www.kaysuns.com\/#organization\"},\"alternateName\":\"KAYSUNS\",\"potentialAction\":[{\"@type\":\"SearchAction\",\"target\":{\"@type\":\"EntryPoint\",\"urlTemplate\":\"https:\/\/www.kaysuns.com\/?s={search_term_string}\"},\"query-input\":{\"@type\":\"PropertyValueSpecification\",\"valueRequired\":true,\"valueName\":\"search_term_string\"}}],\"inLanguage\":\"es\"},{\"@type\":\"Organization\",\"@id\":\"https:\/\/www.kaysuns.com\/#organization\",\"name\":\"Kaysuns Industry Ltd.\",\"url\":\"https:\/\/www.kaysuns.com\/\",\"logo\":{\"@type\":\"ImageObject\",\"inLanguage\":\"es\",\"@id\":\"https:\/\/www.kaysuns.com\/#\/schema\/logo\/image\/\",\"url\":\"https:\/\/www.kaysuns.com\/wp-content\/uploads\/2019\/12\/cropped-neve-industrial-logo-1.png\",\"contentUrl\":\"https:\/\/www.kaysuns.com\/wp-content\/uploads\/2019\/12\/cropped-neve-industrial-logo-1.png\",\"width\":52,\"height\":59,\"caption\":\"Kaysuns Industry Ltd.\"},\"image\":{\"@id\":\"https:\/\/www.kaysuns.com\/#\/schema\/logo\/image\/\"}}]}<\/script>\n<!-- \/ Yoast SEO plugin. -->","yoast_head_json":{"title":"Accesorios sanitarios de acero inoxidable | Accesorios de higiene","description":"Los accesorios sanitarios de acero inoxidable son accesorios de higiene de alta pureza que se utilizan para alimentos, vino, bebidas, elaboraci\u00f3n de cerveza, farmacia, industrias cosm\u00e9ticas, etc., podemos proporcionar una gama completa de accesorios sanitarios.","robots":{"index":"index","follow":"follow","max-snippet":"max-snippet:-1","max-image-preview":"max-image-preview:large","max-video-preview":"max-video-preview:-1"},"canonical":"https:\/\/www.kaysuns.com\/es\/accesorios-sanitarios\/","og_locale":"es_ES","og_type":"article","og_title":"Stainless Steel Sanitary Fittings | Hygiene Fittings","og_description":"Stainless steel sanitary fittings is a high purity hygiene fittings which used for food, wine, beverage, brewing, pharmacy, cosmetics industries etc, we are able to provide full range of sanitary fittings.","og_url":"https:\/\/www.kaysuns.com\/es\/accesorios-sanitarios\/","og_site_name":"Stainless Steel Pipe and Fittings | KAYSUNS","article_modified_time":"2025-07-17T06:13:08+00:00","twitter_card":"summary_large_image","twitter_misc":{"Tiempo de lectura":"2 minutos"},"schema":{"@context":"https:\/\/schema.org","@graph":[{"@type":"WebPage","@id":"https:\/\/www.kaysuns.com\/sanitary-fittings\/","url":"https:\/\/www.kaysuns.com\/sanitary-fittings\/","name":"Accesorios sanitarios de acero inoxidable | Accesorios de higiene","isPartOf":{"@id":"https:\/\/www.kaysuns.com\/#website"},"datePublished":"2016-01-07T08:42:56+00:00","dateModified":"2025-07-17T06:13:08+00:00","description":"Los accesorios sanitarios de acero inoxidable son accesorios de higiene de alta pureza que se utilizan para alimentos, vino, bebidas, elaboraci\u00f3n de cerveza, farmacia, industrias cosm\u00e9ticas, etc., podemos proporcionar una gama completa de accesorios sanitarios.","breadcrumb":{"@id":"https:\/\/www.kaysuns.com\/sanitary-fittings\/#breadcrumb"},"inLanguage":"es","potentialAction":[{"@type":"ReadAction","target":["https:\/\/www.kaysuns.com\/sanitary-fittings\/"]}]},{"@type":"BreadcrumbList","@id":"https:\/\/www.kaysuns.com\/sanitary-fittings\/#breadcrumb","itemListElement":[{"@type":"ListItem","position":1,"name":"Home","item":"https:\/\/www.kaysuns.com\/"},{"@type":"ListItem","position":2,"name":"Sanitary Fittings"}]},{"@type":"WebSite","@id":"https:\/\/www.kaysuns.com\/#website","url":"https:\/\/www.kaysuns.com\/","name":"Tubos y accesorios de acero inoxidable | KAYSUNS","description":"Fabricante y proveedor de tubos y accesorios de acero inoxidable en China","publisher":{"@id":"https:\/\/www.kaysuns.com\/#organization"},"alternateName":"KAYSUNS","potentialAction":[{"@type":"SearchAction","target":{"@type":"EntryPoint","urlTemplate":"https:\/\/www.kaysuns.com\/?s={search_term_string}"},"query-input":{"@type":"PropertyValueSpecification","valueRequired":true,"valueName":"search_term_string"}}],"inLanguage":"es"},{"@type":"Organization","@id":"https:\/\/www.kaysuns.com\/#organization","name":"Kaysuns Industry Ltd.","url":"https:\/\/www.kaysuns.com\/","logo":{"@type":"ImageObject","inLanguage":"es","@id":"https:\/\/www.kaysuns.com\/#\/schema\/logo\/image\/","url":"https:\/\/www.kaysuns.com\/wp-content\/uploads\/2019\/12\/cropped-neve-industrial-logo-1.png","contentUrl":"https:\/\/www.kaysuns.com\/wp-content\/uploads\/2019\/12\/cropped-neve-industrial-logo-1.png","width":52,"height":59,"caption":"Kaysuns Industry Ltd."},"image":{"@id":"https:\/\/www.kaysuns.com\/#\/schema\/logo\/image\/"}}]}},"_links":{"self":[{"href":"https:\/\/www.kaysuns.com\/es\/wp-json\/wp\/v2\/pages\/2700","targetHints":{"allow":["GET"]}}],"collection":[{"href":"https:\/\/www.kaysuns.com\/es\/wp-json\/wp\/v2\/pages"}],"about":[{"href":"https:\/\/www.kaysuns.com\/es\/wp-json\/wp\/v2\/types\/page"}],"author":[{"embeddable":true,"href":"https:\/\/www.kaysuns.com\/es\/wp-json\/wp\/v2\/users\/1"}],"replies":[{"embeddable":true,"href":"https:\/\/www.kaysuns.com\/es\/wp-json\/wp\/v2\/comments?post=2700"}],"version-history":[{"count":4,"href":"https:\/\/www.kaysuns.com\/es\/wp-json\/wp\/v2\/pages\/2700\/revisions"}],"predecessor-version":[{"id":51374,"href":"https:\/\/www.kaysuns.com\/es\/wp-json\/wp\/v2\/pages\/2700\/revisions\/51374"}],"wp:attachment":[{"href":"https:\/\/www.kaysuns.com\/es\/wp-json\/wp\/v2\/media?parent=2700"}],"curies":[{"name":"wp","href":"https:\/\/api.w.org\/{rel}","templated":true}]}}