{"id":12,"date":"2011-07-14T19:46:42","date_gmt":"2011-07-14T19:46:42","guid":{"rendered":"http:\/\/192.168.9.29\/Development\/TB\/?page_id=12"},"modified":"2024-04-01T09:27:37","modified_gmt":"2024-04-01T09:27:37","slug":"preguntas-frecuentes","status":"publish","type":"page","link":"https:\/\/www.kaysuns.com\/es\/servicios\/preguntas-frecuentes\/","title":{"rendered":"Preguntas frecuentes"},"content":{"rendered":"<div data-elementor-type=\"wp-page\" data-elementor-id=\"12\" class=\"elementor elementor-12\" data-elementor-post-type=\"page\">\n\t\t\t\t\t\t<section class=\"elementor-section elementor-top-section elementor-element elementor-element-1e9e8af5 elementor-section-boxed elementor-section-height-default elementor-section-height-default\" data-id=\"1e9e8af5\" data-element_type=\"section\">\n\t\t\t\t\t\t<div class=\"elementor-container elementor-column-gap-default\">\n\t\t\t\t\t<div class=\"elementor-column elementor-col-100 elementor-top-column elementor-element elementor-element-50761438\" data-id=\"50761438\" data-element_type=\"column\">\n\t\t\t<div class=\"elementor-widget-wrap elementor-element-populated\">\n\t\t\t\t\t\t<div class=\"elementor-element elementor-element-56132474 elementor-widget elementor-widget-text-editor\" data-id=\"56132474\" data-element_type=\"widget\" data-widget_type=\"text-editor.default\">\n\t\t\t\t<div class=\"elementor-widget-container\">\n\t\t\t\t\t\t\t\t\t<hr \/>\r\n\r\n<h1>Preguntas frecuentes sobre KAYSUNS<\/h1>\r\n&nbsp;\r\n<ol>\r\n \t<li>\r\n<h2><strong>\u00bfQu\u00e9 es el producto Kaysuns?<\/strong><\/h2>\r\n<\/li>\r\n<\/ol>\r\nKaysuns maily suministra tubos y accesorios de tuber\u00eda en acero inoxidable, acero s\u00faper d\u00faplex \/ d\u00faplex, aleaci\u00f3n a base de n\u00edquel con est\u00e1ndares ASME \/ ASTM, DIN, JIS, ISO, etc.<a href=\"https:\/\/www.kaysuns.com\/es\/\" target=\"_blank\"> tubos de acero inoxidable sin costura<\/a> de 1\/8 \u201da 48\u201d \/ SCH10S ~ XXS.\r\n\r\n&nbsp;\r\n\r\n&nbsp;\r\n<ol start=\"2\">\r\n \t<li>\r\n<h2><strong>\u00bfEres fabricante o proveedor?<\/strong><\/h2>\r\n<\/li>\r\n<\/ol>\r\nSomos propietarios parciales de una f\u00e1brica de accesorios de tuber\u00eda, nuestros productos principales son accesorios de tuber\u00eda soldados a tope, como codos de 90, tes, reductores, extremos de manguito, etc.\r\n\r\nPara los tubos de acero inoxidable, son de nuestra empresa hermana que se especializ\u00f3 en la fabricaci\u00f3n de tubos de acero inoxidable sin soldadura.\r\n\r\nLas bridas y v\u00e1lvulas son de terceros fabricantes, pero tambi\u00e9n ofrecemos un precio competitivo para obtener una soluci\u00f3n de sistema para su proyecto.\r\n\r\n&nbsp;\r\n\r\n&nbsp;\r\n<ol start=\"3\">\r\n \t<li>\r\n<h2><strong>\u00bfEres confiable?<\/strong><\/h2>\r\n<\/li>\r\n<\/ol>\r\nKaysuns se ha establecido desde hace 10 a\u00f1os, hemos servido para m\u00e1s de 100 empresas y proyectos de diferentes 20 pa\u00edses. Kaysuns es una empresa legal registrada en Hong Kong y China (<em>Wellgreen<\/em>), aceptamos la auditor\u00eda de empresas de nuestros clientes y de terceros.\r\n\r\nPara ser un socio confiable y de buena reputaci\u00f3n es nuestra \u00fanica creencia de negocios, siempre mantenemos ganar grandes elogios de nuestros clientes. Conf\u00ede en que podemos ser un buen socio para usted.\r\n\r\n&nbsp;\r\n\r\n&nbsp;\r\n<ol start=\"4\">\r\n \t<li>\r\n<h2><strong>\u00bfC\u00f3mo pedir su producto?<\/strong><\/h2>\r\n<\/li>\r\n<\/ol>\r\n<h3>-I. Para tuber\u00edas y tubos, debe indicar<\/h3>\r\nTipo de tuber\u00eda (sin costura o soldada) + material est\u00e1ndar y grado + di\u00e1metro exterior + espesor de pared + longitud de tuber\u00eda + cantidad\r\n\r\n<em>Por ejemplo: <\/em>\r\n\r\n<em>Tubo smls ASTM A312 TP316 \/ 316L 10 \u201d* SCH40S * 6m largo fijo, 100pcs<\/em>\r\n\r\n<em>\u00a0<\/em>\r\n<h3>-ii. Para accesorios soldados a tope:<\/h3>\r\nSi desea comprar un codo de radio largo de 90 grados, 12 \u201d* SCH10S con prueba de rayos X 100%, material SS316L a ASME B16.9, 200 cada uno, la muestra es:\r\n\r\n<em>Codo 90DEG L \/ R 12 \u201d* SCH10S, ASTM A403 WP316L-WX, ASME B16.9, 200 piezas<\/em>\r\n\r\n<em>\u00a0<\/em>\r\n<h3>-iii. Para racores forjados para soldar encastre y racores roscados:<\/h3>\r\nSi necesita comprar una T de soldadura con calcet\u00edn de 4 &quot;class3000 SCH80S, material ASTM F304L a ASME \/ ANSI B16.11 totalmente 200 piezas y 100 piezas de uni\u00f3n roscada de 2&quot; 3000# NPT, la muestra es:\r\n\r\n<em>Camiseta SW 3000# SCH80S, ASTM F304L ASME B16.11, 200 piezas<\/em>\r\n\r\n<em>Uni\u00f3n 1 \u201d3000# NPT ASTM F304L ASME B16.11, 100 piezas<\/em>\r\n\r\n&nbsp;\r\n<h3>-iv. Para bridas es necesario indicar:<\/h3>\r\nSi desea comprar 200 piezas de brida con cuello de soldadura, cara elevada, material STD clase 300 de 18 \u201dASTM A182 F347H a ASME B16.5, la muestra es:\r\n\r\n<em>Brida WNRF 18 \u201d* STD clase 300, ASTM A182 F347H ASME B16.5<\/em>\r\n\r\n&nbsp;\r\n<h3>-v. Para v\u00e1lvulas industriales es necesario indicar:<\/h3>\r\nPor ejemplo, desea comprar una v\u00e1lvula de bola montada en mu\u00f1\u00f3n, puerto completo, 12 \u201dclase 600, brida RF conectada, el material del cuerpo es 316, la bola y la moldura es F316, dise\u00f1o contra incendios seg\u00fan API607, dise\u00f1o y prueba seg\u00fan API6D:\r\n\r\n<em>V\u00e1lvula de bola montada en mu\u00f1\u00f3n, 12 \u201d600# RF bridada, puerto completo, cuerpo SS316 (o A351 CF8M), bola A182 F316, prueba de fuego seg\u00fan API607<\/em>\r\n\r\n&nbsp;\r\n\r\n&nbsp;\r\n<ol start=\"5\">\r\n \t<li>\r\n<h2><strong>\u00bfC\u00f3mo garantizar la calidad?<\/strong><\/h2>\r\n<\/li>\r\n<\/ol>\r\n<ul>\r\n \t<li>Todos los materiales son del fabricante aprobado por ISO, suministramos productos que cumplen estrictamente con el est\u00e1ndar y los requisitos.<\/li>\r\n \t<li>Hacemos la prueba 100% antes del env\u00edo, y la inspecci\u00f3n de terceros est\u00e1 disponible para todos nuestros productos.<\/li>\r\n \t<li>La inspecci\u00f3n del proceso est\u00e1 disponible, pero puede tener un costo adicional para usted.<\/li>\r\n \t<li>La auditor\u00eda del fabricante es aceptable seg\u00fan lo requiera el usuario final \/ empresa de terceros.<\/li>\r\n \t<li>El certificado de f\u00e1brica seg\u00fan EN10204 se proporcionar\u00e1 con el env\u00edo, otro certificado de prueba, como el informe de tratamiento t\u00e9rmico, el informe NDT, el informe de rendimiento mec\u00e1nico, el informe IGC, el informe de prueba pressre se basan en los requisitos.<\/li>\r\n \t<li>El certificado EN10204 3.2 se cobrar\u00e1 seg\u00fan sea necesario.<\/li>\r\n<\/ul>\r\n&nbsp;\r\n\r\n&nbsp;\r\n<ol start=\"6\">\r\n \t<li>\r\n<h2><strong>\u00bfHaces solo acero inoxidable?<\/strong><\/h2>\r\n<\/li>\r\n<\/ol>\r\nPrincipalmente fabricamos acero inoxidable, acero d\u00faplex, acero s\u00faper d\u00faplex, aleaciones a base de n\u00edquel, aleaciones de cobre y n\u00edquel, titanio, etc. Tambi\u00e9n hacemos algunos aceros aleados como P11, P9, P22, aleaciones de baja temperatura A333 Gr.6, etc. y otros materiales basados en el requisito.\r\n\r\n&nbsp;\r\n\r\n&nbsp;\r\n<ol start=\"7\">\r\n \t<li>\r\n<h2><strong>\u00bfPuede ayudarnos a recolectar materiales de otro proveedor?<\/strong><\/h2>\r\n<\/li>\r\n<\/ol>\r\nS\u00ed, podemos ayudar a los clientes a recolectar materiales de diferentes proveedores. Sabemos que hay muchos productos diferentes en una lista, que pueden producirse en diferentes provincias de China. Es posible que le cobremos algo de dinero en el pedido y la condici\u00f3n reales.\r\n\r\n&nbsp;\r\n\r\n&nbsp;\r\n<ol start=\"8\">\r\n \t<li>\r\n<h2><strong>\u00bfCu\u00e1l es tu pago?<\/strong><\/h2>\r\n<\/li>\r\n<\/ol>\r\nGeneralmente aceptamos pagos por T \/ T, creemos que es una buena forma para ambos y podemos ahorrar algunos gastos bancarios. Tambi\u00e9n podemos hacer una L \/ C irrevocable si la cantidad es considerable, pero se requiere un pago inicial, especialmente para grados y dimensiones especiales.\r\n\r\n&nbsp;\r\n\r\n&nbsp;\r\n<ol start=\"9\">\r\n \t<li>\r\n<h2><strong>\u00bfCu\u00e1l es tu plazo de entrega?<\/strong><\/h2>\r\n<\/li>\r\n<\/ol>\r\nNuestro tiempo de entrega normal es de 5 semanas. Para obtener m\u00e1s detalles, debemos considerar la cantidad del pedido y el estado del stock de la materia prima.\r\n\r\n&nbsp;\r\n\r\n&nbsp;\r\n<ol start=\"10\">\r\n \t<li>\r\n<h2><strong>\u00bfCu\u00e1l es el plazo de entrega?<\/strong><\/h2>\r\n<\/li>\r\n<\/ol>\r\nLos plazos de entrega comunes est\u00e1n disponibles para nosotros, como FOB, CFR, CIF, EX-works. Preferimos hacer CFR, CIF y EXW.\r\n\r\n&nbsp;\r\n\r\n&nbsp;\r\n<ol start=\"11\">\r\n \t<li>\r\n<h2><strong>\u00bfPuedes hacer DDP?<\/strong><\/h2>\r\n<\/li>\r\n<\/ol>\r\nS\u00ed, podemos hacer DDP. Para peque\u00f1as cantidades, nuestra propuesta se env\u00eda por mensajer\u00eda \/ expreso. Para env\u00edos grandes, necesitamos tiempo para verificar las tarifas personalizadas de destino y el costo de env\u00edo local.\t\t\t\t\t\t\t\t<\/div>\n\t\t\t\t<\/div>\n\t\t\t\t\t<\/div>\n\t\t<\/div>\n\t\t\t\t\t<\/div>\n\t\t<\/section>\n\t\t\t\t<\/div>","protected":false},"excerpt":{"rendered":"<p>FAQs para KAYSUNS \u00bfQu\u00e9 es el producto Kaysuns? Kaysuns suministra principalmente tubos y accesorios de tuber\u00eda de acero inoxidable, acero s\u00faper d\u00faplex\/d\u00faplex, aleaci\u00f3n a base de n\u00edquel con la norma ASME\/ASTM, DIN, JIS, ISO, etc. Cubre una amplia gama de di\u00e1metros exteriores y espesores\/presiones, podemos suministrar tubos de acero inoxidable sin costura desde 1\/8\" hasta 48\" \/SCH10S ~ XXS....&nbsp;<a href=\"https:\/\/www.kaysuns.com\/es\/servicios\/preguntas-frecuentes\/\" rel=\"bookmark\">Leer m\u00e1s \"<span class=\"screen-reader-text\">Preguntas frecuentes<\/span><\/a><\/p>","protected":false},"author":1,"featured_media":0,"parent":7,"menu_order":3,"comment_status":"closed","ping_status":"closed","template":"elementor_header_footer","meta":{"neve_meta_sidebar":"","neve_meta_container":"","neve_meta_enable_content_width":"","neve_meta_content_width":0,"neve_meta_title_alignment":"","neve_meta_author_avatar":"","neve_post_elements_order":"","neve_meta_disable_header":"","neve_meta_disable_footer":"","neve_meta_disable_title":"","neve_meta_reading_time":"","_ti_tpc_template_sync":false,"_ti_tpc_template_id":"","footnotes":""},"class_list":["post-12","page","type-page","status-publish","hentry"],"yoast_head":"<!-- This site is optimized with the Yoast SEO plugin v26.6 - https:\/\/yoast.com\/wordpress\/plugins\/seo\/ -->\n<title>FAQs - Stainless Steel Pipe and Fittings | KAYSUNS<\/title>\n<meta name=\"description\" content=\"1. How to order your product? 2. What\u2019s your payment? 3. What is your delivery time? 4. What\u2019s the delivery term? 5. What&#039;s your product?\" \/>\n<meta name=\"robots\" content=\"index, follow, max-snippet:-1, max-image-preview:large, max-video-preview:-1\" \/>\n<link rel=\"canonical\" href=\"https:\/\/www.kaysuns.com\/es\/servicios\/preguntas-frecuentes\/\" \/>\n<meta property=\"og:locale\" content=\"es_ES\" \/>\n<meta property=\"og:type\" content=\"article\" \/>\n<meta property=\"og:title\" content=\"FAQs - Stainless Steel Pipe and Fittings | KAYSUNS\" \/>\n<meta property=\"og:description\" content=\"1. How to order your product? 2. What\u2019s your payment? 3. What is your delivery time? 4. What\u2019s the delivery term? 5. What&#039;s your product?\" \/>\n<meta property=\"og:url\" content=\"https:\/\/www.kaysuns.com\/es\/servicios\/preguntas-frecuentes\/\" \/>\n<meta property=\"og:site_name\" content=\"Stainless Steel Pipe and Fittings | KAYSUNS\" \/>\n<meta property=\"article:modified_time\" content=\"2024-04-01T09:27:37+00:00\" \/>\n<meta name=\"twitter:card\" content=\"summary_large_image\" \/>\n<script type=\"application\/ld+json\" class=\"yoast-schema-graph\">{\"@context\":\"https:\/\/schema.org\",\"@graph\":[{\"@type\":\"WebPage\",\"@id\":\"https:\/\/www.kaysuns.com\/services\/faqs\/\",\"url\":\"https:\/\/www.kaysuns.com\/services\/faqs\/\",\"name\":\"FAQs - Stainless Steel Pipe and Fittings | KAYSUNS\",\"isPartOf\":{\"@id\":\"https:\/\/www.kaysuns.com\/#website\"},\"datePublished\":\"2011-07-14T19:46:42+00:00\",\"dateModified\":\"2024-04-01T09:27:37+00:00\",\"description\":\"1. How to order your product? 2. What\u2019s your payment? 3. What is your delivery time? 4. What\u2019s the delivery term? 5. What's your product?\",\"breadcrumb\":{\"@id\":\"https:\/\/www.kaysuns.com\/services\/faqs\/#breadcrumb\"},\"inLanguage\":\"es\",\"potentialAction\":[{\"@type\":\"ReadAction\",\"target\":[\"https:\/\/www.kaysuns.com\/services\/faqs\/\"]}]},{\"@type\":\"BreadcrumbList\",\"@id\":\"https:\/\/www.kaysuns.com\/services\/faqs\/#breadcrumb\",\"itemListElement\":[{\"@type\":\"ListItem\",\"position\":1,\"name\":\"Home\",\"item\":\"https:\/\/www.kaysuns.com\/\"},{\"@type\":\"ListItem\",\"position\":2,\"name\":\"Services\",\"item\":\"https:\/\/www.kaysuns.com\/services\/\"},{\"@type\":\"ListItem\",\"position\":3,\"name\":\"FAQs\"}]},{\"@type\":\"WebSite\",\"@id\":\"https:\/\/www.kaysuns.com\/#website\",\"url\":\"https:\/\/www.kaysuns.com\/\",\"name\":\"Stainless Steel Pipe and Fittings | KAYSUNS\",\"description\":\"Stainless Steel Pipe &amp; Fittings Manufacturer and Supplier in China\",\"publisher\":{\"@id\":\"https:\/\/www.kaysuns.com\/#organization\"},\"alternateName\":\"KAYSUNS\",\"potentialAction\":[{\"@type\":\"SearchAction\",\"target\":{\"@type\":\"EntryPoint\",\"urlTemplate\":\"https:\/\/www.kaysuns.com\/?s={search_term_string}\"},\"query-input\":{\"@type\":\"PropertyValueSpecification\",\"valueRequired\":true,\"valueName\":\"search_term_string\"}}],\"inLanguage\":\"es\"},{\"@type\":\"Organization\",\"@id\":\"https:\/\/www.kaysuns.com\/#organization\",\"name\":\"Kaysuns Industry Ltd.\",\"url\":\"https:\/\/www.kaysuns.com\/\",\"logo\":{\"@type\":\"ImageObject\",\"inLanguage\":\"es\",\"@id\":\"https:\/\/www.kaysuns.com\/#\/schema\/logo\/image\/\",\"url\":\"https:\/\/www.kaysuns.com\/wp-content\/uploads\/2019\/12\/cropped-neve-industrial-logo-1.png\",\"contentUrl\":\"https:\/\/www.kaysuns.com\/wp-content\/uploads\/2019\/12\/cropped-neve-industrial-logo-1.png\",\"width\":52,\"height\":59,\"caption\":\"Kaysuns Industry Ltd.\"},\"image\":{\"@id\":\"https:\/\/www.kaysuns.com\/#\/schema\/logo\/image\/\"}}]}<\/script>\n<!-- \/ Yoast SEO plugin. -->","yoast_head_json":{"title":"Preguntas frecuentes - Tubos y accesorios de acero inoxidable | KAYSUNS","description":"1. \u00bfC\u00f3mo pedir su producto? 2. \u00bfCu\u00e1l es su pago? 3. \u00bfCu\u00e1l es su plazo de entrega? 4. \u00bfCu\u00e1l es el plazo de entrega? 5. \u00bfCu\u00e1l es su producto?","robots":{"index":"index","follow":"follow","max-snippet":"max-snippet:-1","max-image-preview":"max-image-preview:large","max-video-preview":"max-video-preview:-1"},"canonical":"https:\/\/www.kaysuns.com\/es\/servicios\/preguntas-frecuentes\/","og_locale":"es_ES","og_type":"article","og_title":"FAQs - Stainless Steel Pipe and Fittings | KAYSUNS","og_description":"1. How to order your product? 2. What\u2019s your payment? 3. What is your delivery time? 4. What\u2019s the delivery term? 5. What's your product?","og_url":"https:\/\/www.kaysuns.com\/es\/servicios\/preguntas-frecuentes\/","og_site_name":"Stainless Steel Pipe and Fittings | KAYSUNS","article_modified_time":"2024-04-01T09:27:37+00:00","twitter_card":"summary_large_image","schema":{"@context":"https:\/\/schema.org","@graph":[{"@type":"WebPage","@id":"https:\/\/www.kaysuns.com\/services\/faqs\/","url":"https:\/\/www.kaysuns.com\/services\/faqs\/","name":"Preguntas frecuentes - Tubos y accesorios de acero inoxidable | KAYSUNS","isPartOf":{"@id":"https:\/\/www.kaysuns.com\/#website"},"datePublished":"2011-07-14T19:46:42+00:00","dateModified":"2024-04-01T09:27:37+00:00","description":"1. \u00bfC\u00f3mo pedir su producto? 2. \u00bfCu\u00e1l es su pago? 3. \u00bfCu\u00e1l es su plazo de entrega? 4. \u00bfCu\u00e1l es el plazo de entrega? 5. \u00bfCu\u00e1l es su producto?","breadcrumb":{"@id":"https:\/\/www.kaysuns.com\/services\/faqs\/#breadcrumb"},"inLanguage":"es","potentialAction":[{"@type":"ReadAction","target":["https:\/\/www.kaysuns.com\/services\/faqs\/"]}]},{"@type":"BreadcrumbList","@id":"https:\/\/www.kaysuns.com\/services\/faqs\/#breadcrumb","itemListElement":[{"@type":"ListItem","position":1,"name":"Home","item":"https:\/\/www.kaysuns.com\/"},{"@type":"ListItem","position":2,"name":"Services","item":"https:\/\/www.kaysuns.com\/services\/"},{"@type":"ListItem","position":3,"name":"FAQs"}]},{"@type":"WebSite","@id":"https:\/\/www.kaysuns.com\/#website","url":"https:\/\/www.kaysuns.com\/","name":"Tubos y accesorios de acero inoxidable | KAYSUNS","description":"Fabricante y proveedor de tubos y accesorios de acero inoxidable en China","publisher":{"@id":"https:\/\/www.kaysuns.com\/#organization"},"alternateName":"KAYSUNS","potentialAction":[{"@type":"SearchAction","target":{"@type":"EntryPoint","urlTemplate":"https:\/\/www.kaysuns.com\/?s={search_term_string}"},"query-input":{"@type":"PropertyValueSpecification","valueRequired":true,"valueName":"search_term_string"}}],"inLanguage":"es"},{"@type":"Organization","@id":"https:\/\/www.kaysuns.com\/#organization","name":"Kaysuns Industry Ltd.","url":"https:\/\/www.kaysuns.com\/","logo":{"@type":"ImageObject","inLanguage":"es","@id":"https:\/\/www.kaysuns.com\/#\/schema\/logo\/image\/","url":"https:\/\/www.kaysuns.com\/wp-content\/uploads\/2019\/12\/cropped-neve-industrial-logo-1.png","contentUrl":"https:\/\/www.kaysuns.com\/wp-content\/uploads\/2019\/12\/cropped-neve-industrial-logo-1.png","width":52,"height":59,"caption":"Kaysuns Industry Ltd."},"image":{"@id":"https:\/\/www.kaysuns.com\/#\/schema\/logo\/image\/"}}]}},"_links":{"self":[{"href":"https:\/\/www.kaysuns.com\/es\/wp-json\/wp\/v2\/pages\/12","targetHints":{"allow":["GET"]}}],"collection":[{"href":"https:\/\/www.kaysuns.com\/es\/wp-json\/wp\/v2\/pages"}],"about":[{"href":"https:\/\/www.kaysuns.com\/es\/wp-json\/wp\/v2\/types\/page"}],"author":[{"embeddable":true,"href":"https:\/\/www.kaysuns.com\/es\/wp-json\/wp\/v2\/users\/1"}],"replies":[{"embeddable":true,"href":"https:\/\/www.kaysuns.com\/es\/wp-json\/wp\/v2\/comments?post=12"}],"version-history":[{"count":5,"href":"https:\/\/www.kaysuns.com\/es\/wp-json\/wp\/v2\/pages\/12\/revisions"}],"predecessor-version":[{"id":53368,"href":"https:\/\/www.kaysuns.com\/es\/wp-json\/wp\/v2\/pages\/12\/revisions\/53368"}],"up":[{"embeddable":true,"href":"https:\/\/www.kaysuns.com\/es\/wp-json\/wp\/v2\/pages\/7"}],"wp:attachment":[{"href":"https:\/\/www.kaysuns.com\/es\/wp-json\/wp\/v2\/media?parent=12"}],"curies":[{"name":"wp","href":"https:\/\/api.w.org\/{rel}","templated":true}]}}